{"id":121,"date":"2024-07-27T11:00:00","date_gmt":"2024-07-27T09:00:00","guid":{"rendered":"http:\/\/www.goldstadt-autoren.de\/?page_id=121"},"modified":"2025-01-06T12:25:31","modified_gmt":"2025-01-06T10:25:31","slug":"kirsten-klein","status":"publish","type":"page","link":"https:\/\/www.goldstadt-autoren.de\/?page_id=121","title":{"rendered":"Kirsten Klein"},"content":{"rendered":"<p><a href=\"https:\/\/www.goldstadt-autoren.de\/wp-content\/uploads\/2024\/07\/Klein_K_GA.jpg\"><img loading=\"lazy\" decoding=\"async\" class=\"alignleft size-full wp-image-3955\" src=\"https:\/\/www.goldstadt-autoren.de\/wp-content\/uploads\/2024\/07\/Klein_K_GA.jpg\" alt=\"\" width=\"100\" height=\"150\" \/><\/a>Kirsten Klein, in Pforzheim geboren und aufgewachsen, erwarb \u00fcber das Abendgymnasium die allgemeine Hochschulreife und war im kauf-m\u00e4nnischen Bereich t\u00e4tig.<br \/>\nB\u00fcchern gilt ihre Liebe, seitdem sie lesen kann. Fr\u00fch zum Fabulieren angeregt, schreibt sie Romane, Erz\u00e4hlungen, Kurzgeschichten und Theaterst\u00fccke. 1989 deb\u00fctierte sie mit dem historischen Roman \u201eDie Pfeile Gottes \u2013 Pforzheim im sp\u00e4ten Mittelalter\u201c.<br \/>\nSie war viele Jahre Jurymitglied beim Vorlesewettbewerb des B\u00f6rsenvereins des deutschen Buchhandels f\u00fcr Sechstkl\u00e4ssler und ist Mitglied im Verband deutscher Schriftsteller (VS).<\/p>\n<h3 style=\"text-align: left;\">Ver\u00f6ffentlichungen:<\/h3>\n<p><strong><em><a href=\"https:\/\/www.goldstadt-autoren.de\/wp-content\/uploads\/2024\/07\/Cover_KK_Euphemia_GA.jpg\"><img loading=\"lazy\" decoding=\"async\" class=\"alignleft size-full wp-image-3961\" src=\"https:\/\/www.goldstadt-autoren.de\/wp-content\/uploads\/2024\/07\/Cover_KK_Euphemia_GA.jpg\" alt=\"\" width=\"140\" height=\"200\" \/><\/a>EUPHEMIA \u2013 CHRONIK EINER K\u00d6NIGSTOCHTER<\/em><\/strong><br \/>\nHistorischer Roman<\/p>\n<p>J. S. Klotz Verlagshaus, Neulingen 2022<br \/>\nISBN 978-3-949763-16-8<br \/>\nTaschenbuch, 392 Seiten, 17,90 EUR<\/p>\n<p><em>Warum stiehlt sich die Novizin Jutta n\u00e4chtens davon? Warum kasteit sich die greise Nonne Gottfrieda \u00fcber Geb\u00fchr? Welche Schuld lastet auf der verhuschten Barbara? Das fragt sich Ursula von Eulenburg, neu im Pforzheimer Dominikanerinnenkloster, um die Buchmeisterin zu unterst\u00fctzen.<br \/>\nAllen gemein ist die Verehrung der heiligen Euphemia. Als Gertrud von K\u00f6ln kam die englische K\u00f6nigstochter Mitte des 14. Jahrhun-derts nach Pforzheim, geflohen vor einer ungewollten Verm\u00e4hlung.<br \/>\nEines Nachts findet Ursula Euphemias Chronik und lernt beim Lesen die K\u00f6nigstochter abseits der \u00dcberlieferung kennen. Ungeheuerliche Wahrheiten f\u00fcgen sich zu einem Mosaik, dessen Tragweite ins aktuelle Klosterleben hineinragt und in eine Katastrophe zu m\u00fcnden droht. Ursula versucht, Schlimmstes zu verhindern &#8230;<\/p>\n<p><\/em><\/p>\n<p><strong><em><a href=\"https:\/\/www.goldstadt-autoren.de\/wp-content\/uploads\/2024\/07\/Cover_KK_Jaspers-Laecheln_GA.jpg\"><img loading=\"lazy\" decoding=\"async\" class=\"alignleft size-full wp-image-3960\" src=\"https:\/\/www.goldstadt-autoren.de\/wp-content\/uploads\/2024\/07\/Cover_KK_Jaspers-Laecheln_GA.jpg\" alt=\"\" width=\"140\" height=\"200\" \/><\/a><\/em><\/strong><\/p>\n<p><strong><em>JASPERS L\u00c4CHELN<\/em><\/strong><br \/>\nHeidelberg-Krimi<\/p>\n<p>J. S. Klotz Verlagshaus, Neulingen 2020<br \/>\nISBN 978-3-948424-61-9<br \/>\nTaschenbuch, 256 Seiten, 15,00 EUR<\/p>\n<p><em>Wenn Jasper l\u00e4chelt, haben andere nichts zu lachen. Lizzy ist unter ihm aufgewachsen, im \u201eErdschloss\u201c. Sie kennt ihn nur l\u00e4chelnd. Als es ihr im \u201eErdschloss\u201c zu eng wird und ihre Sehnsucht nach Freiheit zu gro\u00df, flieht sie.<br \/>\nWenig sp\u00e4ter raufen sich im Heidelberger Stadtwald Hunde um einen Knochen. Hauptkommissarin Fiona Freimuth stellt ihn sicher und identifiziert ihn als menschliches Wadenbein. Wo ist das \u00fcbrige Skelett, und wem geh\u00f6rte es? Gibt es eine Verbindung zu ihrer eigenen schmerzlichen Vergangenheit?<br \/>\nUnterdessen irrt Lizzy durch Heidelberg und schlie\u00dft sich dem Studenten Paul an. Doch Jasper \u00fcberwacht sie und l\u00e4chelt &#8230;<\/em><\/p>\n<p><strong><em><a href=\"https:\/\/www.goldstadt-autoren.de\/wp-content\/uploads\/2024\/07\/Cover_KK_Marder-ahoi_GA.jpg\"><img loading=\"lazy\" decoding=\"async\" class=\"alignleft size-full wp-image-3958\" src=\"https:\/\/www.goldstadt-autoren.de\/wp-content\/uploads\/2024\/07\/Cover_KK_Marder-ahoi_GA.jpg\" alt=\"\" width=\"130\" height=\"200\" \/><\/a>MARDER AHOI! \u2013 EINE M\u00d6RDERISCHE KREUZFAHRT<\/em><\/strong><br \/>\nTierkrimikom\u00f6die, Band 1<\/p>\n<p>Verlag epubli GmbH, Berlin 2015<br \/>\nISBN 978-3-7375-2709-5<br \/>\nTaschenbuch, 331 Seiten, 11,90 EUR<\/p>\n<p><em>Steinmarder Mistie ger\u00e4t durch \u201eseinen Benz\u201c auf einen Luxusliner. An Bord befreundet er sich mit Schiffskater Captain Nemo und Chihuahua-H\u00fcndin Lady. Deren steinreiches Frauchen Sophia soll w\u00e4hrend der Reise \u00fcber Bord gehen. So jedenfalls planen es ihr frisch angetrauter Gatte Anton und seine Komplizin, die Schiffskellnerin Eva.<br \/>\nDoch das tierische Trio m\u00f6chte ihnen einen Strich durch die Rechnung machen. Captain Nemo kann zwar verhindern, dass Sophia einen Kaffee mit \u201eSchuss\u201c trinkt, aber dann belauscht Mistie als lebender Pelzkragen um Evas Hals die n\u00e4chsten Mordpl\u00e4ne. Die schlie\u00dfen auch den sympathischen jungen Tierarzt Sammy mit ein, der ein Auge auf Sophia geworfen hat und viel besser zu ihr passt. Die beiden wissen es nur noch nicht, denn Menschen k\u00f6nnen ja sooo begriffsstutzig sein!<br \/>\nUngl\u00fccklicherweise muss Mistie niesen, bevor er wichtige Details erf\u00e4hrt, und die Situation spitzt sich dramatisch zu. Wird es ihm und seinen Freunden trotzdem gelingen, Sophia zu retten?<\/em><\/p>\n<p style=\"text-align: left;\"><strong><em><a href=\"https:\/\/www.goldstadt-autoren.de\/wp-content\/uploads\/2024\/07\/Cover_KK_Marder_Eine-feine-Gesellschaft_GA.jpg\"><img loading=\"lazy\" decoding=\"async\" class=\"alignleft size-full wp-image-3957\" src=\"https:\/\/www.goldstadt-autoren.de\/wp-content\/uploads\/2024\/07\/Cover_KK_Marder_Eine-feine-Gesellschaft_GA.jpg\" alt=\"\" width=\"130\" height=\"200\" \/><\/a>EINE FEINE GESELLSCHAFT \u2013 MARDER MISTIES ZWEITER FALL<\/em><\/strong><br \/>\nTierkrimikom\u00f6die, Band 2<\/p>\n<p>Verlag epubli GmbH, Berlin 2016<br \/>\nISBN 978-3-7375-2710-1<br \/>\nTaschenbuch, 321 Seiten, 11,90 EUR<\/p>\n<p><em>Dank Steinmarder Mistie, Chihuahua-H\u00fcndin Lady und Schiffskater Captain Nemo konnte Antons Plan, seine steinreiche Gattin Sophia w\u00e4hrend einer Kreuzfahrt zu ermorden, vereitelt werden. Nun wohnt Mistie bei Lady, Sophia und deren neuem Freund, dem Tierarzt Sammy. Der hat in Sophias Villa, die im Stil eines Barock-schl\u00f6sschens erbaut ist, eine Praxis eingerichtet.<br \/>\nAn einem Sommertag erscheint dort die geheimnisvolle Charlotte mit ihrem Hund. Steckt sie etwa mit Anton und seinem Knastbruder unter einer Decke und will die Villa ausspionieren? Die beiden sind n\u00e4mlich aus der Haft ausgebrochen und planen einen \u00dcberfall, gemeinsam mit einem weiteren Ganoven. Weil Sammy einem Notruf von Charlotte folgt, sind die Tiere auf sich allein gestellt. So werden, als die Bande anr\u00fcckt, an jenem schicksalstr\u00e4chtigen Tag wohl nur die B\u00e4ume rings um das abgelegene Anwesen Zeugen des Geschehens. Anton hat Sophia bittere Rache geschworen.<br \/>\nMit viel Spa\u00df und Spannung wollen Mistie und seine Freunde sie davor bewahren.<\/em><\/p>\n<p><strong><em><a href=\"https:\/\/www.goldstadt-autoren.de\/wp-content\/uploads\/2024\/07\/Cover_KK_Marder-Alarm_GA.jpg\"><img loading=\"lazy\" decoding=\"async\" class=\"alignleft size-full wp-image-3959\" src=\"https:\/\/www.goldstadt-autoren.de\/wp-content\/uploads\/2024\/07\/Cover_KK_Marder-Alarm_GA.jpg\" alt=\"\" width=\"130\" height=\"200\" \/><\/a>MARDER ALARM! \u2013 EIN M\u00d6RDERISCHER SOMMER<\/em><\/strong><br \/>\nTierkrimikom\u00f6die, Band 3<\/p>\n<p>Verlag epubli GmbH, Berlin 2018<br \/>\nISBN 978-3-7467-7195-3<br \/>\nTaschenbuch, 318 Seiten, 11,99 EUR<\/p>\n<p><em>Nach seinem zweiten Mordversuch an Sophia sitzt Anton wieder hinter Schloss und Riegel. Er schmeichelt sich bei der Gef\u00e4ngnispsychologin ein und gaukelt ihr L\u00e4uterung vor. Auf ihren Rat kn\u00fcpft er einen Briefkontakt zu einer ehrenamtlichen Mitarbeiterin, missbraucht sie jedoch als Werkzeug, um seinen Rachedurst zu stillen. Derweil gr\u00fcndet Sophia mit ihrem Lebensgef\u00e4hrten Sammy und Freunden im Hamburger Lokal \u201eHammerhai\u201c einen Verein f\u00fcr Tiernotrettung. \u00dcberraschend steigt Sammys Exkommilitonin Anja mit ein. Marder Mistie und die anderen Vierbeiner wittern, dass die beiden mehr f\u00fcreinander werden k\u00f6nnten als nur gute Kumpel. Dann taucht auch noch eine Frau auf und befreundet sich mit Sophia. Kann man ihr trauen?<br \/>\nW\u00e4hrend im \u201eHammerhai\u201c eine \u00dcberraschungsparty f\u00fcr Sophias Geburtstag vorbereitet wird, schlagen die Tiere Alarm. Denn Anton ist bei einem Freigang abgehauen. Sein lang gen\u00e4hrter Hass auf Sophia macht ihn gef\u00e4hrlicher denn je. Werden Mistie und seine tierischen Freunde sie ein weiteres Mal vor ihm retten k\u00f6nnen?<br \/>\n<\/em><\/p>\n<p style=\"text-align: left;\"><strong><em><a href=\"https:\/\/www.goldstadt-autoren.de\/wp-content\/uploads\/2024\/07\/Cover_KK_Tochter-von-Frankreich_GA.jpg\"><img loading=\"lazy\" decoding=\"async\" class=\"alignleft size-full wp-image-3956\" src=\"https:\/\/www.goldstadt-autoren.de\/wp-content\/uploads\/2024\/07\/Cover_KK_Tochter-von-Frankreich_GA.jpg\" alt=\"\" width=\"133\" height=\"200\" \/><\/a>TOCHTER VON FRANKREICH \u2013 DAS GEHEIMNIS DER DUNKELGR\u00c4FIN<\/em><\/strong><br \/>\nHistorischer Roman<\/p>\n<p>Verlag epubli GmbH, Berlin 2016<br \/>\nISBN 978-3-7418-3838-5<br \/>\nTaschenbuch, 422 Seiten, 13,90 EUR<\/p>\n<p><em>Wohlbeh\u00fctet und fernab der N\u00f6te ihres Volkes, verbringt Marie Th\u00e9r\u00e8se Charlotte de Bourbon, die \u00e4lteste Tochter Marie Antoinettes, ihre Kindheit. Nach dem Verlust ihrer Familie und \u00fcber einem Jahr in Einzelhaft, soll die mittlerweile Siebzehnj\u00e4hrige im Austausch gegen franz\u00f6sische Gefangene nach Wien gebracht werden. Aber dort kommt sie niemals an, denn das Schicksal hat anderes mit ihr vor. Bei ihrer Flucht verliert sie in gro\u00dfer Panik ihr Ged\u00e4chtnis und begegnet dem Dorfschullehrer Marcel. Er kennt sie zwar seit Kindertagen, verschweigt dies aber und nimmt sich ihrer an. Gemeinsam meistern sie fortan ihr Leben, dabei lernt \u201eSophie\u201c die N\u00f6te ihres Volkes kennen.<br \/>\nDer Roman schildert den Lebensweg von Frankreichs letzter Prinzessin, wie er auch h\u00e4tte verlaufen k\u00f6nnen \u2013 als Geschichte eines au\u00dfergew\u00f6hnlichen Lebens und einer nicht minder au\u00dfergew\u00f6hnlichen Liebe zur Zeit der franz\u00f6sischen Revolution.<\/em><em><br \/>\n<\/em><\/p>\n<h3>Weitere Ver\u00f6ffentlichungen:<\/h3>\n<p><strong>Romane:<br \/>\n<\/strong><strong><em>TEUFELSBRUT \u2013 DIE KINDERHEXEN VON B\u00c4RENBR\u00dcCK,<\/em><\/strong> Historischer Roman, Verlag epubli GmbH, Berlin 2014, ISBN 978-3-7375-2336-3.<br \/>\n<strong><em>DIE PFEILE GOTTES \u2013 PFORZHEIM IM SP\u00c4TEN MITTELALTER, <\/em><\/strong>Historischer Roman, Stieglitz Verlag, M\u00fchlacker 1998, ISBN-10 3-7987-0341-8 (nur noch \u00fcber die Autorin erh\u00e4ltlich).<br \/>\n<strong><em>GL\u00dcCKSKATZEN<\/em>,<\/strong> Katzenkrimi, Buchvertrieb Blank GmbH, Vierkirchen 2017, von dotbooks genehmigte Lizenzausgabe, ISBN 978-3-946012-34-4 (vergriffen).<br \/>\n<strong><br \/>\nAnthologiebeitr\u00e4ge:<br \/>\n<\/strong>Kurzkrimi <strong><em>Handarbeit<\/em><\/strong> in: \u201eMordsTiere\u201c (Anthologie), Hrsg. Anita Rosenholz, Lauinger Verlag, Karlsruhe 2022, ISBN 978-3-7650-0018-8.<br \/>\nKurzkrimi <strong><em>Notenkrieg<\/em><\/strong> in: \u201eMordsklasse\u201c (Anthologie), Hrsg. Greta Wallenhorst, Lauinger Verlag, Karlsruhe 2016, ISBN 978-3-9426-3752-7.<\/p>\n<p><strong>Eigener Sammelband:<br \/>\n<em>MONDLICHTZAUBER \u2013 GESCHICHTEN UM MITTERNACHT<\/em>,<\/strong> Friedhofserz\u00e4hlungen, BoD (Books on Demand), gef\u00f6rdert von Riecker&#8217;s Buchhandlung, Pforzheim 2003, ISBN-10 3-8334-0390-3 (vergriffen).<\/p>\n<h3><strong>Mehr Informationen:<\/strong><\/h3>\n<p>E-Mail: KirstenKlein7@gmail.com<br \/>\nInternet: <a href=\"https:\/\/www.kirsten-klein.de\" target=\"_blank\" rel=\"noopener\">https:\/\/www.kirsten-klein.de<\/a><\/p>\n","protected":false},"excerpt":{"rendered":"<p>Kirsten Klein, in Pforzheim geboren und aufgewachsen, erwarb \u00fcber das Abendgymnasium die allgemeine Hochschulreife und war im kauf-m\u00e4nnischen Bereich t\u00e4tig. B\u00fcchern gilt ihre Liebe, seitdem sie lesen kann. Fr\u00fch zum Fabulieren angeregt, schreibt sie Romane, Erz\u00e4hlungen, Kurzgeschichten und Theaterst\u00fccke. 1989 deb\u00fctierte sie mit dem historischen Roman \u201eDie Pfeile Gottes \u2013 Pforzheim im sp\u00e4ten Mittelalter\u201c. Sie &hellip; <a href=\"https:\/\/www.goldstadt-autoren.de\/?page_id=121\" class=\"more-link\"><span class=\"screen-reader-text\">Kirsten Klein<\/span> weiterlesen <span class=\"meta-nav\">&rarr;<\/span><\/a><\/p>\n","protected":false},"author":2,"featured_media":0,"parent":26,"menu_order":28,"comment_status":"closed","ping_status":"closed","template":"","meta":{"footnotes":""},"class_list":["post-121","page","type-page","status-publish","hentry"],"_links":{"self":[{"href":"https:\/\/www.goldstadt-autoren.de\/index.php?rest_route=\/wp\/v2\/pages\/121"}],"collection":[{"href":"https:\/\/www.goldstadt-autoren.de\/index.php?rest_route=\/wp\/v2\/pages"}],"about":[{"href":"https:\/\/www.goldstadt-autoren.de\/index.php?rest_route=\/wp\/v2\/types\/page"}],"author":[{"embeddable":true,"href":"https:\/\/www.goldstadt-autoren.de\/index.php?rest_route=\/wp\/v2\/users\/2"}],"replies":[{"embeddable":true,"href":"https:\/\/www.goldstadt-autoren.de\/index.php?rest_route=%2Fwp%2Fv2%2Fcomments&post=121"}],"version-history":[{"count":62,"href":"https:\/\/www.goldstadt-autoren.de\/index.php?rest_route=\/wp\/v2\/pages\/121\/revisions"}],"predecessor-version":[{"id":4065,"href":"https:\/\/www.goldstadt-autoren.de\/index.php?rest_route=\/wp\/v2\/pages\/121\/revisions\/4065"}],"up":[{"embeddable":true,"href":"https:\/\/www.goldstadt-autoren.de\/index.php?rest_route=\/wp\/v2\/pages\/26"}],"wp:attachment":[{"href":"https:\/\/www.goldstadt-autoren.de\/index.php?rest_route=%2Fwp%2Fv2%2Fmedia&parent=121"}],"curies":[{"name":"wp","href":"https:\/\/api.w.org\/{rel}","templated":true}]}}