{"id":132,"date":"2025-01-06T11:36:00","date_gmt":"2025-01-06T09:36:00","guid":{"rendered":"http:\/\/www.goldstadt-autoren.de\/?page_id=132"},"modified":"2026-03-03T11:44:44","modified_gmt":"2026-03-03T09:44:44","slug":"gerd-kaucher","status":"publish","type":"page","link":"https:\/\/www.goldstadt-autoren.de\/?page_id=132","title":{"rendered":"Gerd Kaucher"},"content":{"rendered":"<p><a href=\"https:\/\/www.goldstadt-autoren.de\/wp-content\/uploads\/2025\/01\/Kaucher-Gerd_GA.jpg\"><img loading=\"lazy\" decoding=\"async\" class=\"alignleft size-full wp-image-4176\" src=\"https:\/\/www.goldstadt-autoren.de\/wp-content\/uploads\/2025\/01\/Kaucher-Gerd_GA.jpg\" alt=\"\" width=\"100\" height=\"150\" \/><\/a>Gerd Kaucher, geboren 1962, ist B\u00e4ckermeister und Konditormeister. Am 1. April 1980 \u00fcbernahm er den elterlichen B\u00e4ckereibetrieb, den er auf 10 Filialen mit 75 Mitarbeitern erweiterte. Nach exakt 20 Jahren, am 1. April 2000, verpachtete er den Betrieb und wechselte in den Au\u00dfendienst, um Backmittel und Hefe zu verkaufen. Nach weiteren vier Jahren wagte er den Schritt in die Selbstst\u00e4ndigkeit als Immobilienmakler. Im April 2024 heiratete er nach 30 Jahren \u201ewilder Ehe\u201c seinen Partner.<br \/>\nIm selben Jahr beschloss er, einen Teil seiner vielen Geschichten, die er im Lauf der Zeit geschrieben hat, zu ver\u00f6ffentlichen.<\/p>\n<p>&nbsp;<\/p>\n<h3 style=\"text-align: left;\">Ver\u00f6ffentlichungen:<\/h3>\n<p><em><strong><a href=\"https:\/\/www.goldstadt-autoren.de\/wp-content\/uploads\/2026\/03\/Cover_GK_Salzweck6_GA.jpg\"><img loading=\"lazy\" decoding=\"async\" class=\"alignleft size-full wp-image-4518\" src=\"https:\/\/www.goldstadt-autoren.de\/wp-content\/uploads\/2026\/03\/Cover_GK_Salzweck6_GA.jpg\" alt=\"\" width=\"125\" height=\"200\" \/><\/a>SALZWECK 6.0<\/strong><\/em><br \/>\nVon Chaos, Irrt\u00fcmern und anderen Gl\u00fccksf\u00e4llen aus dem Schwobenl\u00e4ndle<\/p>\n<p>BoD \u2013 Books on Demand, Hamburg 2026<br \/>\nISBN 978-3-6957-1034-8<br \/>\nTaschenbuch, 214 Seiten, 11,99 EUR; auch als E-Book<\/p>\n<p><em>Lustige, pointierte Geschichten aus dem Schwabenl\u00e4ndle \u00fcber Missverst\u00e4ndnisse sowie Charakterk\u00f6pfe mit Ecken und Kanten und doch mit dem Herz am rechten Fleck. Direkt, ehrlich und mit einem Augenzwinkern. F\u00fcr Schwaben, Nicht-Schwaben und alle, die gerne lachen. Mit einem Vorwort von Dr. Margarete Schweizerhof.<\/em><\/p>\n<p><em><strong><a href=\"https:\/\/www.goldstadt-autoren.de\/wp-content\/uploads\/2025\/09\/Cover_GK_Salzweck5.0_GA.jpg\"><img loading=\"lazy\" decoding=\"async\" class=\"alignleft size-full wp-image-4363\" src=\"https:\/\/www.goldstadt-autoren.de\/wp-content\/uploads\/2025\/09\/Cover_GK_Salzweck5.0_GA.jpg\" alt=\"\" width=\"126\" height=\"200\" \/><\/a>SALZWECK 5.0<\/strong><\/em><br \/>\nVon Salzweck bis Zuckerbrot | 27 heitere Schwaben-Geschichten<\/p>\n<p>BoD \u2013 Books on Demand, Hamburg 2025<br \/>\nISBN 978-3-6951-7687-8<br \/>\nTaschenbuch, 224 Seiten, 10,99 EUR; auch als E-Book<\/p>\n<p><em>Humorvoll, frech und teils mit Tiefgang: 27 Geschichten aus dem Schwobel\u00e4ndle \u00fcber skurrile, peinliche und eigensinnige Schofseggl, Grasdackel und andere Menschen im t\u00e4glichen Mit- und Gegeneinander, vom vorletzten Jahrhundert bis heute.<\/em><\/p>\n<p><em><strong><a href=\"https:\/\/www.goldstadt-autoren.de\/wp-content\/uploads\/2025\/07\/Cover_GK_Salzweck4.0_GA.jpg\"><img loading=\"lazy\" decoding=\"async\" class=\"alignleft size-full wp-image-4297\" src=\"https:\/\/www.goldstadt-autoren.de\/wp-content\/uploads\/2025\/07\/Cover_GK_Salzweck4.0_GA.jpg\" alt=\"\" width=\"126\" height=\"200\" \/><\/a>SALZWECK 4.0<\/strong><\/em><br \/>\nSalzig, s\u00fc\u00df oder scharf | Kurzgeschichten<\/p>\n<p>BoD \u2013 Books on Demand, Hamburg 2025<br \/>\nISBN 978-3-8192-3077-6<br \/>\nTaschenbuch, 196 Seiten, 10,99 EUR; auch als E-Book<\/p>\n<p><em>25 Kurzgeschichten aus der Schwulenwelt \u00fcber Tr\u00e4ume und Lust, Liebe und Frust. Schonungslos, \u00fcberm\u00fctig und geil, aber auch einf\u00fchlsam und verletzlich, von nackten Wahrheiten und L\u00fcgen bis bizarrer oder fesselnder Erotik.<\/em><\/p>\n<p><strong><em><a href=\"https:\/\/www.goldstadt-autoren.de\/wp-content\/uploads\/2025\/03\/Cover_GK_Salzweck3.0_GA.jpg\"><img loading=\"lazy\" decoding=\"async\" class=\"alignleft size-full wp-image-4230\" src=\"https:\/\/www.goldstadt-autoren.de\/wp-content\/uploads\/2025\/03\/Cover_GK_Salzweck3.0_GA.jpg\" alt=\"\" width=\"126\" height=\"200\" \/><\/a>SALZWECK 3.0<br \/>\n<\/em><\/strong>Von Salzweck bis Zuckerbrot &#8211; heitere und bewegende Geschichten<\/p>\n<p>BoD \u2013 Books on Demand, Norderstedt 2025<br \/>\nISBN 978-3-8423-6825-5<br \/>\nTaschenbuch, 216 Seiten, 10,99 EUR: auch als E-Book<br \/>\n<em><br \/>\nHoffnungen, Sehns\u00fcchte, Gef\u00fchle, Widrigkeiten: von lustig \u00fcber skurril bis ernst &#8211; und wieder zur\u00fcck.<br \/>\n31 Kurzgeschichten meist aus dem Schwobel\u00e4ndle \u00fcber peinliche, typische und eigensinnige Menschen und manchmal auch Tiere, vor denen kaum ein Fettn\u00e4pfchen sicher ist.<\/em><\/p>\n<p><strong><em><a href=\"https:\/\/www.goldstadt-autoren.de\/wp-content\/uploads\/2025\/01\/Cover_GK_Salzweck_GA.png\"><img loading=\"lazy\" decoding=\"async\" class=\"alignleft size-full wp-image-4177\" src=\"https:\/\/www.goldstadt-autoren.de\/wp-content\/uploads\/2025\/01\/Cover_GK_Salzweck_GA.png\" alt=\"\" width=\"125\" height=\"200\" \/><\/a>SALZWECK 2.0<br \/>\n<\/em><\/strong>Mit und ohne Salz \u2013 schwule und coole Geschichten<\/p>\n<p>BoD \u2013 Books on Demand, Norderstedt 2024<br \/>\nISBN 978-3-7693-1046-7<br \/>\nTaschenbuch, 166 Seiten, 9,99 EUR; auch als E-Book<\/p>\n<p><em>Heiteres und Tragisches. Anz\u00fcgliches und Peinliches.<br \/>\nS\u00fcffisant und provokant. Ein bisschen frivol und manchmal sehr direkt.<br \/>\n31 Kurzgeschichten aus der Schwulenwelt \u00fcber Liebe, Hoffnung und Sehns\u00fcchte.<\/em><\/p>\n<p>&nbsp;<\/p>\n<h3>Mehr Informationen:<\/h3>\n<p>E-Mail: gerd-kaucher@t-online.de<\/p>\n","protected":false},"excerpt":{"rendered":"<p>Gerd Kaucher, geboren 1962, ist B\u00e4ckermeister und Konditormeister. Am 1. April 1980 \u00fcbernahm er den elterlichen B\u00e4ckereibetrieb, den er auf 10 Filialen mit 75 Mitarbeitern erweiterte. Nach exakt 20 Jahren, am 1. April 2000, verpachtete er den Betrieb und wechselte in den Au\u00dfendienst, um Backmittel und Hefe zu verkaufen. Nach weiteren vier Jahren wagte er &hellip; <a href=\"https:\/\/www.goldstadt-autoren.de\/?page_id=132\" class=\"more-link\"><span class=\"screen-reader-text\">Gerd Kaucher<\/span> weiterlesen <span class=\"meta-nav\">&rarr;<\/span><\/a><\/p>\n","protected":false},"author":2,"featured_media":0,"parent":26,"menu_order":27,"comment_status":"closed","ping_status":"closed","template":"","meta":{"footnotes":""},"class_list":["post-132","page","type-page","status-publish","hentry"],"_links":{"self":[{"href":"https:\/\/www.goldstadt-autoren.de\/index.php?rest_route=\/wp\/v2\/pages\/132"}],"collection":[{"href":"https:\/\/www.goldstadt-autoren.de\/index.php?rest_route=\/wp\/v2\/pages"}],"about":[{"href":"https:\/\/www.goldstadt-autoren.de\/index.php?rest_route=\/wp\/v2\/types\/page"}],"author":[{"embeddable":true,"href":"https:\/\/www.goldstadt-autoren.de\/index.php?rest_route=\/wp\/v2\/users\/2"}],"replies":[{"embeddable":true,"href":"https:\/\/www.goldstadt-autoren.de\/index.php?rest_route=%2Fwp%2Fv2%2Fcomments&post=132"}],"version-history":[{"count":64,"href":"https:\/\/www.goldstadt-autoren.de\/index.php?rest_route=\/wp\/v2\/pages\/132\/revisions"}],"predecessor-version":[{"id":4523,"href":"https:\/\/www.goldstadt-autoren.de\/index.php?rest_route=\/wp\/v2\/pages\/132\/revisions\/4523"}],"up":[{"embeddable":true,"href":"https:\/\/www.goldstadt-autoren.de\/index.php?rest_route=\/wp\/v2\/pages\/26"}],"wp:attachment":[{"href":"https:\/\/www.goldstadt-autoren.de\/index.php?rest_route=%2Fwp%2Fv2%2Fmedia&parent=132"}],"curies":[{"name":"wp","href":"https:\/\/api.w.org\/{rel}","templated":true}]}}