{"id":1368,"date":"2017-05-24T19:14:53","date_gmt":"2017-05-24T17:14:53","guid":{"rendered":"http:\/\/www.goldstadt-autoren.de\/?page_id=1368"},"modified":"2024-09-08T14:59:38","modified_gmt":"2024-09-08T12:59:38","slug":"anna-lena-lucke","status":"publish","type":"page","link":"https:\/\/www.goldstadt-autoren.de\/?page_id=1368","title":{"rendered":"Anna-Lena Lucke"},"content":{"rendered":"<p><a href=\"https:\/\/www.goldstadt-autoren.de\/wp-content\/uploads\/2017\/05\/Lucke_Anna-Lena_GA.jpg\"><img loading=\"lazy\" decoding=\"async\" class=\"alignleft wp-image-1393 size-full\" src=\"https:\/\/www.goldstadt-autoren.de\/wp-content\/uploads\/2017\/05\/Lucke_Anna-Lena_GA.jpg\" alt=\"Lucke_Anna-Lena_GA\" width=\"100\" height=\"150\" \/><\/a>Geboren wurde sie 1996 in Pforzheim. Heute noch lebt sie mit ihrer Familie im Enzkreis.<br \/>\nIhre Liebe zu B\u00fcchern und besonders zum Schreiben entdeckte sie schon fr\u00fch. Bereits mit sechs dachte sie sich eigene Geschichten aus, und mit dreizehn begann sie, ihr erstes Buchmanuskript zu schreiben. Welches nach viel Schwei\u00df und Verzweiflung schlie\u00dflich fertig wurde und im Fantasy-Genre angesiedelt ist.<br \/>\nIhr momentanes Ziel ist die Ver\u00f6ffentlichung ihres ersten Buches, woran sie flei\u00dfig arbeitet. Au\u00dferdem hat sie begonnen, an ihrem dritten Buchmanuskript zu schreiben.<\/p>\n<h3>Ver\u00f6ffentlichungen:<\/h3>\n<p><strong><em><a href=\"https:\/\/www.goldstadt-autoren.de\/wp-content\/uploads\/2024\/01\/Anthologie_Cover_VBZB_GA.jpg\"><img loading=\"lazy\" decoding=\"async\" class=\"alignleft size-full wp-image-3774\" src=\"https:\/\/www.goldstadt-autoren.de\/wp-content\/uploads\/2024\/01\/Anthologie_Cover_VBZB_GA.jpg\" alt=\"\" width=\"127\" height=\"200\" \/><\/a>Das Monster der Arkbr\u00fccke<\/em><\/strong><br \/>\nFantasy-Kurzgeschichte mit Handlungsort Arkbr\u00fccke<br \/>\nin: VON BR\u00dcCKE ZU BR\u00dcCKE (Anthologie)<\/p>\n<p>Hrsg. Goldstadt-Autoren e. V.<br \/>\nBoD \u2013 Books on Demand, Norderstedt 2024<br \/>\nISBN 978-3-7578-8671-4<br \/>\nTaschenbuch, 272 Seiten, 13,50 EUR; 8,99 EUR als E-Book<\/p>\n<p><strong><em>Auf, unter und neben den Br\u00fccken Pforzheims<br \/>\n<\/em><\/strong><em>Br\u00fccken verbinden Menschen, sind Orte von Erinnerungen, dienen als Verstecke oder werden zu Tatorten. Die Goldstadt Pforzheim nennt mehr als f\u00fcnfzig Fluss-, Stra\u00dfen- und Bahngleis\u00fcberquerungen ihr Eigen.<br \/>\nZweiundzwanzig dieser Br\u00fccken und Stege dienen als Inspiration f\u00fcr humorige bis nachdenkliche, fantastische bis lebensnahe Geschichten und Gedichte. Mit ihnen feiern die Mitglieder des Goldstadt-Autoren e.\u00a0V. das <strong>10-j\u00e4hrige Vereinsbestehen <\/strong>und ihre Verbundenheit mit der Stadt, die auch als \u201ePforte zum Schwarzwald\u201c bezeichnet wird.<\/p>\n<p><\/em><\/p>\n<p style=\"text-align: left;\"><strong><em><a href=\"https:\/\/www.goldstadt-autoren.de\/wp-content\/uploads\/2019\/01\/Cover_INDS_kl.jpg\"><img loading=\"lazy\" decoding=\"async\" class=\"alignleft size-full wp-image-2099\" src=\"https:\/\/www.goldstadt-autoren.de\/wp-content\/uploads\/2019\/01\/Cover_INDS_kl.jpg\" alt=\"\" width=\"127\" height=\"200\" \/><\/a>Zeitsprung<br \/>\n<\/em><\/strong>Phantastische Kurzgeschichte in: IM NORDEN DES S\u00dcDENS (Anthologie)<\/p>\n<p>Hrsg. Goldstadt-Autoren e. V.<br \/>\nBoD \u2013 Books on Demand, Norderstedt 2019<br \/>\nISBN 978-3-7481-4134-1<br \/>\nTaschenbuch, 192 Seiten, 8,00 EUR; auch als E-Book<\/p>\n<p><em><strong>M\u00e4rchen, Mord und mehr aus Pforzheim und Umgebung<\/strong><br \/>\n<\/em><em>Zum f\u00fcnfj\u00e4hrigen Vereinsjubil\u00e4um setzen sich 17 Autorinnen und Autoren mit der Region auseinander, in der sie leben. In spannenden, bissigen, tiefgr\u00fcndigen oder humorvollen Geschichten und Gedichten gibt es f\u00fcr Alteingesessene und Reingeschmeckte gleicherma\u00dfen viel zu entdecken.<\/p>\n<p><\/em><\/p>\n<h3>Mehr Informationen:<\/h3>\n<p>E-Mail: post@goldstadt-autoren.de<br \/>\n(wird an die Autorin weitergeleitet)<\/p>\n","protected":false},"excerpt":{"rendered":"<p>Geboren wurde sie 1996 in Pforzheim. Heute noch lebt sie mit ihrer Familie im Enzkreis. Ihre Liebe zu B\u00fcchern und besonders zum Schreiben entdeckte sie schon fr\u00fch. Bereits mit sechs dachte sie sich eigene Geschichten aus, und mit dreizehn begann sie, ihr erstes Buchmanuskript zu schreiben. Welches nach viel Schwei\u00df und Verzweiflung schlie\u00dflich fertig wurde &hellip; <a href=\"https:\/\/www.goldstadt-autoren.de\/?page_id=1368\" class=\"more-link\"><span class=\"screen-reader-text\">Anna-Lena Lucke<\/span> weiterlesen <span class=\"meta-nav\">&rarr;<\/span><\/a><\/p>\n","protected":false},"author":2,"featured_media":0,"parent":26,"menu_order":37,"comment_status":"closed","ping_status":"closed","template":"","meta":{"footnotes":""},"class_list":["post-1368","page","type-page","status-publish","hentry"],"_links":{"self":[{"href":"https:\/\/www.goldstadt-autoren.de\/index.php?rest_route=\/wp\/v2\/pages\/1368"}],"collection":[{"href":"https:\/\/www.goldstadt-autoren.de\/index.php?rest_route=\/wp\/v2\/pages"}],"about":[{"href":"https:\/\/www.goldstadt-autoren.de\/index.php?rest_route=\/wp\/v2\/types\/page"}],"author":[{"embeddable":true,"href":"https:\/\/www.goldstadt-autoren.de\/index.php?rest_route=\/wp\/v2\/users\/2"}],"replies":[{"embeddable":true,"href":"https:\/\/www.goldstadt-autoren.de\/index.php?rest_route=%2Fwp%2Fv2%2Fcomments&post=1368"}],"version-history":[{"count":9,"href":"https:\/\/www.goldstadt-autoren.de\/index.php?rest_route=\/wp\/v2\/pages\/1368\/revisions"}],"predecessor-version":[{"id":4073,"href":"https:\/\/www.goldstadt-autoren.de\/index.php?rest_route=\/wp\/v2\/pages\/1368\/revisions\/4073"}],"up":[{"embeddable":true,"href":"https:\/\/www.goldstadt-autoren.de\/index.php?rest_route=\/wp\/v2\/pages\/26"}],"wp:attachment":[{"href":"https:\/\/www.goldstadt-autoren.de\/index.php?rest_route=%2Fwp%2Fv2%2Fmedia&parent=1368"}],"curies":[{"name":"wp","href":"https:\/\/api.w.org\/{rel}","templated":true}]}}