{"id":1518,"date":"2023-05-31T10:22:00","date_gmt":"2023-05-31T08:22:00","guid":{"rendered":"http:\/\/www.goldstadt-autoren.de\/?page_id=1518"},"modified":"2025-12-01T14:19:05","modified_gmt":"2025-12-01T12:19:05","slug":"anja-schmidt","status":"publish","type":"page","link":"https:\/\/www.goldstadt-autoren.de\/?page_id=1518","title":{"rendered":"Manuela Kusterer"},"content":{"rendered":"<p><a href=\"https:\/\/www.goldstadt-autoren.de\/wp-content\/uploads\/2023\/05\/Kusterer-Manuela_GA.jpg\"><img loading=\"lazy\" decoding=\"async\" class=\"alignleft wp-image-3440 size-full\" src=\"https:\/\/www.goldstadt-autoren.de\/wp-content\/uploads\/2023\/05\/Kusterer-Manuela_GA.jpg\" alt=\"\" width=\"128\" height=\"150\" \/><\/a>In Pforzheim geboren, Jahrgang 1964, lebt sie heute mit ihrem Mann in der N\u00e4he von Karlsruhe. Sie hat zwei erwachsene S\u00f6hne.<br \/>\nEin Buch zu schreiben war schon immer ihr Wunsch. Da sie durch eine chronische Erkrankung nicht mehr am Berufsleben teilnehmen konnte, erf\u00fcllte sich die Autorin 2016 ihren Traum und ver\u00f6ffentlichte im Self-Publishing den ersten Regionalkrimi einer vierteiligen Schwarzwaldserie.<br \/>\nWenn sie nicht gerade schreibt, besch\u00e4ftigt sie sich mit ihrem Hund, malt Aquarelle und lernt Fremdsprachen.<\/p>\n<h3>Ver\u00f6ffentlichungen:<\/h3>\n<p><strong><em><a href=\"https:\/\/www.goldstadt-autoren.de\/wp-content\/uploads\/2025\/05\/Cover_MK_MoerderischeBeziehungen_GA.jpg\"><img loading=\"lazy\" decoding=\"async\" class=\"alignleft size-full wp-image-4262\" src=\"https:\/\/www.goldstadt-autoren.de\/wp-content\/uploads\/2025\/05\/Cover_MK_MoerderischeBeziehungen_GA.jpg\" alt=\"\" width=\"125\" height=\"200\" \/><\/a>M\u00d6RDERISCHE BEZIEHUNGEN<\/em><\/strong><br \/>\nLisa Breuers 2. Fall | Kriminalroman<\/p>\n<p>BoD \u2013 Books on Demand, Hamburg 2025<br \/>\nISBN 978-3-8192-7807-5<br \/>\nTaschenbuch, 284 Seiten, 13,00 EUR; auch als E-Book erh\u00e4ltlich<\/p>\n<p><em>Neue Herausforderungen f\u00fcr die Kriminalhauptkommissarin Lisa Breuer.<br \/>\nIm R\u00f6mermuseum Remchingen erleidet ein Mann einen anaphylaktischen Schock. Im Ortsteil Wilferdingen wird ein Toter gefunden. Schnell steht fest, dass es sich um ein T\u00f6tungsdelikt handelt. Dann verschwindet eine Frau spurlos. Hauptkommissarin Lisa Breuer, die ein Jahr zuvor von Berlin aufs Pforzheimer Kriminalkommissariat gewechselt hat, konzentriert sich voll und ganz auf die Ermittlungen. Die Vermisste befindet sich vermutlich in t\u00f6dlicher Gefahr.<\/em><\/p>\n<p>&nbsp;<\/p>\n<p><strong><em><a href=\"https:\/\/www.goldstadt-autoren.de\/wp-content\/uploads\/2023\/12\/Cover_MK_Moerderische-Zeiten_GA.jpg\"><img loading=\"lazy\" decoding=\"async\" class=\"alignleft size-full wp-image-3718\" src=\"https:\/\/www.goldstadt-autoren.de\/wp-content\/uploads\/2023\/12\/Cover_MK_Moerderische-Zeiten_GA.jpg\" alt=\"\" width=\"124\" height=\"200\" \/><\/a>M\u00d6RDERISCHE ZEITEN<br \/>\n<\/em><\/strong>Kriminalroman<\/p>\n<p>BoD \u2013 Books on Demand, Norderstedt 2023<br \/>\nISBN 978-3-7583-1124-6<br \/>\nTaschenbuch, 264 Seiten, 12,99 EUR; auch als E-Book erh\u00e4ltlich<\/p>\n<p><em>Neuanfang.<br \/>\nLisa Breuer l\u00e4sst ihr altes Leben in Berlin hinter sich und hofft auf einen Neuanfang in Remchingen. Die Hauptkommissarin hat sich mit Erfolg auf eine freie Stelle im Pforzheimer Polizeipr\u00e4sidium beworben. Viel Zeit zum Eingew\u00f6hnen bleibt ihr nicht, denn recht schnell muss sie sich mit einem ungekl\u00e4rten Todesfall auseinandersetzen. Da es bald noch weitere Tote gibt, kommt die Polizeibeamtin kaum dazu, \u00fcber ihre eigenen Probleme nachzudenken. Sie muss privat eine Entscheidung treffen, verdr\u00e4ngt diese aber solange, bis sie von der Vergangenheit eingeholt wird. Nicht immer handelt Lisa k\u00fchl und \u00fcberlegt und bringt sich dadurch selbst in Gefahr.<\/em><\/p>\n<p>&nbsp;<\/p>\n<p><em><strong><a href=\"https:\/\/www.goldstadt-autoren.de\/wp-content\/uploads\/2023\/05\/Cover_Spieglein-was-soll-ich-tun_GA.jpg\"><img loading=\"lazy\" decoding=\"async\" class=\"alignleft wp-image-3445 size-full\" src=\"https:\/\/www.goldstadt-autoren.de\/wp-content\/uploads\/2023\/05\/Cover_Spieglein-was-soll-ich-tun_GA.jpg\" alt=\"\" width=\"125\" height=\"200\" \/><\/a><\/strong><\/em><strong><em>SPIEGLEIN, SPIEGLEIN, WAS SOLL ICH TUN?<\/em><\/strong><br \/>\nRoman<\/p>\n<p>BoD \u2013 Books on Demand, Norderstedt 2022<br \/>\nISBN 978-3-7568-1706-1<br \/>\nTaschenbuch, 242 Seiten, 10,99 EUR<br \/>\n<em><br \/>\nWenn pl\u00f6tzlich der Spiegel spricht \u2026<br \/>\nEines Tages f\u00e4ngt der Badezimmerspiegel an, mit Felicitas zu sprechen. Sie zweifelt an ihrem Verstand. Als er sie dann auch noch warnt, ihren Freund Markus zu heiraten, der ihr am Tag zuvor einen Heiratsantrag gemacht hat, ist sie vollkommen ratlos. Der Spiegel meldet sich immer h\u00e4ufiger zu Wort und warnt Felicitas sogar vor Gefahren. Weil sie meint verr\u00fcckt zu sein, vereinbart sie einen Termin beim Psychiater. Zudem macht sie sich gro\u00dfe Sorgen um ihre Freundin Rike, deren Gesundheitszustand sich verschlechtert und es v\u00f6llig unklar ist, was ihr fehlt. Dann ist da noch Katharina, ihre beste Freundin, die sich seltsam verh\u00e4lt. Aber Felicitas verdr\u00e4ngt vorl\u00e4ufig diese Gedanken, weil Rike spurlos verschwindet \u2026<\/em><\/p>\n<p>&nbsp;<\/p>\n<p><strong><em><span style=\"color: #999999;\"><a style=\"color: #999999;\" href=\"https:\/\/www.goldstadt-autoren.de\/wp-content\/uploads\/2023\/05\/Cover_Gefaehrlicher-Deal_GA.jpg\"><img loading=\"lazy\" decoding=\"async\" class=\"alignleft wp-image-3444 size-full\" src=\"https:\/\/www.goldstadt-autoren.de\/wp-content\/uploads\/2023\/05\/Cover_Gefaehrlicher-Deal_GA.jpg\" alt=\"\" width=\"125\" height=\"200\" \/><\/a><\/span><\/em><\/strong><strong><em>GEF\u00c4HRLICHER DEAL<\/em><\/strong><br \/>\nKriminalroman<\/p>\n<p>BoD \u2013 Books on Demand, Norderstedt 2021<br \/>\nISBN 978-3-7534-8162-3<br \/>\nTaschenbuch, 212 Seiten, 8,99 EUR<\/p>\n<p><em>Gefahr, Geld und Liebe \u2026<br \/>\nNach einem Treffen mit den Eltern ihres Verlobten verschwindet Gabriele spurlos. Auf der Suche nach ihr hat Raphael einen schweren Verkehrsunfall und liegt im Koma. Als er sich etwas erholt hat, erf\u00e4hrt er, dass seine Freundin wie vom Erdboden verschluckt ist. Verzweifelt versucht er sie zu finden. Dabei hilft ihm Sophie, die er vor Kurzem kennengelernt hat. In einem unbedachten Moment begibt sich diese in gro\u00dfe Gefahr und bleibt ebenfalls verschwunden. Nun muss sich Raphael um beide Frauen sorgen. Zeitgleich ermitteln Hauptkommissarin Maren Westphal und ihr Kollege in einem heiklen Fall. Eine junge Frau, die niemand vermisst, wird tot aufgefunden. H\u00e4ngt das Verschwinden von Gabriele und Sophie damit zusammen? Wird Raphael und das Berliner Polizeiteam sie rechtzeitig finden? Oder droht ihnen das gleiche Schicksal wie der Unbekannten?<\/em><\/p>\n<p>&nbsp;<\/p>\n<p style=\"text-align: left;\"><em><strong><a href=\"https:\/\/www.goldstadt-autoren.de\/wp-content\/uploads\/2023\/05\/Cover_Gefaehrliche-Entscheidung_GA.jpg\"><img loading=\"lazy\" decoding=\"async\" class=\"alignleft wp-image-3443 size-full\" src=\"https:\/\/www.goldstadt-autoren.de\/wp-content\/uploads\/2023\/05\/Cover_Gefaehrliche-Entscheidung_GA.jpg\" alt=\"\" width=\"125\" height=\"200\" \/><\/a><\/strong><\/em><strong><em>GEF\u00c4HRLICHE<\/em><\/strong><em> <strong>ENTSCHEIDUNG<\/strong><br \/>\n<\/em>Kriminalroman<\/p>\n<p>BoD \u2013 Books on Demand, Norderstedt 2020<br \/>\nISBN 978-3-7519-3709-2<br \/>\nTaschenbuch, 308 Seiten, 10,99 EUR<\/p>\n<p><em>Wie eine falsche Entscheidung das Leben ver\u00e4ndern kann \u2026<br \/>\nIn Pforzheim f\u00fchlt sich Luisa Kessler beobachtet und verfolgt. Nach dem Tod ihres Mannes versucht sie, sich zusammen mit ihrer kleinen Tochter Annabelle ein neues Leben aufzubauen. Als sie gerade beginnt wieder gl\u00fccklich zu sein, erh\u00e4lt sie eine Nachricht, die ihre ganzen Pl\u00e4ne \u00e4ndert.<br \/>\nUngef\u00e4hr zur gleichen Zeit wird in Berlin eine Studentin bestialisch ermordet.<br \/>\nNachdem eine weitere junge Frau auf die gleiche Art und Weise ermordet aufgefunden wird, ermittelt das Polizeiteam auf Hochtouren. Bald wird Hauptkommissarin Maren Westphal und ihrem Kollegen klar, dass es der T\u00e4ter noch auf ein weiteres Opfer abgesehen hat. Es ist ein Wettlauf mit der Zeit.<\/em><\/p>\n<p>&nbsp;<\/p>\n<p style=\"text-align: left;\"><em><strong><a href=\"https:\/\/www.goldstadt-autoren.de\/wp-content\/uploads\/2023\/05\/Cover_Wer-nicht-vergessen-kann_GA.jpg\"><img loading=\"lazy\" decoding=\"async\" class=\"alignleft wp-image-3446 size-full\" src=\"https:\/\/www.goldstadt-autoren.de\/wp-content\/uploads\/2023\/05\/Cover_Wer-nicht-vergessen-kann_GA.jpg\" alt=\"\" width=\"125\" height=\"200\" \/><\/a><\/strong><\/em><strong><em>WER NICHT VERGESSEN KANN, MUSS T\u00d6TEN<\/em><\/strong><br \/>\nKriminalroman<\/p>\n<p>BoD \u2013 Books on Demand, Norderstedt 2019<br \/>\nISBN 978-3-7357-2154-9<br \/>\nTaschenbuch, 208 Seiten, 8,99 EUR<\/p>\n<p><em>Sp\u00e4te Rache \u2026<br \/>\nEs ist nicht das erste Mal, dass Privatermittler Andreas Stahl einen Drohbrief bekommt. Aber dieses Mal sp\u00fcrt er die Gefahr greifbar nahe. Der Verfasser des Briefes droht, sein Leben zu zerst\u00f6ren. Acht Wochen danach verschwindet seine Frau spurlos. Die Polizei unternimmt nichts, weil es keine Anzeichen f\u00fcr ein Verbrechen gibt.<br \/>\nIn Pforzheim wird eine Frau auf entsetzliche Weise ermordet. F\u00fcr die Ermittlungen ist das Polizeirevier Pforzheim zust\u00e4ndig. Das Team bef\u00fcrchtet, dass das erst der Anfang ist.<br \/>\nNachdem Stahl von seiner totgeglaubten Frau einen verzweifelten Anruf bekommt, beginnt er die Suche nach ihr. Die Spur f\u00fchrt ins Ausland. Im Zuge der Ermittlungen kreuzen sich die Wege des Detektivs aus Karlsruhe und der im Mordfall ermittelnden Polizeibeamten. Hat das Verschwinden von Margarete etwas mit dem Fall zu tun?<\/em><\/p>\n<p>&nbsp;<\/p>\n<p style=\"text-align: left;\"><em><strong><a href=\"https:\/\/www.goldstadt-autoren.de\/wp-content\/uploads\/2023\/05\/Cover_Die-Liebe-das-Leben-und-die-taeglichen-Katastrophen_GA.jpg\"><img loading=\"lazy\" decoding=\"async\" class=\"alignleft wp-image-3442 size-full\" src=\"https:\/\/www.goldstadt-autoren.de\/wp-content\/uploads\/2023\/05\/Cover_Die-Liebe-das-Leben-und-die-taeglichen-Katastrophen_GA.jpg\" alt=\"\" width=\"125\" height=\"200\" \/><\/a><\/strong><\/em><strong><em>DIE LIEBE, DAS LEBEN UND DIE T\u00c4GLICHEN KATASTROPHEN<br \/>\n<\/em><\/strong>Roman\/Teil 1<\/p>\n<p>BoD \u2013 Books on Demand, Norderstedt 2018 (3. Auflage 2021)<br \/>\nISBN 978-3-7460-0899-8<br \/>\nTaschenbuch, 176 Seiten, 7,99 EUR<\/p>\n<p><em>Im Leben gibt es t\u00e4glich neue \u00dcberraschungen.<br \/>\nEigentlich m\u00fcsste Eliane gl\u00fccklich sein, denn sie hat alles, von dem andere nur tr\u00e4umen. Einen gut verdienenden Mann, ein sch\u00f6nes Haus und gen\u00fcgend Geld, um ein angenehmes Leben f\u00fchren zu k\u00f6nnen. Aber sie ist nicht zufrieden. In ihrer Ehe kriselt es, ihre Freundinnen h\u00f6ren ihr nicht zu und ihren Traum, ein eigenes Caf\u00e9 zu er\u00f6ffnen, kann sie nicht verwirklichen, weil ihr Ehemann dagegen ist. Dann wird Eliane von einigen heftigen Schicksalsschl\u00e4gen getroffen. Wird sie dadurch erkennen, was und vor allem wer wirklich wichtig ist im Leben?<\/em><\/p>\n<p>&nbsp;<\/p>\n<p style=\"text-align: left;\"><em><strong><a href=\"https:\/\/www.goldstadt-autoren.de\/wp-content\/uploads\/2023\/05\/Cover_Das-Schweigen-im-Schwarzwald_GA.jpg\"><img loading=\"lazy\" decoding=\"async\" class=\"alignleft wp-image-3441 size-full\" src=\"https:\/\/www.goldstadt-autoren.de\/wp-content\/uploads\/2023\/05\/Cover_Das-Schweigen-im-Schwarzwald_GA.jpg\" alt=\"\" width=\"125\" height=\"200\" \/><\/a><\/strong><\/em><strong><em>DAS SCHWEIGEN IM SCHWARZWALD<\/em><\/strong><br \/>\nKriminalroman\/Teil 1<\/p>\n<p>BoD \u2013 Books on Demand, Norderstedt 2016 (6. Auflage 2023)<br \/>\nISBN 978-3-7568-3309-2<br \/>\nTaschenbuch, 264 Seiten, 10,99 EUR<\/p>\n<p><em>Erster Fall f\u00fcr Hauptkommissarin Lea und ihr Team<br \/>\nHauptkommissarin Lea Sonntag und ihr Team ermitteln in einem Mordfall. Ausgerechnet in dem idyllischen Kurort Sch\u00f6mberg, an der Pforte zum Schwarzwald, wird eine Leiche gefunden. Lea, die geplant hat, mit ihrem Freund in den Urlaub zu fliegen, muss sich entscheiden. Wird sie ihren Urlaub abbrechen und ihre Kollegen Alex, Rudi und Katja unterst\u00fctzen? Da ihre Beziehung auf wackeligen Beinen steht, f\u00e4llt ihr diese Entscheidung schwer. Als dann aber auch noch eine Frau spurlos verschwindet, gibt es nicht mehr viel zu \u00fcberlegen. Vielleicht z\u00e4hlt jede Stunde, um das Leben der Vermissten zu retten. Das Polizeiteam st\u00f6\u00dft an seine Grenzen. H\u00e4ngen diese beiden F\u00e4lle \u00fcberhaupt zusammen? Au\u00dferdem machen Lea die kleinen Meinungsverschiedenheiten mit ihrem Kollegen Alex das Leben nicht gerade leichter.<br \/>\n<\/em><\/p>\n<p><strong><em><a href=\"https:\/\/www.goldstadt-autoren.de\/wp-content\/uploads\/2024\/01\/Anthologie_Cover_VBZB_GA.jpg\"><img loading=\"lazy\" decoding=\"async\" class=\"alignleft size-full wp-image-3774\" src=\"https:\/\/www.goldstadt-autoren.de\/wp-content\/uploads\/2024\/01\/Anthologie_Cover_VBZB_GA.jpg\" alt=\"\" width=\"127\" height=\"200\" \/><\/a>N\u00e4chtlicher Zwischenfall<\/em><\/strong><br \/>\nKurzkrimi mit Handlungsort Erbprinzenbr\u00fccke<br \/>\nin: VON BR\u00dcCKE ZU BR\u00dcCKE (Anthologie)<\/p>\n<p>Hrsg. Goldstadt-Autoren e. V.<br \/>\nBoD \u2013 Books on Demand, Norderstedt 2024<br \/>\nISBN 978-3-7578-8671-4<br \/>\nTaschenbuch, 272 Seiten, 13,50 EUR; 8,99 EUR als E-Book<\/p>\n<p><strong><em>Auf, unter und neben den Br\u00fccken Pforzheims<br \/>\n<\/em><\/strong><em>Br\u00fccken verbinden Menschen, sind Orte von Erinnerungen, dienen als Verstecke oder werden zu Tatorten. Die Goldstadt Pforzheim nennt mehr als f\u00fcnfzig Fluss-, Stra\u00dfen- und Bahngleis\u00fcberquerungen ihr Eigen.<br \/>\nZweiundzwanzig dieser Br\u00fccken und Stege dienen als Inspiration f\u00fcr humorige bis nachdenkliche, fantastische bis lebensnahe Geschichten und Gedichte. Mit ihnen feiern die Mitglieder des Goldstadt-Autoren e.\u00a0V. das <strong>10-j\u00e4hrige Vereinsbestehen <\/strong>und ihre Verbundenheit mit der Stadt, die auch als \u201ePforte zum Schwarzwald\u201c bezeichnet wird.<\/em><\/p>\n<p>&nbsp;<\/p>\n<h3>Weitere Ver\u00f6ffentlichungen:<\/h3>\n<p><strong>Schwarzwald\/Krimiserie:<br \/>\n<\/strong><em>Die Tote, die noch lebt<\/em> (Teil 2), BoD, Norderstedt 3. Auflage 2019, ISBN 978-3-7431-9636-0.<br \/>\n<em>Rache oder Wahnsinn<\/em> (Teil 3), BoD, Hamburg. 4. Auflage 2025, ISBN 978-3-8192-6727-7.<br \/>\n<em>Hass oder Verzweiflung<\/em> (Teil 4), BoD, Norderstedt 2. Auflage 2018, ISBN 978-3-7528-7787-8.<\/p>\n<p><strong>Romanserie:<br \/>\n<\/strong><em>Tamara, ihr Leben und das Caf\u00e9<\/em> (Teil 2), BoD, Norderstedt 2. Auflage 2020, ISBN 978-3-7481-8328-0.<br \/>\n<em>Neues aus dem Caf\u00e9 und andere Katastrophen<\/em> (Teil 3), BoD, Norderstedt 2019, ISBN 978-3-7504-1980-3.<\/p>\n<p><strong>Sammelbuch der drei Romane:<br \/>\n<\/strong><em>Eliane, ihre Freundinnen und das Caf\u00e9<\/em>, BoD, Norderstedt 2022, ISBN 978-3-7557-4117-6.<\/p>\n<p><strong>Beitrag in Anthologie:<br \/>\n<\/strong>Kurzgeschichte <em>Entschuldigung<\/em> in: \u201eGeschichten von A-Z\u201c<em>, <\/em>Anthologie, Hrsg. Autorengruppe Aussagekr\u00e4ftig, Entschuldigung, meinbestseller.de 2022, ISBN 978-9403653662.<\/p>\n<h3>Mehr Informationen:<\/h3>\n<p>E-Mail: manuela.kusterer@arcor.de<br \/>\nInternet: <a href=\"https:\/\/www.manuelakusterer.com\/\" target=\"_blank\" rel=\"noopener\">www.manuelakusterer.com<\/a><\/p>\n","protected":false},"excerpt":{"rendered":"<p>In Pforzheim geboren, Jahrgang 1964, lebt sie heute mit ihrem Mann in der N\u00e4he von Karlsruhe. Sie hat zwei erwachsene S\u00f6hne. Ein Buch zu schreiben war schon immer ihr Wunsch. Da sie durch eine chronische Erkrankung nicht mehr am Berufsleben teilnehmen konnte, erf\u00fcllte sich die Autorin 2016 ihren Traum und ver\u00f6ffentlichte im Self-Publishing den ersten &hellip; <a href=\"https:\/\/www.goldstadt-autoren.de\/?page_id=1518\" class=\"more-link\"><span class=\"screen-reader-text\">Manuela Kusterer<\/span> weiterlesen <span class=\"meta-nav\">&rarr;<\/span><\/a><\/p>\n","protected":false},"author":2,"featured_media":0,"parent":26,"menu_order":31,"comment_status":"closed","ping_status":"closed","template":"","meta":{"footnotes":""},"class_list":["post-1518","page","type-page","status-publish","hentry"],"_links":{"self":[{"href":"https:\/\/www.goldstadt-autoren.de\/index.php?rest_route=\/wp\/v2\/pages\/1518"}],"collection":[{"href":"https:\/\/www.goldstadt-autoren.de\/index.php?rest_route=\/wp\/v2\/pages"}],"about":[{"href":"https:\/\/www.goldstadt-autoren.de\/index.php?rest_route=\/wp\/v2\/types\/page"}],"author":[{"embeddable":true,"href":"https:\/\/www.goldstadt-autoren.de\/index.php?rest_route=\/wp\/v2\/users\/2"}],"replies":[{"embeddable":true,"href":"https:\/\/www.goldstadt-autoren.de\/index.php?rest_route=%2Fwp%2Fv2%2Fcomments&post=1518"}],"version-history":[{"count":31,"href":"https:\/\/www.goldstadt-autoren.de\/index.php?rest_route=\/wp\/v2\/pages\/1518\/revisions"}],"predecessor-version":[{"id":4445,"href":"https:\/\/www.goldstadt-autoren.de\/index.php?rest_route=\/wp\/v2\/pages\/1518\/revisions\/4445"}],"up":[{"embeddable":true,"href":"https:\/\/www.goldstadt-autoren.de\/index.php?rest_route=\/wp\/v2\/pages\/26"}],"wp:attachment":[{"href":"https:\/\/www.goldstadt-autoren.de\/index.php?rest_route=%2Fwp%2Fv2%2Fmedia&parent=1518"}],"curies":[{"name":"wp","href":"https:\/\/api.w.org\/{rel}","templated":true}]}}