{"id":16,"date":"2014-05-09T16:26:41","date_gmt":"2014-05-09T14:26:41","guid":{"rendered":"http:\/\/www.goldstadt-autoren.de\/?page_id=16"},"modified":"2026-03-15T12:20:23","modified_gmt":"2026-03-15T10:20:23","slug":"verein","status":"publish","type":"page","link":"https:\/\/www.goldstadt-autoren.de\/?page_id=16","title":{"rendered":"Verein"},"content":{"rendered":"<h3><strong>\u00dcber uns<\/strong><\/h3>\n<p>Der Goldstadt-Autoren e. V. wurde am 1. M\u00e4rz 2014 gegr\u00fcndet. Der Verein ist im Vereinsregister des Amtsgerichts Pforzheim eingetragen und gemeinn\u00fctzig anerkannt.<\/p>\n<p>Der Vereinsvorstand hat es sich vorrangig zur Aufgabe gemacht, Nachwuchsautoren zu f\u00f6rdern, damit sie nicht mehr nur f\u00fcr die Schublade schreiben m\u00fcssen, und erfahrene Autoren und Schriftsteller zu gewinnen, damit sie ihr Wissen zur Verf\u00fcgung stellen.<\/p>\n<p>Der Verein richtet regelm\u00e4\u00dfige Literaturtreffs aus, bei denen belletristische, autobiografische oder poetische Texte s\u00e4mtlicher Genres zur Diskussion und Pr\u00fcfung vorgestellt werden k\u00f6nnen. Dabei bietet sich die M\u00f6glichkeit zum Austausch und Erwerb von Erfahrungen und Erkenntnissen bez\u00fcglich der deutschen Sprache in Prosa und Lyrik, der Grundlagen des Schreibens sowie des Publizierens bis hin zur Durchf\u00fchrung eigener Lesungen.<\/p>\n<p>Neben der konstruktiven Arbeit wird gro\u00dfen Wert auf Gemeinschaft und Geselligkeit gelegt. So planen die Mitglieder des Goldstadt-Autoren e. V. nicht nur die Durchf\u00fchrung \u00f6ffentlicher Lesungen oder Informationsabende, sondern beispielsweise auch den Besuch von Buchmessen und anderen kulturellen Veranstaltungen oder gar ein fr\u00f6hliches Beisammensein.<\/p>\n<p>Interessierte Autorinnen und Autoren d\u00fcrfen gerne \u201eschnuppern\u201c kommen, bevor sie dem Verein beitreten m\u00f6chten.<br \/>\nUnterst\u00fctzende Mitglieder (beispielsweise als Anlaufstellen f\u00fcr Recherchen oder Hilfen bei Veranstaltungen) sowie wohlwollende Sponsoren sind ebenso herzlich willkommen.<\/p>\n<p>Der Jahresbeitrag f\u00fcr Vollmitglieder betr\u00e4gt zz. 24,00 EUR, f\u00fcr unterst\u00fctzende Familienmitglieder sowie f\u00fcr Sch\u00fcler und Studenten 12,00 EUR und f\u00fcr Institutionen 60,00 EUR.<br \/>\nDerzeit haben wir 31 Mitglieder.<\/p>\n<p>Seit M\u00e4rz 2017 ist unser Verein Mitglied im Pforzheimer Kulturrat e. V., Sektion Literatur, <a href=\"http:\/\/www.pforzheimer-kulturrat.de\" target=\"_blank\" rel=\"noopener\">www.pforzheimer-kulturrat.de<\/a>.<\/p>\n","protected":false},"excerpt":{"rendered":"<p>\u00dcber uns Der Goldstadt-Autoren e. V. wurde am 1. M\u00e4rz 2014 gegr\u00fcndet. Der Verein ist im Vereinsregister des Amtsgerichts Pforzheim eingetragen und gemeinn\u00fctzig anerkannt. Der Vereinsvorstand hat es sich vorrangig zur Aufgabe gemacht, Nachwuchsautoren zu f\u00f6rdern, damit sie nicht mehr nur f\u00fcr die Schublade schreiben m\u00fcssen, und erfahrene Autoren und Schriftsteller zu gewinnen, damit sie &hellip; <a href=\"https:\/\/www.goldstadt-autoren.de\/?page_id=16\" class=\"more-link\"><span class=\"screen-reader-text\">Verein<\/span> weiterlesen <span class=\"meta-nav\">&rarr;<\/span><\/a><\/p>\n","protected":false},"author":2,"featured_media":0,"parent":0,"menu_order":20,"comment_status":"closed","ping_status":"closed","template":"","meta":{"footnotes":""},"class_list":["post-16","page","type-page","status-publish","hentry"],"_links":{"self":[{"href":"https:\/\/www.goldstadt-autoren.de\/index.php?rest_route=\/wp\/v2\/pages\/16"}],"collection":[{"href":"https:\/\/www.goldstadt-autoren.de\/index.php?rest_route=\/wp\/v2\/pages"}],"about":[{"href":"https:\/\/www.goldstadt-autoren.de\/index.php?rest_route=\/wp\/v2\/types\/page"}],"author":[{"embeddable":true,"href":"https:\/\/www.goldstadt-autoren.de\/index.php?rest_route=\/wp\/v2\/users\/2"}],"replies":[{"embeddable":true,"href":"https:\/\/www.goldstadt-autoren.de\/index.php?rest_route=%2Fwp%2Fv2%2Fcomments&post=16"}],"version-history":[{"count":33,"href":"https:\/\/www.goldstadt-autoren.de\/index.php?rest_route=\/wp\/v2\/pages\/16\/revisions"}],"predecessor-version":[{"id":4532,"href":"https:\/\/www.goldstadt-autoren.de\/index.php?rest_route=\/wp\/v2\/pages\/16\/revisions\/4532"}],"wp:attachment":[{"href":"https:\/\/www.goldstadt-autoren.de\/index.php?rest_route=%2Fwp%2Fv2%2Fmedia&parent=16"}],"curies":[{"name":"wp","href":"https:\/\/api.w.org\/{rel}","templated":true}]}}