{"id":1775,"date":"2018-05-07T10:27:21","date_gmt":"2018-05-07T08:27:21","guid":{"rendered":"http:\/\/www.goldstadt-autoren.de\/?page_id=1775"},"modified":"2018-05-11T11:11:37","modified_gmt":"2018-05-11T09:11:37","slug":"datenschutz","status":"publish","type":"page","link":"https:\/\/www.goldstadt-autoren.de\/?page_id=1775","title":{"rendered":"Datenschutz"},"content":{"rendered":"<h3>Allgemeines zum Datenschutz<\/h3>\n<p>Die G\u00fcltigkeit dieser Datenschutzerkl\u00e4rung ist begrenzt auf die Internetpr\u00e4senz goldstadt-autoren.de. Unsere Webseite enth\u00e4lt Links zu anderen Anbietern, auf die sich die vorliegende Datenschutzerkl\u00e4rung jedoch nicht erstreckt.<\/p>\n<p>Die Nutzung unserer Webseite ist ohne Angabe personenbezogener Daten m\u00f6glich. Es werden jedoch durch unsere Server automatisch Daten registriert, wie der Name Ihres Internetserviceproviders, die Webseite, von der aus Sie uns besuchen, der Typ Ihres Browsers und Ihre IP-Adresse. Diese Daten k\u00f6nnen zu statistischen Zwecken ausgewertet werden, wobei der einzelne Benutzer jedoch anonym bleibt.<\/p>\n<p>Auf unserer Seite werden keine personenbezogenen Daten (beispielsweise Name, Anschrift oder E-Mail-Adressen) erhoben. Falls diese M\u00f6glichkeit nachtr\u00e4glich eingerichtet werden sollte, erfolgt dies, soweit m\u00f6glich, stets auf freiwilliger Basis. Diese Daten werden ohne Ihre ausdr\u00fcckliche Zustimmung nicht an Dritte weitergegeben.<\/p>\n<p>Unsere Seite nutzt aus Gr\u00fcnden der Sicherheit eine SSL-Verschl\u00fcsselung. Ist die verschl\u00fcsselte Verbindung aktiviert, wechselt die Adresszeile des Browsers von \u201ehttp:\/\/\u201c auf \u201ehttps:\/\/\u201c, und es erscheint ein Schloss-Symbol in Ihrer Browserzeile.<\/p>\n<p>Wir weisen darauf hin, dass die Daten\u00fcbertragung im Internet (z. B. bei der Kommunikation per E-Mail) Sicherheitsl\u00fccken aufweisen kann. Ein l\u00fcckenloser Schutz der Daten vor dem Zugriff durch Dritte ist nicht m\u00f6glich.<\/p>\n<p>&nbsp;<\/p>\n<h3>Datenschutzerkl\u00e4rung f\u00fcr die Nutzung von Facebook-Plugins (Like-Button)<\/h3>\n<p>Auf unserer Seite ist ein Facebook-Plugin des sozialen Netzwerks Facebook (Facebook Inc., 1601 Willow Road, Menlo Park, California, 94025, USA) integriert. Das Facebook-Plugin erkennen Sie an dem Facebook-Logo oder dem \u201eLike-Button\u201c (\u201eGef\u00e4llt mir\u201c). Eine \u00dcbersicht \u00fcber die Facebook-Plugins finden Sie hier: https:\/\/developers.facebook.com\/docs\/plugins\/.<\/p>\n<p>Wenn Sie unsere Seite besuchen, wird \u00fcber das Plugin eine direkte Verbindung zwischen Ihrem Browser und dem Facebook-Server hergestellt. Facebook erh\u00e4lt dadurch die Information, dass Sie mit Ihrer IP-Adresse unsere Seite besucht haben. Wenn Sie den Facebook-\u201eLike-Button\u201c anklicken, w\u00e4hrend Sie in Ihrem Facebook-Account eingeloggt sind, k\u00f6nnen Sie die Inhalte unserer Seiten auf Ihrem Facebook-Profil verlinken. Dadurch kann Facebook den Besuch unserer Seiten Ihrem Benutzerkonto zuordnen. Wir weisen darauf hin, dass wir als Anbieter der Seiten keine Kenntnis vom Inhalt der \u00fcbermittelten Daten sowie deren Nutzung durch Facebook erhalten. Weitere Informationen hierzu finden Sie in der Datenschutzerkl\u00e4rung von Facebook unter https:\/\/www.facebook.com\/about\/privacy.<\/p>\n<p>Wenn Sie nicht w\u00fcnschen, dass Facebook den Besuch unserer Seiten Ihrem Facebook-Nutzerkonto zuordnen kann, loggen Sie sich bitte aus Ihrem Facebook-Benutzerkonto aus.<\/p>\n<p>&nbsp;<\/p>\n<h3>Datenschutzerkl\u00e4rung f\u00fcr das \u201eGoogle AdWords Conversion-Tracking\u201c von Google Inc.<\/h3>\n<p>Unsere Webseite verwendet <strong>nicht<\/strong> die \u201eGoogle AdWords Conversion-Tracking\u201c-Funktion der Google Inc., 1600 Amphitheatre Parkway, Mountain View, CA 94043, USA (\u201eGoogle\u201c).<\/p>\n<p>&nbsp;<\/p>\n<h3><strong>Cookies<\/strong><\/h3>\n<p>Internetseiten verwenden teilweise sogenannte Cookies. Cookies richten auf Ihrem Rechner keinen Schaden an und enthalten keine Viren. Sie dienen dazu, Angebote nutzerfreundlicher, effektiver und sicherer zu machen. Cookies sind kleine Textdateien, die auf Ihrem Rechner abgelegt werden und die Ihr Browser speichert. Die meisten der verwendeten Cookies sind sogenannte \u201eSession-Cookies\u201c. Sie werden nach Ende Ihres Besuchs automatisch gel\u00f6scht. Andere Cookies bleiben auf Ihrem Endger\u00e4t gespeichert, bis Sie diese l\u00f6schen. Diese Cookies erm\u00f6glichen es, Ihren Browser beim n\u00e4chsten Webseiten-Besuch wiederzuerkennen.<\/p>\n<p>Das Speichern von Cookies auf Ihrer Festplatte k\u00f6nnen Sie verhindern, indem Sie in Ihren Browser-Einstellungen \u201ekeine Cookies akzeptieren\u201c w\u00e4hlen (Im MS Internet-Explorer unter \u201eExtras &gt; Internetoptionen &gt; Datenschutz &gt; Einstellung\u201c; im Firefox unter \u201eExtras &gt; Einstellungen &gt; Datenschutz &gt; Cookies\u201c). Sie k\u00f6nnen Ihren Browser so einstellen, dass Sie \u00fcber das Setzen von Cookies informiert werden und Cookies nur im Einzelfall erlauben, die Annahme von Cookies f\u00fcr bestimmte F\u00e4lle oder generell ausschlie\u00dfen sowie das automatische L\u00f6schen der Cookies beim Schlie\u00dfen des Browser aktivieren. Bei der Deaktivierung von Cookies kann die Funktionalit\u00e4t mancher Webseiten eingeschr\u00e4nkt sein.<\/p>\n<p>&nbsp;<\/p>\n<h3>Auskunftsrecht<\/h3>\n<p>Sie haben das jederzeitige Recht, sich unentgeltlich und unverz\u00fcglich \u00fcber die zu Ihrer Person erhobenen Daten zu erkundigen. Sie haben das jederzeitige Recht, Ihre Zustimmung zur Verwendung Ihrer angegeben pers\u00f6nlichen Daten mit Wirkung f\u00fcr die Zukunft zu widerrufen. Zur Auskunftserteilung wenden Sie sich bitte an den Anbieter unter den Kontaktdaten im Impressum.<\/p>\n<p>&nbsp;<\/p>\n<p>Quellen: eRecht24.de; juraforum.de; bod.de<\/p>\n<p>&nbsp;<\/p>\n","protected":false},"excerpt":{"rendered":"<p>Allgemeines zum Datenschutz Die G\u00fcltigkeit dieser Datenschutzerkl\u00e4rung ist begrenzt auf die Internetpr\u00e4senz goldstadt-autoren.de. Unsere Webseite enth\u00e4lt Links zu anderen Anbietern, auf die sich die vorliegende Datenschutzerkl\u00e4rung jedoch nicht erstreckt. Die Nutzung unserer Webseite ist ohne Angabe personenbezogener Daten m\u00f6glich. Es werden jedoch durch unsere Server automatisch Daten registriert, wie der Name Ihres Internetserviceproviders, die Webseite, &hellip; <a href=\"https:\/\/www.goldstadt-autoren.de\/?page_id=1775\" class=\"more-link\"><span class=\"screen-reader-text\">Datenschutz<\/span> weiterlesen <span class=\"meta-nav\">&rarr;<\/span><\/a><\/p>\n","protected":false},"author":2,"featured_media":0,"parent":0,"menu_order":80,"comment_status":"closed","ping_status":"closed","template":"","meta":{"footnotes":""},"class_list":["post-1775","page","type-page","status-publish","hentry"],"_links":{"self":[{"href":"https:\/\/www.goldstadt-autoren.de\/index.php?rest_route=\/wp\/v2\/pages\/1775"}],"collection":[{"href":"https:\/\/www.goldstadt-autoren.de\/index.php?rest_route=\/wp\/v2\/pages"}],"about":[{"href":"https:\/\/www.goldstadt-autoren.de\/index.php?rest_route=\/wp\/v2\/types\/page"}],"author":[{"embeddable":true,"href":"https:\/\/www.goldstadt-autoren.de\/index.php?rest_route=\/wp\/v2\/users\/2"}],"replies":[{"embeddable":true,"href":"https:\/\/www.goldstadt-autoren.de\/index.php?rest_route=%2Fwp%2Fv2%2Fcomments&post=1775"}],"version-history":[{"count":6,"href":"https:\/\/www.goldstadt-autoren.de\/index.php?rest_route=\/wp\/v2\/pages\/1775\/revisions"}],"predecessor-version":[{"id":1813,"href":"https:\/\/www.goldstadt-autoren.de\/index.php?rest_route=\/wp\/v2\/pages\/1775\/revisions\/1813"}],"wp:attachment":[{"href":"https:\/\/www.goldstadt-autoren.de\/index.php?rest_route=%2Fwp%2Fv2%2Fmedia&parent=1775"}],"curies":[{"name":"wp","href":"https:\/\/api.w.org\/{rel}","templated":true}]}}