{"id":20,"date":"2014-05-09T16:28:56","date_gmt":"2014-05-09T14:28:56","guid":{"rendered":"http:\/\/www.goldstadt-autoren.de\/?page_id=20"},"modified":"2025-10-12T10:37:58","modified_gmt":"2025-10-12T08:37:58","slug":"literaturtreffs","status":"publish","type":"page","link":"https:\/\/www.goldstadt-autoren.de\/?page_id=20","title":{"rendered":"Literaturtreffs"},"content":{"rendered":"<h5><strong>Wir treffen uns in der Regel am 2. Freitag jeden Monats von 18 bis 21 Uhr im Raum<span style=\"color: #993300;\"> 408<\/span> (ab 2026), Kulturhaus Osterfeld gGmbH, Osterfeldstr. 12, 75172 Pforzheim.<br \/><\/strong><\/h5>\n<p>\u00dcber vorherige Anmeldungen w\u00fcrden wir uns freuen, sind jedoch keine Bedingung!<\/p>\n<h3><em>Termine 2026:<\/em><\/h3>\n<p>Freitag, 9. Januar<br \/>Freitag, 13. Februar<br \/>Samstag, 7. M\u00e4rz (JHV\/intern, Raum 407)<br \/>Freitag, 13. M\u00e4rz<br \/>Freitag, 10. April<br \/>Freitag, 8. Mai<br \/>Freitag, 19. Juni (!)<br \/>Freitag, 10. Juli<br \/>Freitag, 14. August<br \/>Freitag, 11. September<br \/>Freitag, 9. Oktober<br \/>Freitag, 13. November<br \/>Dezember<strong> <span style=\"color: #993300;\"><em>kein<\/em> <\/span><\/strong>Literaturtreff (Weihnachtsfeier intern)<br \/><em><strong>\u00c4nderungen vorbehalten!<\/strong><\/em><\/p>\n<h3><em>Ablauf:<\/em><\/h3>\n<p><strong>18:00 Uhr: Raum\u00f6ffnung<br \/>Begr\u00fc\u00dfung<\/strong> der Anwesenden durch den Vereinsvorstand.<br \/><strong>Bekanntgabe<\/strong> anstehender Projekte.<br \/><strong>Besprechung<\/strong> aktueller Themen.<br \/><strong>Anmeldung<\/strong> von Textbesprechungen und Themenw\u00fcnsche.<br \/><strong>Autorencoaching<\/strong> mit anschlie\u00dfender Diskussionsm\u00f6glichkeit.<br \/>&#8211; kleine Pause &#8211;<br \/><strong>Leserunde<\/strong> <strong>mit Textbesprechungen.<\/strong> Die Lesungen dienen nicht dem Unterhaltungszweck, sondern den jeweiligen Autorinnen &amp; Autoren zur Verbesserung ihrer Texte oder zur Vorbereitung auf \u00f6ffentliche Lesungen. Die Meinungen, Kritiken und Ratschl\u00e4ge sind respektvoll hervorzubringen und sollen den Schreibenden von Nutzen sein. Selbstverst\u00e4ndlich geschieht dies reihum, sachlich und nicht ausschweifend.<br \/><strong>Themenbesprechungen<\/strong> je nach Mitgliederwunsch.<br \/>Um <strong>21 Uhr Ende<\/strong> des offiziellen Treffs, es folgt je nach Beteiligung ein lockeres Beisammensein im Restaurant \u201eComedia\u201c.<br \/><em>&#8211; \u00c4nderungen des Ablaufs je nach Aktualit\u00e4t vorbehalten! &#8211;<\/em><\/p>\n<h3><em>Wir freuen uns \u00fcber:<\/em><\/h3>\n<p>&gt; Kreativit\u00e4t, Spontaneit\u00e4t, Aufrichtigkeit und gegenseitigen h\u00f6flichen Respekt.<br \/>&gt; Offenheit gegen\u00fcber Kritik bei der Besprechung eigener Texte.<br \/>&gt; Bereitschaft zur Annahme von Lehr- und \u00dcbungseinheiten.<br \/>&gt; Mitwirkung bei der Planung und Gestaltung \u00f6ffentlicher Lesungen o. a. Veranstaltungen.<br \/>&gt; Einbringung von Ideen und Anregungen.<\/p>\n<h3><em>Neugierig? Dann schauen Sie bei uns vorbei.<\/em><\/h3>\n<p>Hinweis: Soweit auf dieser Homepage personenbezogene Bezeichnungen im generischen Maskulinum stehen, wird diese Form, wie bisher \u00fcblich, auch weiterhin verallgemeinernd verwendet und bezieht sich auf s\u00e4mtliche Geschlechter und Genderidentit\u00e4ten.<\/p>\n\n\n<p class=\"has-text-align-left\"><\/p>\n","protected":false},"excerpt":{"rendered":"<p>Wir treffen uns in der Regel am 2. Freitag jeden Monats von 18 bis 21 Uhr im Raum 408 (ab 2026), Kulturhaus Osterfeld gGmbH, Osterfeldstr. 12, 75172 Pforzheim. \u00dcber vorherige Anmeldungen w\u00fcrden wir uns freuen, sind jedoch keine Bedingung! Termine 2026: Freitag, 9. JanuarFreitag, 13. FebruarSamstag, 7. M\u00e4rz (JHV\/intern, Raum 407)Freitag, 13. M\u00e4rzFreitag, 10. AprilFreitag, &hellip; <a href=\"https:\/\/www.goldstadt-autoren.de\/?page_id=20\" class=\"more-link\"><span class=\"screen-reader-text\">Literaturtreffs<\/span> weiterlesen <span class=\"meta-nav\">&rarr;<\/span><\/a><\/p>\n","protected":false},"author":2,"featured_media":0,"parent":16,"menu_order":10,"comment_status":"closed","ping_status":"closed","template":"","meta":{"footnotes":""},"class_list":["post-20","page","type-page","status-publish","hentry"],"_links":{"self":[{"href":"https:\/\/www.goldstadt-autoren.de\/index.php?rest_route=\/wp\/v2\/pages\/20"}],"collection":[{"href":"https:\/\/www.goldstadt-autoren.de\/index.php?rest_route=\/wp\/v2\/pages"}],"about":[{"href":"https:\/\/www.goldstadt-autoren.de\/index.php?rest_route=\/wp\/v2\/types\/page"}],"author":[{"embeddable":true,"href":"https:\/\/www.goldstadt-autoren.de\/index.php?rest_route=\/wp\/v2\/users\/2"}],"replies":[{"embeddable":true,"href":"https:\/\/www.goldstadt-autoren.de\/index.php?rest_route=%2Fwp%2Fv2%2Fcomments&post=20"}],"version-history":[{"count":77,"href":"https:\/\/www.goldstadt-autoren.de\/index.php?rest_route=\/wp\/v2\/pages\/20\/revisions"}],"predecessor-version":[{"id":4385,"href":"https:\/\/www.goldstadt-autoren.de\/index.php?rest_route=\/wp\/v2\/pages\/20\/revisions\/4385"}],"up":[{"embeddable":true,"href":"https:\/\/www.goldstadt-autoren.de\/index.php?rest_route=\/wp\/v2\/pages\/16"}],"wp:attachment":[{"href":"https:\/\/www.goldstadt-autoren.de\/index.php?rest_route=%2Fwp%2Fv2%2Fmedia&parent=20"}],"curies":[{"name":"wp","href":"https:\/\/api.w.org\/{rel}","templated":true}]}}