{"id":208,"date":"2014-07-05T14:39:04","date_gmt":"2014-07-05T12:39:04","guid":{"rendered":"http:\/\/www.goldstadt-autoren.de\/?page_id=208"},"modified":"2024-09-07T17:00:37","modified_gmt":"2024-09-07T15:00:37","slug":"alexandra-dietz","status":"publish","type":"page","link":"https:\/\/www.goldstadt-autoren.de\/?page_id=208","title":{"rendered":"Alexandra Dietz"},"content":{"rendered":"<p style=\"text-align: justify;\"><a href=\"https:\/\/www.goldstadt-autoren.de\/wp-content\/uploads\/2018\/09\/Dietz-Alexandra_Portrait_GA.jpg\"><img loading=\"lazy\" decoding=\"async\" class=\"alignleft size-full wp-image-1945\" src=\"https:\/\/www.goldstadt-autoren.de\/wp-content\/uploads\/2018\/09\/Dietz-Alexandra_Portrait_GA.jpg\" alt=\"\" width=\"99\" height=\"150\" \/><\/a>Sie wurde 1977 in Pforzheim geboren, wo sie auch lebt. Nach der Schule besuchte sie ein Internat und absolvierte dort ihre Ausbildung in Hauswirtschaft. In dieser Zeit entdeckte sie ihren Hang zum Schreiben. Sie begann mit Tierfabeln und Kindergeschichten, was sie zun\u00e4chst nur f\u00fcr sich tat.<br \/>\nSeit 2013 erfolgten mehrere Ver\u00f6ffentlichungen in Anthologien. 2018 ver\u00f6ffentlichte sie ihr erstes Buch f\u00fcr Kinder.<br \/>\nDie Autorin ist Gr\u00fcndungsmitglied des Goldstadt-Autoren e. V.<br \/>\n<span style=\"color: #ffffff;\">.<\/span><span style=\"color: #999999;\"><br \/>\n<\/span><\/p>\n<h3 style=\"text-align: justify;\"><strong>Ver\u00f6ffentlichungen:<\/strong><\/h3>\n<p><em><strong><a href=\"https:\/\/www.goldstadt-autoren.de\/wp-content\/uploads\/2018\/11\/Cover_KleineSchelme_GA.jpg\"><img loading=\"lazy\" decoding=\"async\" class=\"alignleft size-full wp-image-2007\" src=\"https:\/\/www.goldstadt-autoren.de\/wp-content\/uploads\/2018\/11\/Cover_KleineSchelme_GA.jpg\" alt=\"\" width=\"127\" height=\"200\" \/><\/a>KLEINE SCHELME<\/strong><\/em><br \/>\nGeschichten f\u00fcr Kinder ab 3 Jahre<\/p>\n<p>Books on Demand (BoD), Norderstedt 2018<br \/>\nISBN 978-3-7481-6542-2<br \/>\nTaschenbuch, 108 Seiten, 4,99 EUR<br \/>\nAuch als E-Book erh\u00e4ltlich.<\/p>\n<p><em>Vierzehn liebevolle Geschichten \u00fcber Tier- und Menschenkinder, m\u00e4rchenhafte Abenteuer sowie weihnachtliche Erlebnisse zum Vor- und Selbstlesen. Mit Illustrationen.<br \/>\n<span style=\"color: #ffffff;\">.<\/span><span style=\"color: #999999;\"><br \/>\n<span style=\"color: #000000;\"><strong><a href=\"https:\/\/www.goldstadt-autoren.de\/wp-content\/uploads\/2024\/01\/Anthologie_Cover_VBZB_GA.jpg\"><img loading=\"lazy\" decoding=\"async\" class=\"alignleft size-full wp-image-3774\" src=\"https:\/\/www.goldstadt-autoren.de\/wp-content\/uploads\/2024\/01\/Anthologie_Cover_VBZB_GA.jpg\" alt=\"\" width=\"127\" height=\"200\" \/><\/a>Oskar<\/strong><br \/>\n<\/span><\/span><\/em><span style=\"color: #999999;\"><span style=\"color: #000000;\">M\u00e4rchenhafte Kurzgeschichte mit Handlungsort Katzensteg<\/span><\/span><span style=\"color: #999999;\"><span style=\"color: #000000;\"><br \/>\nin: VON BR\u00dcCKE ZU BR\u00dcCKE (Anthologie)<\/span><\/span><\/p>\n<p>Hrsg. Goldstadt-Autoren e. V.<br \/>\nBoD \u2013 Books on Demand, Norderstedt 2024<br \/>\nISBN 978-3-7578-8671-4<br \/>\n<span style=\"color: #999999;\"><span style=\"color: #000000;\">Taschenbuch, 272 Seiten, 13,50 EUR; 8,99 EUR als E-Book<\/span><\/span><\/p>\n<p><em><strong>Auf, unter und neben den Br\u00fccken Pforzheims<br \/>\n<\/strong>Br\u00fccken verbinden Menschen, sind Orte von Erinnerungen, dienen als Verstecke oder werden zu Tatorten. Die Goldstadt Pforzheim nennt mehr als f\u00fcnfzig Fluss-, Stra\u00dfen- und Bahngleis\u00fcberquerungen ihr Eigen.<\/em><br \/>\n<em>Zweiundzwanzig dieser Br\u00fccken und Stege dienen als Inspiration f\u00fcr humorige bis nachdenkliche, fantastische bis lebensnahe Geschichten und Gedichte. Mit ihnen feiern die Mitglieder des Goldstadt-Autoren e.\u00a0V. das <strong>10-j\u00e4hrige Vereinsbestehen <\/strong>und ihre Verbundenheit mit der Stadt, die auch als \u201ePforte zum Schwarzwald\u201c bezeichnet wird.<\/em><\/p>\n<p><em><strong><a href=\"https:\/\/www.goldstadt-autoren.de\/wp-content\/uploads\/2019\/01\/Cover_INDS_kl.jpg\"><img loading=\"lazy\" decoding=\"async\" class=\"alignleft size-full wp-image-2099\" src=\"https:\/\/www.goldstadt-autoren.de\/wp-content\/uploads\/2019\/01\/Cover_INDS_kl.jpg\" alt=\"\" width=\"127\" height=\"200\" \/><\/a>Die Reise einer Taschenuhr<br \/>\n<\/strong><\/em>Kurzgeschichte in: IM NORDEN DES S\u00dcDENS (Anthologie)<\/p>\n<p>Hrsg. Goldstadt-Autoren e. V.<br \/>\nBoD <span style=\"color: #999999;\"><span style=\"color: #000000;\">\u2013<\/span><\/span> Books on Demand, Norderstedt 2019<br \/>\nISBN 978-3-7481-4134-1<br \/>\nTaschenbuch, 192 Seiten, 8,00 EUR; auch als E-Book<\/p>\n<p><strong><em>M\u00e4rchen, Mord und mehr aus Pforzheim und Umgebung<\/em><\/strong><br \/>\n<em>Zum f\u00fcnfj\u00e4hrigen Vereinsjubil\u00e4um setzen sich 17 Autorinnen und Autoren mit der Region auseinander, in der sie leben. In spannenden, bissigen, tiefgr\u00fcndigen oder humorvollen Geschichten und Gedichten gibt es f\u00fcr Alteingesessene und Reingeschmeckte gleicherma\u00dfen viel zu entdecken.<\/p>\n<p><\/em><\/p>\n<h3>Weitere Ver\u00f6ffentlichungen:<\/h3>\n<p>Kurzgeschichte <strong><em>Schwein gehabt<\/em><\/strong> in: \u201eSchwein gehabt \u2013 Geschichten von Gl\u00fcck f\u00fcr kleine und gro\u00dfe Leute\u201c (Anthologie), Papierfresserchens MTM-Verlag, Hrsg. Martina Meier, Lindau 2020.<br \/>\nKurzgeschichte <strong><em>Krakenweihnacht <\/em><\/strong>in: \u201eW\u00fcnsch dich ins Wunderweihnachtsland (11)\u201c (Anthologie), Papierfresserchens MTM-Verlag, Hrsg. Martina Meier, Lindau 2018.<br \/>\nKurzgeschichte <strong><em>Oh, du ruhiges Weihnachten<\/em><\/strong> in: \u201eW\u00fcnsch dich ins Wunder-Weihnachtsland (10)\u201c (Anthologie), Papierfresserchens MTM-Verlag, Hrsg. Martina Meier, Lindau 2017.<br \/>\nKurzgeschichte <strong><em>Annabelle und Richard<\/em><\/strong> in: \u201eW\u00fcnsch dich in M\u00e4rchenwunderland\u201c (Anthologie), M\u00e4rchen f\u00fcr Herz und Seele, Band 2, Papierfresserchens MTM-Verlag, Hrsg. Martina Meier, Lindau 2017.<br \/>\nTiergeschichte <strong><em>Ostern<\/em><\/strong> in: \u201eWie aus dem Ei gepellt\u201c (Anthologie), Papierfresserchens MTM-Verlag, Hrsg. Martina Meier, Lindau 2017.<br \/>\nM\u00e4rchen <strong><em>Das Geheimnis <\/em><\/strong>in: \u201eW\u00fcnsch dich ins M\u00e4rchen-Wunderland\u201c (Anthologie), Papierfresserchens MTM-Verlag, Hrsg. Mahandra Uwe Schmitt, Lindau 2016.<br \/>\nKurzgeschichte <strong>Weihnachten bei den B\u00e4ren<\/strong> in: \u201eW\u00fcnsch dich ins Wunder-Weihnachtsland (9)\u201c (Anthologie), Papierfresserchens MTM-Verlag, Hrsg. Martina Meier, Lindau 2016.<br \/>\nKurzgeschichte <strong><em>Weihnachtself Lars<\/em><\/strong> in: \u201eW\u00fcnsch dich ins Wunderweihnachtsland (8)\u201c, Papierfresserchens MTM Verlag, Hrsg. Martina Meier, Nonnenhorn 2015.<br \/>\nKurzgeschichte <strong><em>Badespa\u00df mit \u00dcberraschung<\/em><\/strong> in: \u201eNassbert, der Wannenwichtel \u2013 Geschichten in und aus der Badewanne\u201c, MTM Papierfresserchen Verlag, Hrsg. Thorsten Meier, Nonnenhorn 2015.<br \/>\nKurzgeschichte <strong><em>Die Schriftstellerin<\/em><\/strong> in: \u201eUnd alles nur, weil ich anders bin\u201c, MTM Papierfresserchen Verlag, Hrsg. Martina Meier, Nonnenhorn 2014.<br \/>\nKurzgeschichte <strong><em>Weihnachtsmaus Friedl<\/em><\/strong> in: \u201eW\u00fcnsch dich ins Wunder-Weihnachtsland\u201c, MTM Papierfresserchen Verlag, Hrsg. Martina Meier, Nonnenhorn 2014.<br \/>\nKurzgeschichte <strong><em>Ein Hase, ein B\u00e4r und ein Apfel<\/em><\/strong> in: \u201eAuf den Kern gebracht\u201c, MTM Papierfresserchen Verlag, Hrsg. Martina Meier, Nonnenhorn 2014.<br \/>\nKurzgeschichte <strong><em>Weihnachtstr\u00e4umerei eines Kindes<\/em><\/strong> in: \u201eW\u00fcnsch dich ins Wunder-Weihnachtsland\u201c, MTM Papierfresserchen Verlag, Hrsg. Martina Meier, Nonnenhorn 2013.<br \/>\nKurzgeschichte <strong><em>Froschkonzert am See<\/em><\/strong> in: \u201eEs war einmal im Sommer\u201c, MTM Papierfresserchen Verlag, Hrsg. Martina Meier, Nonnenhorn 2013.<\/p>\n<h3>Mehr Informationen:<\/h3>\n<p>E-Mail: al_dietz@arcor.de<\/p>\n","protected":false},"excerpt":{"rendered":"<p>Sie wurde 1977 in Pforzheim geboren, wo sie auch lebt. Nach der Schule besuchte sie ein Internat und absolvierte dort ihre Ausbildung in Hauswirtschaft. In dieser Zeit entdeckte sie ihren Hang zum Schreiben. Sie begann mit Tierfabeln und Kindergeschichten, was sie zun\u00e4chst nur f\u00fcr sich tat. Seit 2013 erfolgten mehrere Ver\u00f6ffentlichungen in Anthologien. 2018 ver\u00f6ffentlichte &hellip; <a href=\"https:\/\/www.goldstadt-autoren.de\/?page_id=208\" class=\"more-link\"><span class=\"screen-reader-text\">Alexandra Dietz<\/span> weiterlesen <span class=\"meta-nav\">&rarr;<\/span><\/a><\/p>\n","protected":false},"author":2,"featured_media":0,"parent":26,"menu_order":12,"comment_status":"closed","ping_status":"closed","template":"","meta":{"footnotes":""},"class_list":["post-208","page","type-page","status-publish","hentry"],"_links":{"self":[{"href":"https:\/\/www.goldstadt-autoren.de\/index.php?rest_route=\/wp\/v2\/pages\/208"}],"collection":[{"href":"https:\/\/www.goldstadt-autoren.de\/index.php?rest_route=\/wp\/v2\/pages"}],"about":[{"href":"https:\/\/www.goldstadt-autoren.de\/index.php?rest_route=\/wp\/v2\/types\/page"}],"author":[{"embeddable":true,"href":"https:\/\/www.goldstadt-autoren.de\/index.php?rest_route=\/wp\/v2\/users\/2"}],"replies":[{"embeddable":true,"href":"https:\/\/www.goldstadt-autoren.de\/index.php?rest_route=%2Fwp%2Fv2%2Fcomments&post=208"}],"version-history":[{"count":63,"href":"https:\/\/www.goldstadt-autoren.de\/index.php?rest_route=\/wp\/v2\/pages\/208\/revisions"}],"predecessor-version":[{"id":4046,"href":"https:\/\/www.goldstadt-autoren.de\/index.php?rest_route=\/wp\/v2\/pages\/208\/revisions\/4046"}],"up":[{"embeddable":true,"href":"https:\/\/www.goldstadt-autoren.de\/index.php?rest_route=\/wp\/v2\/pages\/26"}],"wp:attachment":[{"href":"https:\/\/www.goldstadt-autoren.de\/index.php?rest_route=%2Fwp%2Fv2%2Fmedia&parent=208"}],"curies":[{"name":"wp","href":"https:\/\/api.w.org\/{rel}","templated":true}]}}