{"id":2298,"date":"2019-06-04T09:45:24","date_gmt":"2019-06-04T07:45:24","guid":{"rendered":"https:\/\/www.goldstadt-autoren.de\/?page_id=2298"},"modified":"2024-10-12T11:43:33","modified_gmt":"2024-10-12T09:43:33","slug":"mike-cihlar","status":"publish","type":"page","link":"https:\/\/www.goldstadt-autoren.de\/?page_id=2298","title":{"rendered":"Patrick Kaltwasser"},"content":{"rendered":"<p><a href=\"https:\/\/www.goldstadt-autoren.de\/wp-content\/uploads\/2019\/07\/Cihlar_M__Kaltwasser_P_GA.jpg\"><img loading=\"lazy\" decoding=\"async\" class=\"alignleft size-full wp-image-2323\" src=\"https:\/\/www.goldstadt-autoren.de\/wp-content\/uploads\/2019\/07\/Cihlar_M__Kaltwasser_P_GA.jpg\" alt=\"\" width=\"100\" height=\"150\" \/><\/a>Patrick Kaltwasser erblickte am 7. September 1986 in Sinsheim die Welt. Bereits als Jugendlicher schrieb er Geschichten und Gedichte. B\u00fccher begleiten ihn sein ganzes Leben, und das Schreiben ist ein Teil von ihm. Er ist Mitglied im Goldstadt-Autoren e. V. und ver\u00f6ffentlicht Geschichten sowie Gedichte in Anthologien. Phantastik sowie Poesie und Lyrik sind seine Standbeine.<br \/>Im Jahr 2020 war er selbst Herausgeber der Anthologie \u201eInfiziert \u2013 Wir gehen viral\u201c. Seit 2022 ist er Herausgeber der d\u00fcsteren Anthologie-Reihe \u201eDark Journals\u201c beim Dark-Empire-Verlag und\u00a0beteiligt sich mit einer Kolumne auf dem Verlagsblog.<br \/><br \/><\/p>\n<h3>Ver\u00f6ffentlichungen als Herausgeber:<\/h3>\n<p><strong><em><a href=\"https:\/\/www.goldstadt-autoren.de\/wp-content\/uploads\/2023\/02\/Cover_Dark-Journals_GA.jpg\"><img loading=\"lazy\" decoding=\"async\" class=\"alignleft size-full wp-image-3358\" src=\"https:\/\/www.goldstadt-autoren.de\/wp-content\/uploads\/2023\/02\/Cover_Dark-Journals_GA.jpg\" alt=\"\" width=\"125\" height=\"200\" \/><\/a>Schwarzblut <\/em><\/strong>(Kurzgeschichte)<br \/>in: <strong><em>Dark Journals: Jahrmarkt des Grauens<\/em><\/strong><br \/>Anthologie<\/p>\n<p>Hrsg. Patrick Kaltwasser<br \/>Dark-Empire-Verlag, Berlin 2022<br \/>ISBN 978-3-9499-5299-9<br \/>Paperback, Taschenbuch, 444 Seiten, 14,99 EUR<br \/>auch als E-Book (ISBN: 978-3-9499-5266-1), 5,99 EUR<\/p>\n<p><em>Stell dir einen Jahrmarkt vor, der ganzj\u00e4hrig seine T\u00fcren \u00f6ffnet.<br \/>Ein Spa\u00df f\u00fcr Kinder, Erwachsene und \u2026 tote Seelen?<br \/>H\u00f6rst du fr\u00f6hliches Kinderlachen oder doch gequ\u00e4lte Schreie?<br \/>Oder sogar beides \u2026?<br \/>Komm mit mir. Der Eintritt kostet nur deine Seele.<br \/>Willkommen auf dem Dark Carnival.<br \/><br \/><\/em><\/p>\n<p><strong><em><a href=\"https:\/\/www.goldstadt-autoren.de\/wp-content\/uploads\/2020\/12\/Cover_Infiziert_GA.jpg\"><img loading=\"lazy\" decoding=\"async\" class=\"alignleft size-full wp-image-2786\" src=\"https:\/\/www.goldstadt-autoren.de\/wp-content\/uploads\/2020\/12\/Cover_Infiziert_GA.jpg\" alt=\"\" width=\"130\" height=\"200\" \/><\/a>Sieben Silben f\u00fcrs Ges\u00e4\u00df <\/em><\/strong>(Gedicht) und<br \/><strong><em>Hamster-Boy<\/em><\/strong> (Kurzgeschichte) in:<br \/><strong><em>Infiziert \u2013 Wir gehen viral<br \/><\/em><\/strong>Anthologie<\/p>\n<p>Hrsg. Patrick Kaltwasser und Luna Day<br \/>Verlag BoD \u2013 Books on Demand, Norderstedt 2020<br \/>ISBN 978-3-7519-9987-8<br \/>Paperback, Taschenbuch, 368 Seiten, 15,00 EUR,<br \/>auch als E-Book (ISBN-10; 3-7519-9987-6), 5,99 EUR<br \/><em><br \/>Ein Fl\u00fcstern aus fernem Lande. Pl\u00f6tzlich war es da: Corona \u2013 das Virus, das die Welt ins Stocken brachte. Uns aber hat es inspiriert, Geschichten zu schreiben. Sind unbekannte Krankheiten und damit verbundene Krisen neu? Nein. Wird es die letzte gewesen sein? Die Zukunft wird es zeigen. Mit dieser Problematik besch\u00e4ftigen sich die Erz\u00e4hlungen auf ernste, aber auch humorvolle Weise. Die Hauptfiguren k\u00e4mpfen in unterschiedlichsten Szenarien um das \u00dcberleben von sich selbst und anderen: Vampire, die Menschen hamstern, um ihren Blutdurst zu stillen, eine Gestaltwandlerin mit Helferwunsch, ein Hamster mitten in der Coronakrise, eine Rolle Klopapier mit Starall\u00fcren, Agenten im Afrika des 20. Jahrhunderts und vieles mehr. Lasst euch mit unseren Geschichten und Gedichten die Zeit vers\u00fc\u00dfen. Bleibt gesund und passt auf euch auf.<br \/><\/em>Der Erl\u00f6s dieses Buches unterst\u00fctzt Kunstschaffende, die unter der Coronakrise leiden. Der Haupterl\u00f6s geht an \u201eUnterst\u00fctzung f\u00fcr Kulturschaffende Augsburg\u201c.<\/p>\n<h3><strong>Ver\u00f6ffentlichungen in Anthologien:<\/strong><\/h3>\n<p><strong><em><a href=\"https:\/\/www.goldstadt-autoren.de\/wp-content\/uploads\/2024\/01\/Anthologie_Cover_VBZB_GA.jpg\"><img loading=\"lazy\" decoding=\"async\" class=\"alignleft size-full wp-image-3774\" src=\"https:\/\/www.goldstadt-autoren.de\/wp-content\/uploads\/2024\/01\/Anthologie_Cover_VBZB_GA.jpg\" alt=\"\" width=\"127\" height=\"200\" \/><\/a>Emiliensteg | Goldsteine | Liebesschlossknacker<\/em><\/strong><br \/>Dreimal Lyrik mit Handlungsort Emiliensteg<br \/>in: VON BR\u00dcCKE ZU BR\u00dcCKE (Anthologie)<\/p>\n<p>Hrsg. Goldstadt-Autoren e. V.<br \/>BoD \u2013 Books on Demand, Norderstedt 2024<br \/>ISBN 978-3-7578-8671-4<br \/>Taschenbuch, 272 Seiten, 13,50 EUR; 8,99 EUR als E-Book<\/p>\n<p><strong><em>Auf, unter und neben den Br\u00fccken Pforzheims<br \/><\/em><\/strong><em>Br\u00fccken verbinden Menschen, sind Orte von Erinnerungen, dienen als Verstecke oder werden zu Tatorten. Die Goldstadt Pforzheim nennt mehr als f\u00fcnfzig Fluss-, Stra\u00dfen- und Bahngleis\u00fcberquerungen ihr Eigen.<br \/>Zweiundzwanzig dieser Br\u00fccken und Stege dienen als Inspiration f\u00fcr humorige bis nachdenkliche, fantastische bis lebensnahe Geschichten und Gedichte. Mit ihnen feiern die Mitglieder des Goldstadt-Autoren e.\u00a0V. das <strong>10-j\u00e4hrige Vereinsbestehen <\/strong>und ihre Verbundenheit mit der Stadt, die auch als \u201ePforte zum Schwarzwald\u201c bezeichnet wird.<\/em><\/p>\n<p>&nbsp;<\/p>\n<p><strong><em><a href=\"https:\/\/www.goldstadt-autoren.de\/wp-content\/uploads\/2022\/04\/Cover_Lyrik-des-Jahres-2021_GA.png\"><img loading=\"lazy\" decoding=\"async\" class=\"alignleft size-full wp-image-3172\" src=\"https:\/\/www.goldstadt-autoren.de\/wp-content\/uploads\/2022\/04\/Cover_Lyrik-des-Jahres-2021_GA.png\" alt=\"\" width=\"126\" height=\"200\" \/><\/a>Lautlos <\/em><\/strong>und <strong><em>Der Federkiel<\/em><\/strong> (Gedichte)<strong><em><br \/><\/em><\/strong>in: \u201eLyrik des Jahres 2021\u201c (Anthologie)<\/p>\n<p>Hrsg. Christian Dinse<br \/>EASTWORD Verlag, Erfurt 2022<br \/>ISBN-10: \u200e3948851018 | ISBN-13: \u200e978-3-948851019<br \/>Taschenbuch, 112 Seiten, 8,99 EUR, auch als E-Book, 4,99 EUR<\/p>\n<p><em>Worte sind mehr als blo\u00dfes Mittel zum Zweck. Als wichtigster Grundstein der modernen, zwischenmenschlichen Kommunikation sind sie gleichsam Heilung und Waffe, erm\u00f6glichen Bildung, Unabh\u00e4ngigkeit und Freiheit, helfen Tr\u00e4ume zu verwirklichen, l\u00f6sen Leiden (auf sowie aus) und unterhalten. Was Worte auch sind: individuell und vielf\u00e4ltig. Die Reichhaltigkeit von Worten und ihrer Wirkung und Leistung ist ihr gr\u00f6\u00dftes Gut und das, was wir festhalten. Die EASTWORD-Anthologie \u00bbLyrik des Jahres 2021\u00ab ist unser erster Sammelband moderner, zeitgen\u00f6ssischer Lyrik und Prosa und beinhaltet Texte von insgesamt 60 verschiedenen Autorinnen und Autoren aus vier europ\u00e4ischen L\u00e4ndern.<\/em><\/p>\n<p>&nbsp;<\/p>\n<p><strong><em><a href=\"https:\/\/www.goldstadt-autoren.de\/wp-content\/uploads\/2022\/01\/Flutopfer-Hilfe_Band2_GA.jpg\"><img loading=\"lazy\" decoding=\"async\" class=\"alignleft size-full wp-image-3093\" src=\"https:\/\/www.goldstadt-autoren.de\/wp-content\/uploads\/2022\/01\/Flutopfer-Hilfe_Band2_GA.jpg\" alt=\"\" width=\"131\" height=\"200\" \/><\/a>Liebeszauber<\/em><\/strong> (Gedicht)<br \/>in: \u201eHilfe f\u00fcr die Flutopfer NRW\u201c (Anthologie, Band 2)<\/p>\n<p>Hrsg. Anja Zachrau<br \/>Verlag epubli, Berlin 2022<br \/>ISBN 978-3-754942574<br \/>Taschenbuch, 200 Seiten, 11,99 EUR<\/p>\n<p><em>Diese Spendenanthologie zugunsten der Flutopfer 2021 ist ein tolles Gemeinschaftsprojekt der Autorengemeinschaft #wirschreibenf\u00fcrahrweiler.<br \/>Diese 7-teilige Spendenbuchreihe ist ein Mammutprojekt und gelebte Solidarit\u00e4t mit einem ganz einzigartigen Charme und Charakter.<\/em><\/p>\n<p>&nbsp;<\/p>\n<p><strong><em><a href=\"https:\/\/www.goldstadt-autoren.de\/wp-content\/uploads\/2022\/01\/Flutopfer-Hilfe_Band1_GA.jpg\"><img loading=\"lazy\" decoding=\"async\" class=\"alignleft size-full wp-image-3092\" src=\"https:\/\/www.goldstadt-autoren.de\/wp-content\/uploads\/2022\/01\/Flutopfer-Hilfe_Band1_GA.jpg\" alt=\"\" width=\"131\" height=\"200\" \/><\/a>Leuchtturm der Hoffnung<\/em><\/strong> (Gedicht)<br \/>in: \u201eHilfe f\u00fcr die Flutopfer RLP\u201c (Anthologie, Band 1)<\/p>\n<p>Hrsg. Anja Zachrau<br \/>Verlag epubli, Berlin 2021<br \/>ISBN 978-3-754934470<br \/>Taschenbuch, 200 Seiten, 11,99 EUR<\/p>\n<p><em>Diese Spendenanthologie zugunsten der Flutopfer 2021 ist ein tolles Gemeinschaftsprojekt der Autorengemeinschaft #wirschreibenf\u00fcrahrweiler.<br \/>Diese 7-teilige Spendenbuchreihe ist ein Mammutprojekt und gelebte Solidarit\u00e4t.<\/em><\/p>\n<p>&nbsp;<\/p>\n<p><strong><em><a href=\"https:\/\/www.goldstadt-autoren.de\/wp-content\/uploads\/2021\/11\/Cover_Glitzer_GA.png\"><img loading=\"lazy\" decoding=\"async\" class=\"alignleft size-full wp-image-3064\" src=\"https:\/\/www.goldstadt-autoren.de\/wp-content\/uploads\/2021\/11\/Cover_Glitzer_GA.png\" alt=\"\" width=\"125\" height=\"200\" \/><\/a>Mario und der Weihnachtsmann<\/em><\/strong> (Kurzgeschichte)<br \/>in: \u201eGlitzer ohne Grenzen: weihnachtliche Kitschgeschichten\u201c (Anthologie)<\/p>\n<p>Hrsg. Ela Bloom und Anny Thorn<br \/>Verlag Amazon Publishing, 2021<br \/>ISBN 979-8-499190692<br \/>Taschenbuch, 324 Seiten, 14,00 EUR, auch als E-Book, 3,99 EUR<\/p>\n<p><em>Was w\u00e4re Weihnachten ohne Glitzer? Die Lichterketten funkeln, das Lametta glitzert und die Luft duftet nach Lebkuchen. Gerade in der Adventszeit r\u00fccken wir n\u00e4her zusammen, besinnen uns auf das, was wirklich wichtig ist: Liebe, Familie und W\u00e4rme. Bereit f\u00fcr jede Menge Geschichten voller Glitzerstaub und Mistelzweige?<\/em><br \/><em><br \/>Was w\u00e4re die Welt ohne \u00c4rzte? Die Erl\u00f6se dieser Anthologie werden ausnahmslos an \u201e\u00c4rzte ohne Grenzen\u201c gespendet.<\/em><\/p>\n<p>&nbsp;<\/p>\n<p><strong><em><a href=\"https:\/\/www.goldstadt-autoren.de\/wp-content\/uploads\/2019\/11\/Cover_Vergessene-Pfade_GA-kl.png\"><img loading=\"lazy\" decoding=\"async\" class=\"alignleft size-full wp-image-2438\" src=\"https:\/\/www.goldstadt-autoren.de\/wp-content\/uploads\/2019\/11\/Cover_Vergessene-Pfade_GA-kl.png\" alt=\"\" width=\"126\" height=\"200\" \/><\/a>Riesen fallen tiefer<\/em><\/strong> (Kurzgeschichte) und<br \/><strong><em>Mondtage<\/em><\/strong> (Gedicht)<br \/>in: \u201eVergessene Pfade &#8211; Mythen und Sagen neu aufgelegt\u201c (Anthologie)<\/p>\n<p>Hrsg. Adrian R. Stiller &amp; Michaela Leicht<br \/>Verlag: Books on Demand, Norderstedt 2019<br \/>ISBN-13: 978-3-7504-1315-3<br \/>Taschenbuch, 376 Seiten, 14,99 EUR, als E-Book 9,99 EUR.<\/p>\n<p><em>Du dachtest, sie w\u00e4ren verschwunden? Vergessen im Nebel der Geschichte? Du hast B\u00fccher \u00fcber sie gelesen. Wie sie Menschen locken, in ihren Bann ziehen, t\u00f6ten. Sie hausen in Waldh\u00f6hlen, Kl\u00fcften und Seen, fernab der Zivilisation, fernab der Zeit.<br \/>Mythen und Sagen aus vergangenen Jahrhunderten. Wir erwecken sie zum Leben, holen sie in die Gegenwart und lassen sie sein, was sie immer waren: Eine Erkl\u00e4rung der Menschen f\u00fcr das, was ihnen unbekannt ist. Sie sind zur\u00fcck: R\u00fcbezahl, Loreley, Winselmutter, Dengelgeist, Roggenmuhme, Erkinger und viele weitere.<br \/><\/em>Der gesamte Erl\u00f6s dieses Buches unterst\u00fctzt folgende Institutionen: Deutsche Stiftung Denkmalschutz, F\u00f6rderkreis Burg Ranis e. V.<\/p>\n<h3><strong>Weitere Ver\u00f6ffentlichungen:<\/strong><\/h3>\n<p><strong><em>Strahlen der Freundschaft, Der Greis, An der Schule,<\/em><\/strong> Gedichte in: \u201eEntz\u00fcnde den Funken\u201c (Anthologie), Hrsg. Adrian R. Stiller &amp; Siiri Saunders, Verlag TWENTYSIX, M\u00fcnchen\/Norderstedt 2018, ISBN 978-3-7407-5115-9.<br \/><strong><em>Das Motivationsgedicht<\/em><\/strong>, Gedicht in Zusammenarbeit mit Tenja Tales, erschienen im Schreibnacht-Magazin, 2018 (Online).<br \/><strong><em>Das B\u00fccherfresserlein<\/em><\/strong>, Kurzgeschichte, erschienen im Schreibnacht-Magazin, 2019 (Online).<\/p>\n<h3><strong>Mehr Informationen:<\/strong><\/h3>\n<p>E-Mail: patrick_kaltwasser@web.de || mike.cihlar@web.de<br \/>Internet\/Linktree: https:\/\/patrickkaltwasserautor.wordpress.com\/linktree\/<br \/>Homepage: <a href=\"https:\/\/patrickkaltwasserautor.wordpress.com\" target=\"_blank\" rel=\"noopener\">https:\/\/patrickkaltwasserautor.wordpress.com<\/a><br \/><br \/><\/p>\n\n\n<p><\/p>\n","protected":false},"excerpt":{"rendered":"<p>Patrick Kaltwasser erblickte am 7. September 1986 in Sinsheim die Welt. Bereits als Jugendlicher schrieb er Geschichten und Gedichte. B\u00fccher begleiten ihn sein ganzes Leben, und das Schreiben ist ein Teil von ihm. Er ist Mitglied im Goldstadt-Autoren e. V. und ver\u00f6ffentlicht Geschichten sowie Gedichte in Anthologien. Phantastik sowie Poesie und Lyrik sind seine Standbeine.Im &hellip; <a href=\"https:\/\/www.goldstadt-autoren.de\/?page_id=2298\" class=\"more-link\"><span class=\"screen-reader-text\">Patrick Kaltwasser<\/span> weiterlesen <span class=\"meta-nav\">&rarr;<\/span><\/a><\/p>\n","protected":false},"author":2,"featured_media":0,"parent":26,"menu_order":25,"comment_status":"closed","ping_status":"closed","template":"","meta":{"footnotes":""},"class_list":["post-2298","page","type-page","status-publish","hentry"],"_links":{"self":[{"href":"https:\/\/www.goldstadt-autoren.de\/index.php?rest_route=\/wp\/v2\/pages\/2298"}],"collection":[{"href":"https:\/\/www.goldstadt-autoren.de\/index.php?rest_route=\/wp\/v2\/pages"}],"about":[{"href":"https:\/\/www.goldstadt-autoren.de\/index.php?rest_route=\/wp\/v2\/types\/page"}],"author":[{"embeddable":true,"href":"https:\/\/www.goldstadt-autoren.de\/index.php?rest_route=\/wp\/v2\/users\/2"}],"replies":[{"embeddable":true,"href":"https:\/\/www.goldstadt-autoren.de\/index.php?rest_route=%2Fwp%2Fv2%2Fcomments&post=2298"}],"version-history":[{"count":25,"href":"https:\/\/www.goldstadt-autoren.de\/index.php?rest_route=\/wp\/v2\/pages\/2298\/revisions"}],"predecessor-version":[{"id":4132,"href":"https:\/\/www.goldstadt-autoren.de\/index.php?rest_route=\/wp\/v2\/pages\/2298\/revisions\/4132"}],"up":[{"embeddable":true,"href":"https:\/\/www.goldstadt-autoren.de\/index.php?rest_route=\/wp\/v2\/pages\/26"}],"wp:attachment":[{"href":"https:\/\/www.goldstadt-autoren.de\/index.php?rest_route=%2Fwp%2Fv2%2Fmedia&parent=2298"}],"curies":[{"name":"wp","href":"https:\/\/api.w.org\/{rel}","templated":true}]}}