{"id":282,"date":"2014-08-15T13:37:40","date_gmt":"2014-08-15T11:37:40","guid":{"rendered":"http:\/\/www.goldstadt-autoren.de\/?page_id=282"},"modified":"2024-09-07T16:58:29","modified_gmt":"2024-09-07T14:58:29","slug":"carmilla-dewinter","status":"publish","type":"page","link":"https:\/\/www.goldstadt-autoren.de\/?page_id=282","title":{"rendered":"Carmilla DeWinter"},"content":{"rendered":"<p><a href=\"https:\/\/www.goldstadt-autoren.de\/wp-content\/uploads\/2014\/08\/DeWinter-Carmilla.jpg\"><img loading=\"lazy\" decoding=\"async\" class=\"alignleft wp-image-281 size-full\" src=\"https:\/\/www.goldstadt-autoren.de\/wp-content\/uploads\/2014\/08\/DeWinter-Carmilla.jpg\" alt=\"DeWinter Carmilla\" width=\"100\" height=\"150\" \/><\/a>Sie wurde 1981 in Pforzheim geboren, studierte in W\u00fcrzburg und lebt nun wieder im Enzkreis. Ihr b\u00fcrgerliches Alter Ego arbeitet als Apothekerin.<br \/>\nZu lesen gibt es haupts\u00e4chlich Phantastik. Carmilla DeWinter schreibt lieber Drama als Action und hat eine Schw\u00e4che f\u00fcr Figuren, die zum queeren Buchstabensalat geh\u00f6ren \u2013 also LesBiSchwulTrans*InterAsex &#8230;<br \/>\nNebenbei ist sie Mitarbeiterin im \u201eBundesamt f\u00fcr magische Wesen\u201c, einem Zusammenschluss deutscher Fantasy-Autor*innen.<br \/>\nAu\u00dferdem von ihr zu finden sind gedruckte Meinungen und Essays zum Feminismus und dem bereits erw\u00e4hnten Buchstabensalat sowie jede Menge Blogposts.<br \/>\n<span style=\"color: #ffffff;\">.<\/span><\/p>\n<h3><strong>Ver\u00f6ffentlichungen:<\/strong><\/h3>\n<p><strong><em><a href=\"https:\/\/www.goldstadt-autoren.de\/wp-content\/uploads\/2022\/10\/Cover_Aus-dem-Off_GA.jpg\"><img loading=\"lazy\" decoding=\"async\" class=\"alignleft size-full wp-image-3252\" src=\"https:\/\/www.goldstadt-autoren.de\/wp-content\/uploads\/2022\/10\/Cover_Aus-dem-Off_GA.jpg\" alt=\"\" width=\"131\" height=\"200\" \/><\/a>AUS DEM OFF<br \/>\n<\/em><\/strong>Asexualit\u00e4t, Aromantik und die Sache mit dem Gl\u00fcck<\/p>\n<p>MaroHeft #8<br \/>\nEssay mit Illustrationen von Jasmin Dreyer<br \/>\nMaroVerlag, Augsburg 2022<br \/>\nISBN 978-3-87512-623-5<br \/>\nFadenheftung, 36 Seiten plus Poster<br \/>\n<span style=\"color: #ffffff;\">.<\/span><\/p>\n<p><a href=\"https:\/\/www.goldstadt-autoren.de\/wp-content\/uploads\/2022\/05\/Cover_Lokis-Fesseln_GA.jpg\"><img loading=\"lazy\" decoding=\"async\" class=\"alignleft size-full wp-image-3197\" src=\"https:\/\/www.goldstadt-autoren.de\/wp-content\/uploads\/2022\/05\/Cover_Lokis-Fesseln_GA.jpg\" alt=\"\" width=\"140\" height=\"200\" \/><\/a><em><strong>LOKIS FESSELN<\/strong><\/em><br \/>\nFantasy-Roman<\/p>\n<p>Verlag Edition Roter Drache, Meschede 2022<br \/>\nISBN 978-3-96815-034-5<br \/>\nBroschur, 300 Seiten, 14,00 EUR<\/p>\n<p><em>Da das Polareis taut, ist J\u00f6rmungand, der Midgarddrache, aus seinem Gef\u00e4ngnis erwacht. F\u00fcr seinen Vater Loki ist das nicht nur Grund zur Freude: Als Odin J\u00f6rmungand und seine Geschwister Hel und Fenris verbannt hat, lie\u00df Loki es einfach zu. Dieser Verrat wird sich nun r\u00e4chen. Aber das ist nicht Lokis einzige Sorge. Nach dem Sieg des Christentums hat der Allvater die Zug\u00e4nge zu Helheim und Utgard mit Runensteinen versiegelt. Sollten Menschen diese im Permafrost entdecken, droht die Welt von Riesen und Untoten \u00fcberrannt zu werden. <\/em><em>Um die n\u00f6tige Reise nicht organisieren zu m\u00fcssen, schl\u00e4gt Loki bei der Heidin Jasna auf. Die hat seherisches Talent und zeigt sich wegen ihrer Asexualit\u00e4t gegen s\u00e4mtliche Flirtversuche immun, die Loki in jeglicher Gestalt unternimmt. Trotzdem l\u00e4sst sie sich \u00fcberzeugen.<\/em><br \/>\n<em>Unterwegs muss es Loki mit einer Noch-Ehefrau, einem Ex, einer ungehaltenen Tochter, J\u00f6rs transfeindlichen Spr\u00fcchen und den gesammelten Familiengeheimnissen aufnehmen.<\/em><\/p>\n<p><a href=\"https:\/\/www.goldstadt-autoren.de\/wp-content\/uploads\/2021\/02\/Cover_Asexuell_GA.jpg\"><img loading=\"lazy\" decoding=\"async\" class=\"alignleft size-full wp-image-2813\" src=\"https:\/\/www.goldstadt-autoren.de\/wp-content\/uploads\/2021\/02\/Cover_Asexuell_GA.jpg\" alt=\"\" width=\"142\" height=\"200\" \/><\/a><em><strong>DAS ASEXUELLE SPEKTRUM<\/strong><\/em><br \/>\nEine Erkundungstour<\/p>\n<p>Marta-Press, Hamburg 2021<br \/>\nISBN 978-3-944442-97-6<br \/>\nTaschenbuch, 264 Seiten, 24,00 EUR<\/p>\n<p><em>Asexualit\u00e4t? Nie geh\u00f6rt! Gibt es das? Menschen auf dem asexuellen Spektrum haben es oft mit Unglauben zu tun, sofern sie \u00fcberhaupt wissen, dass es ein Wort f\u00fcr ihre Empfindungen gibt. Wor\u00fcber sprechen wir, wenn wir \u201eAsexualit\u00e4t\u201c sagen? Was ist das asexuelle Spektrum? N\u00fctzt es etwas, die romantische von der sexuellen Orientierung zu trennen? Und wieso glauben viele nicht, dass Menschen asexuell sein k\u00f6nnen? Die Aktivistin Carmilla DeWinter beantwortet in diesem Buch unterhaltsam und informativ die h\u00e4ufigsten Fragen zum Thema.<\/em><\/p>\n<p><em><strong><a href=\"https:\/\/www.goldstadt-autoren.de\/wp-content\/uploads\/2019\/02\/Cover_A-Karte_GA.jpg\"><img loading=\"lazy\" decoding=\"async\" class=\"alignleft size-full wp-image-2140\" src=\"https:\/\/www.goldstadt-autoren.de\/wp-content\/uploads\/2019\/02\/Cover_A-Karte_GA.jpg\" alt=\"\" width=\"125\" height=\"200\" \/><\/a>DIE A-KARTE<\/strong><\/em><br \/>\nFantasy-Roman<\/p>\n<p>BoD \u2013 Books on Demand, Norderstedt 2019<br \/>\nISBN 978-3-7481-3940-9<br \/>\nTaschenbuch, 228 Seiten, 8,99 EUR<br \/>\nKindle-E-Buch (2018) 2,99 EUR<\/p>\n<p><em>Wie soll man als Inkubus einen asexuellen Juristen verf\u00fchren? Es ist nicht ganz einfach, im Auftrag der h\u00f6llischen Heerscharen einen Spitzel f\u00fcrs Bundesverfassungsgericht zu werben, wenn die betreffende Zielperson so gar kein Interesse an den Avancen eines D\u00e4mons zeigt. Um diese sprichw\u00f6rtliche A-Karte in einen Trumpf zu verwandeln, muss der Inkubus Andreas seine Methoden hinterfragen und seine lang verdr\u00e4ngte romantische Ader wieder ausgraben. Eine queer-romantische Kom\u00f6die nicht nur f\u00fcr Nerds.<\/em><\/p>\n<p><a href=\"https:\/\/www.goldstadt-autoren.de\/wp-content\/uploads\/2018\/08\/Cover_Albenherz_GA.jpg\"><img loading=\"lazy\" decoding=\"async\" class=\"alignleft size-full wp-image-1911\" src=\"https:\/\/www.goldstadt-autoren.de\/wp-content\/uploads\/2018\/08\/Cover_Albenherz_GA.jpg\" alt=\"\" width=\"140\" height=\"200\" \/><\/a><\/p>\n<p><strong><em>ALBENHERZ<br \/>\n<\/em><\/strong>Fantasy-Roman<\/p>\n<p>dead soft Verlag, Mettingen 2018<br \/>\nISBN 978-3-960892-30-4<br \/>\nSoftcover, broschiert, 320 Seiten, 11,99 EUR<br \/>\nE-Buch in allen g\u00e4ngigen Formaten 4,99 EUR<\/p>\n<p><em>Nach einem Schiffbruch im letzten Herbst erinnert sich Cassius weder an seinen richtigen Namen noch an seine Herkunft. Trotzdem schl\u00e4gt er sich erfolgreich als Gladiator durch und genie\u00dft sein neues Leben. Doch dann entkommt er nur knapp einem Mordversuch durch eine Zauberin. Der ebenso geheimnisvolle wie attraktive Magier Marron besch\u00fctzt ihn.<br \/>\nDa Cassius sich in seinem fr\u00fcheren Leben Feinde gemacht hat, bietet ihm Marron ein Gesch\u00e4ft an: Er wird daf\u00fcr sorgen, dass Cassius sein Ged\u00e4chtnis wiedererlangt. Im Gegenzug soll dieser Marron helfen, dessen Mutter zu befreien, die als politische Geisel festgehalten wird \u2013 und an deren Entf\u00fchrung Cassius angeblich beteiligt war. Halb aus schlechtem Gewissen, halb aus Begehren stimmt er zu.<\/em><\/p>\n<p><strong><em><a href=\"https:\/\/www.goldstadt-autoren.de\/wp-content\/uploads\/2018\/02\/Cover_Jinn_GA.jpg\"><img loading=\"lazy\" decoding=\"async\" class=\"alignleft wp-image-1693 size-full\" src=\"https:\/\/www.goldstadt-autoren.de\/wp-content\/uploads\/2018\/02\/Cover_Jinn_GA.jpg\" alt=\"Cover_Jinn_GA\" width=\"141\" height=\"200\" \/><\/a>JINNT\u00d6CHTER: K_EIN ORIENTALISCHES M\u00c4RCHEN<br \/>\n<\/em><\/strong>Fantasy-Roman<\/p>\n<p>Verlag Edition Roter Drache, Remda-Teichel 2018,<br \/>\nISBN 978-3-946425-41-0<br \/>\nSoftcover, 338 Seiten, 14,95 EUR<\/p>\n<p><em>Vor f\u00fcnfundzwanzig Jahren haben die Helgen aus dem Norden das Land Iradoun eingenommen, doch dessen Reicht\u00fcmer sind ihnen nicht mehr genug: Die nordischen Besatzer gieren nach den Sch\u00e4tzen s\u00fcdlich der W\u00fcste. Gleichzeitig bereiten k\u00f6nigstreue Verschw\u00f6rer einen Aufstand vor und verb\u00fcnden sich daf\u00fcr mit einem Jinn. Dieser Jinn jedoch verfolgt seine eigenen Ziele. <\/em><em>W\u00e4hrenddessen w\u00fcnscht sich die Hure Maya nichts sehnlicher als eine eigene Familie, Politik ist ihr gleichg\u00fcltig. Erst als sie dem entlaufenen Zwangsarbeiter Khamer bei der Flucht vor den Besatzern ihrer Heimat hilft, begreift sie, dass sie sich den Intrigen nicht l\u00e4nger entziehen kann.<br \/>\n<\/em><em>Noch ahnt niemand, dass in ihr ein Geheimnis schlummert, auf das es einer der Verschw\u00f6rer besonders abgesehen hat.<\/em><\/p>\n<p><a href=\"https:\/\/www.goldstadt-autoren.de\/wp-content\/uploads\/2017\/04\/Cover_Albenzauber_GA.jpg\"><img loading=\"lazy\" decoding=\"async\" class=\"alignleft wp-image-1304 size-full\" src=\"https:\/\/www.goldstadt-autoren.de\/wp-content\/uploads\/2017\/04\/Cover_Albenzauber_GA.jpg\" alt=\"Cover_Albenzauber_GA\" width=\"141\" height=\"200\" \/><\/a><em><b>ALBENZAUBER<\/b><\/em><br \/>\nFantasy-Roman<\/p>\n<p>BoD Norderstedt 2017\/Pforzheim 2017<br \/>\nISBN 978-3-743162-61-7<br \/>\nSoftcover, 340 Seiten, 11,99 EUR<br \/>\nKindle-Ausgabe und andere E-Formate 3,99 EUR<\/p>\n<p><em>Nives, Kinderfrau am Hofe des Albenk\u00f6nigs, flieht mit dem Prinzen Cir vor einem Umsturz in die Welt der Menschen. Als Nives Jahre sp\u00e4ter versehentlich einen jungen Mann mit dem Albenzauber um den Verstand bringt, suchen sie und Cir in ihrer alten Heimat nach einem Heilmittel. Dort aber bereitet die Thronr\u00e4uberin Noctuola einen Krieg mit den Menschen vor. Cir f\u00fcrchtet um sein Erbe und erbittet einen Spruch von einer Seherin: Um Noctuola zu besiegen und dauerhaft nach Hause zur\u00fcckzukehren, m\u00fcssen Nives und er einen Menschen finden, weder Mann noch Frau, der gegen den Albenzauber gefeit ist.<\/em><br \/>\n<em>Enth\u00e4lt: Eine Kinderfrau und ihren Prinzen im Exil, eine ebenso machtgeile wie sch\u00f6ne K\u00f6nigin, eine*n abenteuerlustige*n Magier*in mit weiblichen Pronomen sowie echte und gedankliche Gef\u00e4ngniszellen.<\/em><\/p>\n<p><strong><em><a href=\"https:\/\/www.goldstadt-autoren.de\/wp-content\/uploads\/2016\/10\/Cover_Albenerbe1_GA.jpg\"><img loading=\"lazy\" decoding=\"async\" class=\"alignleft wp-image-1079 size-full\" src=\"https:\/\/www.goldstadt-autoren.de\/wp-content\/uploads\/2016\/10\/Cover_Albenerbe1_GA.jpg\" alt=\"cover_albenerbe1_ga\" width=\"141\" height=\"200\" \/><\/a><\/em><\/strong><\/p>\n<p><strong><em>ALBENERBE &#8211; DAS BLUT VON K\u00d6NIGEN<br \/>\n<\/em><\/strong>Gay Fantasy-Roman<\/p>\n<p>dead soft verlag, Mettingen 2016<br \/>\nISBN 978-3-9608-9011-9<br \/>\nSoftcover, broschiert, 312 Seiten, 11,99 EUR<br \/>\nE-Buch in allen g\u00e4ngigen Formaten 5,99 EUR<\/p>\n<p><em>\u201eWenn du f\u00fcr deinen Partner alles zur\u00fcckgelassen hast, was du kennst \u2026 wer bist du dann eigentlich?\u201c<br \/>\n<\/em><em>Tankred sch\u00e4kert nur mit dem Gestaltwandler Marron, um herauszufinden, wie wichtig er seinem Gef\u00e4hrten Alea ist. Denn Aleas Familie lehnt ihn ab, und zu allem \u00dcberfluss ger\u00e4t er in ein Netz aus Intrigen, weil der F\u00fcrst seiner neuen Heimat nach einem magischen Anschlag im Sterben liegt. Welche Rolle spielt der gutaussehende Marron dabei? Zahlreiche Geheimnisse umgeben ihn und k\u00f6nnten Tankred zum Verh\u00e4ngnis werden.<br \/>\n<span style=\"color: #ffffff;\">.<\/span><br \/>\n<\/em><\/p>\n<p><strong><em><a href=\"https:\/\/www.goldstadt-autoren.de\/wp-content\/uploads\/2024\/01\/Anthologie_Cover_VBZB_GA.jpg\"><img loading=\"lazy\" decoding=\"async\" class=\"alignleft size-full wp-image-3774\" src=\"https:\/\/www.goldstadt-autoren.de\/wp-content\/uploads\/2024\/01\/Anthologie_Cover_VBZB_GA.jpg\" alt=\"\" width=\"127\" height=\"200\" \/><\/a>Haltestelle: Bruchtalbr\u00fccke<\/em><\/strong><em><br \/>\n<\/em>Fantasy-Lyrik mit Handlungsort Bruchrainbr\u00fccke<br \/>\nund<br \/>\n<strong><em>Stahl oder Efeu<\/em><\/strong><br \/>\nFantasy-Kurzgeschichte mit Handlungsort Waag-Steg<br \/>\nin: VON BR\u00dcCKE ZU BR\u00dcCKE (Anthologie)<\/p>\n<p>Hrsg. Goldstadt-Autoren e. V.<br \/>\nBoD \u2013 Books on Demand, Norderstedt 2024<br \/>\nISBN 978-3-7578-8671-4<br \/>\nTaschenbuch, 272 Seiten, 13,50 EUR; 8,99 EUR als E-Book<\/p>\n<p><strong><em>Auf, unter und neben den Br\u00fccken Pforzheims<br \/>\n<\/em><\/strong><em>Br\u00fccken verbinden Menschen, sind Orte von Erinnerungen, dienen als Verstecke oder werden zu Tatorten. Die Goldstadt Pforzheim nennt mehr als f\u00fcnfzig Fluss-, Stra\u00dfen- und Bahngleis\u00fcberquerungen ihr Eigen. &#8211; Zweiundzwanzig dieser Br\u00fccken und Stege dienen als Inspiration f\u00fcr humorige bis nachdenkliche, fantastische bis lebensnahe Geschichten und Gedichte. Mit ihnen feiern die Mitglieder des Goldstadt-Autoren e. V. das <strong>10-j\u00e4hrige Vereinsbestehen <\/strong>und ihre Verbundenheit mit der Stadt, die auch als \u201ePforte zum Schwarzwald\u201c bezeichnet wird.<\/em><br \/>\n<span style=\"color: #ffffff;\">.<\/span><\/p>\n<p><strong><em><a href=\"https:\/\/www.goldstadt-autoren.de\/wp-content\/uploads\/2019\/01\/Cover_INDS_kl.jpg\"><img loading=\"lazy\" decoding=\"async\" class=\"alignleft size-full wp-image-2099\" src=\"https:\/\/www.goldstadt-autoren.de\/wp-content\/uploads\/2019\/01\/Cover_INDS_kl.jpg\" alt=\"\" width=\"127\" height=\"200\" \/><\/a>Alle Wege f\u00fchren zum Teich<br \/>\n<\/em><\/strong>Fantasy-Kurzgeschichte in: IM NORDEN DES S\u00dcDENS (Anthologie)<\/p>\n<p>Hrsg. Goldstadt-Autoren e. V.<br \/>\nBoD \u2013 Books on Demand, Norderstedt 2019<br \/>\nISBN 978-3-7481-4134-1<br \/>\nTaschenbuch, 192 Seiten, 8,00 EUR; auch als E-Book<\/p>\n<p><strong><em>M\u00e4rchen, Mord und mehr aus Pforzheim und Umgebung<\/em><\/strong><br \/>\n<em>Zum f\u00fcnfj\u00e4hrigen Vereinsjubil\u00e4um setzen sich 17 Autorinnen und Autoren mit der Region auseinander, in der sie leben. In spannenden, bissigen, tiefgr\u00fcndigen oder humorvollen Geschichten und Gedichten gibt es f\u00fcr Alteingesessene und Reingeschmeckte gleicherma\u00dfen viel zu entdecken.<span style=\"color: #ffffff;\">.<\/span><br \/>\n<span style=\"color: #ffffff;\">.<\/span><\/em><\/p>\n<h3>Weitere Ver\u00f6ffentlichungen:<\/h3>\n<p><strong><em>Der Schatz des K\u00f6nigs,<\/em><\/strong> Kurzgeschichte in: \u201eSchwertgesang und Zauberschatten. Fantasy mit starken Frauen\u201c (Anthologie), Hrsg. Birgit Otten, Machandel Verlag, Hasel\u00fcnne 2022, ISBN 978-3-95959-352-6.<br \/>\n<strong><em>Succubus Escort International<\/em><\/strong> und <strong><em>Wurzellos,<\/em><\/strong> Kurzgeschichten in: \u201eBeweisst\u00fcck A. Eine a_sexuelle Anthologie\u201c, Hrsg. Carmilla DeWinter und Carmen Ke\u00dfler, Verlag BoD, Norderstedt 2021, ISBN 9783754346570.<br \/>\n<strong><em><b><i>Raue N\u00e4chte, <\/i><\/b><\/em><\/strong>Kurzgeschichte in: \u201ePink Christmas 8\u201c (Anthologie), Himmelst\u00fcrmer Verlag, Hamburg 2018, ISBN 978-3-8636-1729-5<i><\/i><strong><em><b><i>.<br \/>\nStadt Land Jinn,\u00a0<\/i><\/b><\/em><\/strong>Fantasy-Kurzgeschichte in: \u201eEinen Rosengarten versprach ich nie\u201c (Anthologie), Bundeslurch Verlag, Bonn 2018, ISBN 978-3-963500-01-5.<strong><em><br \/>\nRuhige Feiertage, <\/em><\/strong>Kurzgeschichte in: \u201eWeihnachten und andere Amtsangelegenheiten: Arbeitsbericht des Bundesamtes f\u00fcr magische Wesen\u201c,\u00a0Bundeslurch Verlag, Bonn 2017, ISBN 978-3-96350-000-8 und ISBN-ePub: 978-3-96350-600-0.<br \/>\n<em><strong>Flo, seine M\u00e4nnergeschichten, Hugo<\/strong><strong> und ich<\/strong> <\/em>und\u00a0<b><i>Vergiss mein nicht,\u00a0<\/i><\/b>Kurzgeschichten in: \u201eDie andere Seite des Regenbogens: Queere Geschichten voller Farbe\u201c, Hrsg. Julia Fr\u00e4nkle, Traumt\u00e4nzer-Verlag, W\u00f6lfersheim 2017, ISBN 978-3-947031-12-2 (E-Book mobi), ISBN 978-3-947031-13-9 (E-Book ePub).<br \/>\n<strong><em>Treffpunkt Siegess\u00e4ule, <\/em><\/strong>Kurzgeschichte in:\u00a0\u201eSein sch\u00f6nster Sommer\u201c (Anthologie), Hrsg. J. Walther Create Space Independent Publishing, 2017, ISBN 978-1546597384.<br \/>\n<em><strong>ALBENERBE \u2013 DAS BLUT VON K\u00d6NIGEN, <\/strong><\/em>Gay Fantasy-Roman, Verlag dead soft, Mettingen 2016, ISBN 978-3-9608-9011-9.<br \/>\n<em><strong>Mitschnitt zur internen Qualit\u00e4tskontroll<\/strong><strong>e<\/strong> <\/em>und <em><strong>Achttausend N\u00e4chte,<\/strong><\/em> Kurzgeschichten in: &#8222;Arbeitsbericht des Bundesamtes f\u00fcr magische Wesen: Migration, Heimat und Herkunft&#8220;<em><strong>, <\/strong><\/em>Hrsg. Carmilla DeWinter,\u00a0 BoD, Norderstedt 2016, ISBN 978-3-839103-80-7.<br \/>\n<i><b>ALBENBRUT &#8211; EIN BINDENDER EID<\/b><\/i><b>\u00a0<\/b>und <em><strong>ALBENBRUT &#8211; GEBRANNTE KINDER,\u00a0<\/strong><\/em> Queer-Fantasy-Roman in zwei Teilen,\u00a0 dead soft Verlag, Mettingen 2014,\u00a0 ISBN 978-3-944737-40-9 und ISBN 978-3-944737-56-0.<br \/>\n<em><strong>Die Lady und die explizite Lyrik<\/strong>,<\/em> \u00dcberlegungen zur Pornographie, in: \u201eDie Prezi\u00f6se\u201c, Nr. 3, Juni 2014, Seite 22 f.<br \/>\n<em><strong>Ein Seidenstra\u00dfentraum(a)<\/strong>,<\/em> Reisebericht Usbekistan in: \u201eDie Prezi\u00f6se\u201c, Nr. 2, Juli 2013, Seite 68 ff.<br \/>\n<em><strong>Das gro\u00dfe, b\u00f6se Ace<\/strong>,<\/em> Polemik \u00fcber Ber\u00fchrungs\u00e4ngste innerhalb der Szene, in: \u201eDie Prezi\u00f6se\u201c, dem queeren Gesellschaftsmagazin, Nr. 1, April 2013, Seite 18 f.<\/p>\n<h3><strong>Mehr Informationen:<\/strong><\/h3>\n<p>E-Mail: carmilladewinter[bei]yahoo[punkt]de<br \/>\n<a href=\"http:\/\/www.carmilladewinter.com\" target=\"_blank\" rel=\"noopener\">Internet\/Blog und Leseproben: http:\/\/carmilladewinter.com<\/a><\/p>\n","protected":false},"excerpt":{"rendered":"<p>Sie wurde 1981 in Pforzheim geboren, studierte in W\u00fcrzburg und lebt nun wieder im Enzkreis. Ihr b\u00fcrgerliches Alter Ego arbeitet als Apothekerin. Zu lesen gibt es haupts\u00e4chlich Phantastik. Carmilla DeWinter schreibt lieber Drama als Action und hat eine Schw\u00e4che f\u00fcr Figuren, die zum queeren Buchstabensalat geh\u00f6ren \u2013 also LesBiSchwulTrans*InterAsex &#8230; Nebenbei ist sie Mitarbeiterin im &hellip; <a href=\"https:\/\/www.goldstadt-autoren.de\/?page_id=282\" class=\"more-link\"><span class=\"screen-reader-text\">Carmilla DeWinter<\/span> weiterlesen <span class=\"meta-nav\">&rarr;<\/span><\/a><\/p>\n","protected":false},"author":2,"featured_media":0,"parent":26,"menu_order":9,"comment_status":"closed","ping_status":"closed","template":"","meta":{"footnotes":""},"class_list":["post-282","page","type-page","status-publish","hentry"],"_links":{"self":[{"href":"https:\/\/www.goldstadt-autoren.de\/index.php?rest_route=\/wp\/v2\/pages\/282"}],"collection":[{"href":"https:\/\/www.goldstadt-autoren.de\/index.php?rest_route=\/wp\/v2\/pages"}],"about":[{"href":"https:\/\/www.goldstadt-autoren.de\/index.php?rest_route=\/wp\/v2\/types\/page"}],"author":[{"embeddable":true,"href":"https:\/\/www.goldstadt-autoren.de\/index.php?rest_route=\/wp\/v2\/users\/2"}],"replies":[{"embeddable":true,"href":"https:\/\/www.goldstadt-autoren.de\/index.php?rest_route=%2Fwp%2Fv2%2Fcomments&post=282"}],"version-history":[{"count":58,"href":"https:\/\/www.goldstadt-autoren.de\/index.php?rest_route=\/wp\/v2\/pages\/282\/revisions"}],"predecessor-version":[{"id":4044,"href":"https:\/\/www.goldstadt-autoren.de\/index.php?rest_route=\/wp\/v2\/pages\/282\/revisions\/4044"}],"up":[{"embeddable":true,"href":"https:\/\/www.goldstadt-autoren.de\/index.php?rest_route=\/wp\/v2\/pages\/26"}],"wp:attachment":[{"href":"https:\/\/www.goldstadt-autoren.de\/index.php?rest_route=%2Fwp%2Fv2%2Fmedia&parent=282"}],"curies":[{"name":"wp","href":"https:\/\/api.w.org\/{rel}","templated":true}]}}