{"id":3551,"date":"2023-08-01T15:23:49","date_gmt":"2023-08-01T13:23:49","guid":{"rendered":"https:\/\/www.goldstadt-autoren.de\/?page_id=3551"},"modified":"2025-12-30T12:00:12","modified_gmt":"2025-12-30T10:00:12","slug":"robert-geller","status":"publish","type":"page","link":"https:\/\/www.goldstadt-autoren.de\/?page_id=3551","title":{"rendered":"Robert Geller"},"content":{"rendered":"\n<p class=\"has-text-color\" style=\"color:#a0a3a3\"><\/p>\n\n\n<p><a href=\"https:\/\/www.goldstadt-autoren.de\/wp-content\/uploads\/2025\/01\/Geller-Robert_GA.jpg\"><img loading=\"lazy\" decoding=\"async\" class=\"alignleft size-full wp-image-4195\" src=\"https:\/\/www.goldstadt-autoren.de\/wp-content\/uploads\/2025\/01\/Geller-Robert_GA.jpg\" alt=\"\" width=\"100\" height=\"150\" \/><\/a>Robert Geller, 1963 in Bayreuth geboren, wuchs in Ispringen bei Pforzheim auf. \u00dcber den Beruf Banker und ein berufsbegleitendes BWL-Studium wechselte er bald in die IT und besch\u00e4ftigte sich fortan mit Bank-Software. Er lebt seit 1999 wieder in Ispringen und ist aktiver Leichtathlet mit Schwerpunkt Laufen. Als Leichtathletik-Trainer verbringt er au\u00dferdem viel Zeit.<br \/>Literatur ist eine weitere Leidenschaft, so dass er \u00fcber kurz oder lang selbst zum Schreiben gelangen musste. Sein Genre: Nicht ganz allt\u00e4gliche Belletristik.<br \/>Seit 2022 ist er Mitglied der Theodor-Storm-Gesellschaft, 2023 hat er sich den Goldstadt-Autoren angeschlossen.<\/p>\n<h3>Ver\u00f6ffentlichungen:<\/h3>\n<p><a href=\"https:\/\/www.goldstadt-autoren.de\/wp-content\/uploads\/2025\/01\/Cover_RG_Einfach-Leichtathletik_GA.jpg\"><img loading=\"lazy\" decoding=\"async\" class=\"alignleft size-full wp-image-4194\" src=\"https:\/\/www.goldstadt-autoren.de\/wp-content\/uploads\/2025\/01\/Cover_RG_Einfach-Leichtathletik_GA.jpg\" alt=\"\" width=\"139\" height=\"200\" \/><\/a><em><strong>EINFACH LEICHTATHLETIK<\/strong><\/em><br \/>Ein Lesebuch<\/p>\n<p>Verlag tredition, Ahrensburg 2025<br \/>ISBN 978-3-384-32797-0<br \/>Taschenbuch, 150 Seiten, 15,00 EUR<\/p>\n<p><em>Ein Zehnkampf in Gedichten und eine Reihe von Stories aus der Leichtathletik. Erfahrungen und Eindr\u00fccke zum Genie\u00dfen, aus vollkommen unterschiedlichen Perspektiven und angereichert mit Illustrationen von Gerald Manz.<\/em><br \/><em>\u201eAm wichtigsten ist es, das Feeling, das an einer Stelle besonders betont wird, zu sp\u00fcren.&#8220;<br \/><\/em><\/p>\n<p>&nbsp;<\/p>\n<p><strong><em data-rich-text-format-boundary=\"true\"><a href=\"https:\/\/www.goldstadt-autoren.de\/wp-content\/uploads\/2023\/08\/Cover_RG_Das-Land_GA.png\"><img loading=\"lazy\" decoding=\"async\" class=\"alignleft size-full wp-image-3547\" src=\"https:\/\/www.goldstadt-autoren.de\/wp-content\/uploads\/2023\/08\/Cover_RG_Das-Land_GA.png\" alt=\"\" width=\"127\" height=\"200\" \/><\/a><\/em><\/strong><strong><em data-rich-text-format-boundary=\"true\">DAS LAND<br data-rich-text-line-break=\"true\" \/><\/em><\/strong>Roman<br data-rich-text-line-break=\"true\" \/><br data-rich-text-line-break=\"true\" \/>Verlag tredition, Hamburg 2022<br data-rich-text-line-break=\"true\" \/>ISBN 978-3-347-69903-8\/978-3-347-69904-5<br data-rich-text-line-break=\"true\" \/>Taschenbuch\/Hardcover, 316 Seiten, 14,00\/22,00 EUR<br data-rich-text-line-break=\"true\" \/><br data-rich-text-line-break=\"true\" \/><em>Nach langem Aufenthalt im Ausland kehrt Daniel nach Hause zur\u00fcck. Er stellt rasch fest, dass es nicht mehr das Land von fr\u00fcher ist, zu vieles hat sich ver\u00e4ndert. Grenzen wurden verschoben, das politische System ist ein anderes, viele Dinge des t\u00e4glichen Lebens funktionieren anders als fr\u00fcher, offenbar besser. Er will den Dingen auf den Grund gehen, stellt viele Fragen. Eine Reihe alter und neuer Freunde unterst\u00fctzt ihn dabei, Antworten zu finden. Dabei lernt er Annette kennen und lieben. Sie begleitet ihn zu einer wichtigen Ehrung seines Bruders. Dann endlich stellt er sich die entscheidende Frage: Soll ich bleiben?<\/em><\/p>\n<p>&nbsp;<\/p>\n<p><strong><a href=\"https:\/\/www.goldstadt-autoren.de\/wp-content\/uploads\/2024\/01\/Anthologie_Cover_VBZB_GA.jpg\"><img loading=\"lazy\" decoding=\"async\" class=\"alignleft size-full wp-image-3774\" src=\"https:\/\/www.goldstadt-autoren.de\/wp-content\/uploads\/2024\/01\/Anthologie_Cover_VBZB_GA.jpg\" alt=\"\" width=\"127\" height=\"200\" \/><\/a>Die<em> Br\u00fccke vom Rattach<\/em><\/strong><br \/>Kurzgeschichte mit Handlungsort Rattachsteg<br \/>in: VON BR\u00dcCKE ZU BR\u00dcCKE (Anthologie)<\/p>\n<p>Hrsg. Goldstadt-Autoren e. V.<br \/>BoD \u2013 Books on Demand, Norderstedt 2024<br \/>ISBN 978-3-7578-8671-4<br \/>Taschenbuch, 272 Seiten, 13,50 EUR; 8,99 EUR als E-Book<\/p>\n<p><strong><em>Auf, unter und neben den Br\u00fccken Pforzheims<br \/><\/em><\/strong><em>Br\u00fccken verbinden Menschen, sind Orte von Erinnerungen, dienen als Verstecke oder werden zu Tatorten. Die Goldstadt Pforzheim nennt mehr als f\u00fcnfzig Fluss-, Stra\u00dfen- und Bahngleis\u00fcberquerungen ihr Eigen.<br \/>Zweiundzwanzig dieser Br\u00fccken und Stege dienen als Inspiration f\u00fcr humorige bis nachdenkliche, fantastische bis lebensnahe Geschichten und Gedichte. Mit ihnen feiern die Mitglieder des Goldstadt-Autoren e.\u00a0V. das <strong>10-j\u00e4hrige Vereinsbestehen <\/strong>und ihre Verbundenheit mit der Stadt, die auch als \u201ePforte zum Schwarzwald\u201c bezeichnet wird.<\/em><\/p>\n<p>&nbsp;<\/p>\n<h3>Mehr Informationen:<\/h3>\n<p>E-Mail: mail@robertgeller.de<br \/>Internet: <a href=\"https:\/\/www.robertgeller.de\/\" target=\"_blank\" rel=\"noopener\">www.robertgeller.de<\/a><\/p>\n\n\n<p><\/p>\n","protected":false},"excerpt":{"rendered":"<p>Robert Geller, 1963 in Bayreuth geboren, wuchs in Ispringen bei Pforzheim auf. \u00dcber den Beruf Banker und ein berufsbegleitendes BWL-Studium wechselte er bald in die IT und besch\u00e4ftigte sich fortan mit Bank-Software. Er lebt seit 1999 wieder in Ispringen und ist aktiver Leichtathlet mit Schwerpunkt Laufen. Als Leichtathletik-Trainer verbringt er au\u00dferdem viel Zeit.Literatur ist eine &hellip; <a href=\"https:\/\/www.goldstadt-autoren.de\/?page_id=3551\" class=\"more-link\"><span class=\"screen-reader-text\">Robert Geller<\/span> weiterlesen <span class=\"meta-nav\">&rarr;<\/span><\/a><\/p>\n","protected":false},"author":2,"featured_media":0,"parent":26,"menu_order":22,"comment_status":"closed","ping_status":"closed","template":"","meta":{"footnotes":""},"class_list":["post-3551","page","type-page","status-publish","hentry"],"_links":{"self":[{"href":"https:\/\/www.goldstadt-autoren.de\/index.php?rest_route=\/wp\/v2\/pages\/3551"}],"collection":[{"href":"https:\/\/www.goldstadt-autoren.de\/index.php?rest_route=\/wp\/v2\/pages"}],"about":[{"href":"https:\/\/www.goldstadt-autoren.de\/index.php?rest_route=\/wp\/v2\/types\/page"}],"author":[{"embeddable":true,"href":"https:\/\/www.goldstadt-autoren.de\/index.php?rest_route=\/wp\/v2\/users\/2"}],"replies":[{"embeddable":true,"href":"https:\/\/www.goldstadt-autoren.de\/index.php?rest_route=%2Fwp%2Fv2%2Fcomments&post=3551"}],"version-history":[{"count":26,"href":"https:\/\/www.goldstadt-autoren.de\/index.php?rest_route=\/wp\/v2\/pages\/3551\/revisions"}],"predecessor-version":[{"id":4468,"href":"https:\/\/www.goldstadt-autoren.de\/index.php?rest_route=\/wp\/v2\/pages\/3551\/revisions\/4468"}],"up":[{"embeddable":true,"href":"https:\/\/www.goldstadt-autoren.de\/index.php?rest_route=\/wp\/v2\/pages\/26"}],"wp:attachment":[{"href":"https:\/\/www.goldstadt-autoren.de\/index.php?rest_route=%2Fwp%2Fv2%2Fmedia&parent=3551"}],"curies":[{"name":"wp","href":"https:\/\/api.w.org\/{rel}","templated":true}]}}