{"id":3661,"date":"2023-11-13T10:49:37","date_gmt":"2023-11-13T08:49:37","guid":{"rendered":"https:\/\/www.goldstadt-autoren.de\/?page_id=3661"},"modified":"2024-09-07T16:55:17","modified_gmt":"2024-09-07T14:55:17","slug":"hans-joachim-bischof","status":"publish","type":"page","link":"https:\/\/www.goldstadt-autoren.de\/?page_id=3661","title":{"rendered":"Hans-Joachim Bischof"},"content":{"rendered":"<p><a href=\"https:\/\/www.goldstadt-autoren.de\/wp-content\/uploads\/2023\/11\/Bischof-HJ_GA.jpg\"><img loading=\"lazy\" decoding=\"async\" class=\"alignleft size-full wp-image-3663\" src=\"https:\/\/www.goldstadt-autoren.de\/wp-content\/uploads\/2023\/11\/Bischof-HJ_GA.jpg\" alt=\"\" width=\"100\" height=\"150\" \/><\/a>Hans-Joachim Bischof, Jahrgang 1956, studierte Maschinenbau und Betriebswirtschaftslehre mit dem Abschluss Diplom-Kaufmann an der Universit\u00e4t Mannheim. Danach T\u00e4tigkeiten in Industrie und Handel. Absolvent der Cornelia Goethe Akademie, Frankfurt am Main, mit dem Lehrgang \u201eLiterarisches Schreiben\u201c. Darauf folgend Teilnehmer an dem Kurs \u201eDrehbuch-Autor\u201c der Studiengemeinschaft Darmstadt.<span style=\"color: #ffffff;\">.<\/span><br \/>\n<span style=\"color: #ffffff;\">.<\/span><\/p>\n<h3>Ver\u00f6ffentlichungen:<\/h3>\n<p><em><strong><a href=\"https:\/\/www.goldstadt-autoren.de\/wp-content\/uploads\/2024\/08\/Cover_HJB_Liebe_GA.jpg\"><img loading=\"lazy\" decoding=\"async\" class=\"alignleft size-full wp-image-3981\" src=\"https:\/\/www.goldstadt-autoren.de\/wp-content\/uploads\/2024\/08\/Cover_HJB_Liebe_GA.jpg\" alt=\"\" width=\"125\" height=\"200\" \/><\/a>EINE ART VON LIEBE<\/strong><\/em><br \/>\nErz\u00e4hlungen<\/p>\n<p>BoD \u2013 Books on Demand, Norderstedt 2024<br \/>\nISBN 978-3-7597-6920-6<br \/>\nTaschenbuch, 220 Seiten, 11,80 EUR; 7,49 EUR als E-Book<\/p>\n<p><em>Mit seinen 17 Kurzgeschichten hat Hans-Joachim Bischof die Hand am Puls der Zeit. Sie handeln nicht nur von verschiedenen Arten der Liebe, sondern auch von einer Diskussion der Genetiker \u00fcber ein sehr langes Leben. Eine Zirkusgeschichte wird erz\u00e4hlt, und Erinnerungen an das Trocadero-Nachtlokal in Pforzheim werden wachgehalten.<\/em><br \/>\n<em>Eine Gruppe \u00e4lterer Damen k\u00e4mpft mit Schwarzw\u00e4lder Kirschtorten, Obstschnitten und ihren vielen Jahrzehnten Erlebenszeit. Mira, eine Sicherheitsexpertin, erz\u00e4hlt von ihrem Kampf gegen vier Verbrecher. \u00dcber Hollywood gibt es etwas zu berichten, und schlie\u00dflich gelingt trotz Haien ein gef\u00e4hrlicher Tauchgang am Riff. Am Ende schildert eine Vision die Arbeit der ersten Regierung einer vereinigten Erde.<\/em><br \/>\n<span style=\"color: #ffffff;\">.<\/span><\/p>\n<p><strong><em><a href=\"https:\/\/www.goldstadt-autoren.de\/wp-content\/uploads\/2024\/01\/Anthologie_Cover_VBZB_GA.jpg\"><img loading=\"lazy\" decoding=\"async\" class=\"alignleft size-full wp-image-3774\" src=\"https:\/\/www.goldstadt-autoren.de\/wp-content\/uploads\/2024\/01\/Anthologie_Cover_VBZB_GA.jpg\" alt=\"\" width=\"127\" height=\"200\" \/><\/a>Der Br\u00fcckent\u00e4nzer<\/em><\/strong><br \/>\nKurzgeschichte mit Handlungsort Kallhardtbr\u00fccke<br \/>\nin: VON BR\u00dcCKE ZU BR\u00dcCKE (Anthologie)<\/p>\n<p>Hrsg. Goldstadt-Autoren e. V.<br \/>\nBoD \u2013 Books on Demand, Norderstedt 2024<br \/>\nISBN 978-3-7578-8671-4<br \/>\nTaschenbuch, 272 Seiten, 13,50 EUR; 8,99 EUR als E-Book<\/p>\n<p><strong><em>Auf, unter und neben den Br\u00fccken Pforzheims<br \/>\n<\/em><\/strong><em>Br\u00fccken verbinden Menschen, sind Orte von Erinnerungen, dienen als Verstecke oder werden zu Tatorten. Die Goldstadt Pforzheim nennt mehr als f\u00fcnfzig Fluss-, Stra\u00dfen- und Bahngleis\u00fcberquerungen ihr Eigen.<br \/>\nZweiundzwanzig dieser Br\u00fccken und Stege dienen als Inspiration f\u00fcr humorige bis nachdenkliche, fantastische bis lebensnahe Geschichten und Gedichte. Mit ihnen feiern die Mitglieder des Goldstadt-Autoren e.\u00a0V. das <strong>10-j\u00e4hrige Vereinsbestehen <\/strong>und ihre Verbundenheit mit der Stadt, die auch als \u201ePforte zum Schwarzwald\u201c bezeichnet wird.<br \/>\n<span style=\"color: #ffffff;\">.<\/span><\/em><\/p>\n<p><em><strong><a href=\"https:\/\/www.goldstadt-autoren.de\/wp-content\/uploads\/2023\/11\/Cover_HJB_Katja-von-den-Goettern_GA.png\"><img loading=\"lazy\" decoding=\"async\" class=\"alignleft size-full wp-image-3664\" src=\"https:\/\/www.goldstadt-autoren.de\/wp-content\/uploads\/2023\/11\/Cover_HJB_Katja-von-den-Goettern_GA.png\" alt=\"\" width=\"153\" height=\"200\" \/><\/a>KATJA VON DEN G\u00d6TTERN<\/strong><\/em><br \/>\nScience-Fiction-Roman<\/p>\n<p>Books on Demand (BoD), Norderstedt 2021<br \/>\nISBN 978-3-7543-9310-9<br \/>\nSoftcover, 296 Seiten, 12,90 EUR<br \/>\nauch als E-Book erh\u00e4ltlich<\/p>\n<p><em>Erneut warten zahlreiche Abenteuer auf Katja die Arkanerin, die sich als galaktische Beauftragte st\u00e4ndig neuen Heraus-forderungen ausgesetzt sieht \u2013 terroristische Angriffe durch ihren alten Feind, den Magier Son, der Aufbau der neuen Handelswelt Metalla oder die Entwicklung der Dimensionenwalze als Waffe gegen die Konstrukteure. Hierbei kann sie sich stets verlassen auf die Hilfe des humanoiden Roboters Cord oder ihrer Tochter Liz, vor allem aber auf ihre eigenen F\u00e4higkeiten als Magierin und Schmusekatze. Zuletzt naht die alles entscheidende Raumschlacht zwischen den Galaxien Zeut und Milchstra\u00dfe, deren Ausgang Katja ihrer tats\u00e4chlichen Herkunft ein St\u00fcck n\u00e4her bringt.<\/em><br \/>\n<span style=\"color: #ffffff;\">.<\/span><\/p>\n<h3>Weitere Ver\u00f6ffentlichungen:<\/h3>\n<p><em>Katja von den Sternen, <\/em>Science-Fiction-Roman, BoD, Norderstedt 2020.<em><br \/>\nDas Zelt der Tr\u00e4ume<\/em>, Kurzgeschichten, BoD, Norderstedt 2010.<br \/>\n<em>Die Zeit mit Alexandra<\/em>, Kurzgeschichten, BoD, Norderstedt 2008.<br \/>\n<em>Generation Berlin<\/em>, Roman, BoD, Norderstedt 2007.<br \/>\n<em>Die Sache kann laufen<\/em>, Kurzgeschichte in: \u201eMaxX, Sparen ist das Gr\u00f6\u00dfte\u201c, Hrsg. Sparkasse Pforzheim 2006, ISBN 978-3-9809455-2-3.<br \/>\n<em>Die Andacht der Gladiatoren<\/em>, Kurzgeschichten, Verlag Mein Buch, Hamburg 2005.<br \/>\n<em>Neulich, im Tennisverein<\/em>, Kurzgeschichten, Verlag Mein Buch, Hamburg 2005.<\/p>\n<h3>Mehr Informationen:<\/h3>\n<p>E-Mail: hanbisch@t-online.de<\/p>\n","protected":false},"excerpt":{"rendered":"<p>Hans-Joachim Bischof, Jahrgang 1956, studierte Maschinenbau und Betriebswirtschaftslehre mit dem Abschluss Diplom-Kaufmann an der Universit\u00e4t Mannheim. Danach T\u00e4tigkeiten in Industrie und Handel. Absolvent der Cornelia Goethe Akademie, Frankfurt am Main, mit dem Lehrgang \u201eLiterarisches Schreiben\u201c. Darauf folgend Teilnehmer an dem Kurs \u201eDrehbuch-Autor\u201c der Studiengemeinschaft Darmstadt.. . Ver\u00f6ffentlichungen: EINE ART VON LIEBE Erz\u00e4hlungen BoD \u2013 Books &hellip; <a href=\"https:\/\/www.goldstadt-autoren.de\/?page_id=3661\" class=\"more-link\"><span class=\"screen-reader-text\">Hans-Joachim Bischof<\/span> weiterlesen <span class=\"meta-nav\">&rarr;<\/span><\/a><\/p>\n","protected":false},"author":2,"featured_media":0,"parent":26,"menu_order":6,"comment_status":"closed","ping_status":"closed","template":"","meta":{"footnotes":""},"class_list":["post-3661","page","type-page","status-publish","hentry"],"_links":{"self":[{"href":"https:\/\/www.goldstadt-autoren.de\/index.php?rest_route=\/wp\/v2\/pages\/3661"}],"collection":[{"href":"https:\/\/www.goldstadt-autoren.de\/index.php?rest_route=\/wp\/v2\/pages"}],"about":[{"href":"https:\/\/www.goldstadt-autoren.de\/index.php?rest_route=\/wp\/v2\/types\/page"}],"author":[{"embeddable":true,"href":"https:\/\/www.goldstadt-autoren.de\/index.php?rest_route=\/wp\/v2\/users\/2"}],"replies":[{"embeddable":true,"href":"https:\/\/www.goldstadt-autoren.de\/index.php?rest_route=%2Fwp%2Fv2%2Fcomments&post=3661"}],"version-history":[{"count":16,"href":"https:\/\/www.goldstadt-autoren.de\/index.php?rest_route=\/wp\/v2\/pages\/3661\/revisions"}],"predecessor-version":[{"id":4040,"href":"https:\/\/www.goldstadt-autoren.de\/index.php?rest_route=\/wp\/v2\/pages\/3661\/revisions\/4040"}],"up":[{"embeddable":true,"href":"https:\/\/www.goldstadt-autoren.de\/index.php?rest_route=\/wp\/v2\/pages\/26"}],"wp:attachment":[{"href":"https:\/\/www.goldstadt-autoren.de\/index.php?rest_route=%2Fwp%2Fv2%2Fmedia&parent=3661"}],"curies":[{"name":"wp","href":"https:\/\/api.w.org\/{rel}","templated":true}]}}