{"id":367,"date":"2014-09-18T11:46:46","date_gmt":"2014-09-18T09:46:46","guid":{"rendered":"http:\/\/www.goldstadt-autoren.de\/?page_id=367"},"modified":"2025-07-24T09:03:26","modified_gmt":"2025-07-24T07:03:26","slug":"presse-3","status":"publish","type":"page","link":"https:\/\/www.goldstadt-autoren.de\/?page_id=367","title":{"rendered":"Presse"},"content":{"rendered":"<p style=\"text-align: left;\"><strong>Presseartikel \u00fcber unseren Verein bzw. unsere Autorinnen und Autoren bis 05\/2024 k\u00f6nnen Sie auf dieser Seite nachlesen. Presseartikel ab 2024 werden aus Gr\u00fcnden fehlender Verlagsgenehmigungen wegen ge\u00e4nderter Richtlinien nicht mehr eingestellt, d\u00fcrfen aber zur privaten Nutzung \u00fcber unsere Kontakt-Adresse angefordert werden. Ausnahmen sind durch speziell gegebene Genehmigungen m\u00f6glich.<\/strong><\/p>\n<p><strong>15.07.2025<\/strong> Pforzheimer Zeitung \u201eGeheimnisse im Kloster\u201c, Norbert Weimpers zweiter Historienroman ist erschienen (Ilona Prokoph, Maulbronn).<br \/>\n<strong>25.02.2025<\/strong> BNN Pforzheimer Kurier \u201eLiterarische Vielfalt aus der Region\u201c, Goldstadt-Autoren auf der Stuttgarter Buchmesse (Josephine K\u00f6nig).<br \/>\n<strong>16.11.2024<\/strong> M\u00fchlacker Tagblatt \u201eLiebeserkl\u00e4rung an Pforzheim und seine Br\u00fccken\u201c, Vereinslesung in der Stadtbibliothek M\u00fchlacker (ans\/Schr\u00f6der).<br \/>\n<strong>29.10.2024<\/strong> Pforzheimer Zeitung \u201eVon Morden und sprechenden Affen\u201c, Tag der offenen T\u00fcr in der Remchinger Gemeindebibliothek (Julian Zachmann).<br \/>\n<strong>29.10.2024 <\/strong>BNN Pforzheimer Kurier \u201eRegionale Autoren pr\u00e4sentieren Werke \u2013 &#8230; Remchinger Morde und Karlsruher Verbrechen\u201c (Julian Zachmann).<br \/>\n<strong>03.09.2024<\/strong> BNN Pforzheimer Kurier \u201eSpannung unter der Altst\u00e4dter Br\u00fccke\u201c (Nico Roller).<br \/>\n<strong>03.09.2024<\/strong> Pforzheimer Zeitung \u201ePackende Geschichten unter der Br\u00fccke\u201c (Nico Roller).<br \/>\n<strong>20.08.2024<\/strong> BNN Pforzheimer Kurier \u201eRitter Belrem und die verfluchten Juwelen\u201c (Nico Roller).<br \/>\n<strong>19.08.2024<\/strong> Pforzheimer Zeitung \u201eLiterarischer Br\u00fcckenbau \u2013 Anthologie der Goldstadt-Autoren zum Jubil\u00e4um\u201c (Nico Roller).<br \/>\n<strong>09.08.2024<\/strong> BNN Pforzheimer Kurier \u201eLiteratur von Br\u00fccke zu Br\u00fccke\u201c (Eva Filitz).<br \/>\n<strong>30.07.2024<\/strong> Pforzheimer Zeitung \u201eSchreibend auf den Spuren der st\u00e4dtischen Stege\u201c (Omid Mohseni)<br \/>\n<strong>01.03.2024<\/strong> Pforzheimer Zeitung \u201eLiteratur als Verbindung zwischen den Menschen\u201c, 10-j\u00e4hriges Vereinsjubil\u00e4um (Nico Roller).<br \/>\n<strong>01.03.2024<\/strong> BNN Pforzheimer Kurier \u201eVielfalt an Blickwinkeln und Genres\u201c, 10-j\u00e4hriges Vereinsjubil\u00e4um (Nico Roller).<br \/>\n&#8211; &#8211; &#8211;\u00a0 \u00a0&#8211; &#8211; &#8211;\u00a0 \u00a0&#8211; &#8211; &#8211;<br \/>\n<strong>03.05.2024<\/strong>\u00a0Verlag Nussbaum Medien\/WJ Durlach, Nr. 18, S. 10+11, Literatur: \u201eAufgelesen. Uschi Gassler: In letzter Mission\u201c (Autorin: rist) &gt; <a href=\"https:\/\/www.goldstadt-autoren.de\/wp-content\/uploads\/2024\/05\/2024-05-03_WJ-Durlach_Nr18_BuchbesprechungInterview_rist_JD3_S1011.pdf\" target=\"_blank\" rel=\"noopener\">Artikel<\/a><br \/>\n<strong>23.02.2024<\/strong> Verlag Nussbaum Medien\/WJ Durlach, Nr. 8, S. 5, Kultur: \u201eLesung in der Orgelfabrik. Uschi Gassler: Ausman\u00f6vriert.\u201c (Autorin: rist) &gt; <a href=\"https:\/\/www.goldstadt-autoren.de\/wp-content\/uploads\/2024\/05\/2024-02-23_WJ-Durlach_Nr8_Art-Lsg-Orgelfabrik_rist_Gassler_Ausmanoevriert_S5.pdf\" target=\"_blank\" rel=\"noopener\">Artikel<\/a><br \/>\n<strong>09.09.2023<\/strong> Pforzheimer Zeitung\/Ausg. M\u00fchlacker &#8222;Alte Liebe rostet nicht&#8220; &gt; <a href=\"https:\/\/www.goldstadt-autoren.de\/wp-content\/uploads\/2023\/09\/2023-09-09_PZ-Artikel_Alte-Liebe-rostet-nicht_Weimper.pdf\" target=\"_blank\" rel=\"noopener\">Artikel<\/a><br \/>\n<strong>11.03.2023<\/strong> Pforzheimer Zeitung &#8222;Im Krimi fordert ein Killer Rechenschaft&#8220; &gt; <a href=\"https:\/\/www.goldstadt-autoren.de\/wp-content\/uploads\/2023\/06\/2023-03-11_PZ_UG_Killer-fordert-Rechenschaft_Artikel.pdf\" target=\"_blank\" rel=\"noopener\">Artikel<\/a><br \/>\n<strong>09.03.2022<\/strong> Pforzheimer Zeitung &#8222;Wenn Liebe t\u00f6tet&#8220; &gt; <a href=\"https:\/\/www.goldstadt-autoren.de\/wp-content\/uploads\/2022\/03\/2022-03-09_PZ_Wenn-Liebe-toetet.pdf\" target=\"_blank\" rel=\"noopener\">Artikel<\/a><br \/>\n<strong>04.11.2021<\/strong> Schwarzw\u00e4lder Bote &#8222;Reden zum Thema Sex&#8220; &gt; <a href=\"https:\/\/www.goldstadt-autoren.de\/wp-content\/uploads\/2021\/12\/2021-11-04_SchwaBo-Dobel_Reden-zum-Thema-Sex.pdf\" target=\"_blank\" rel=\"noopener\">Artikel<\/a><br \/>\n<strong>12.06.2021 <\/strong>Campus-Magazin HS Darmstadt; Interview E. Franke &gt; <a href=\"https:\/\/www.goldstadt-autoren.de\/wp-content\/uploads\/2021\/07\/2021-06-12_Franke-E_Interview_Campus-Magazin_HS-Darmstadt.pdf\" target=\"_blank\" rel=\"noopener\">Artikel<\/a><br \/>\n<strong>27.04.2021<\/strong>\u00a0BNN Pforzheimer Kurier &#8222;Den Killer im Nacken&#8220; &gt; <a href=\"https:\/\/www.goldstadt-autoren.de\/wp-content\/uploads\/2021\/06\/2021-04-27_BNN-PF_Den-Killer-im-Nacken.pdf\" target=\"_blank\" rel=\"noopener\">Artikel<\/a><br \/>\n<strong>04.06.2020<\/strong> BNN Pforzheimer Kurier &#8222;Wenn keiner mehr zuh\u00f6ren will&#8220; &gt; <a href=\"https:\/\/www.goldstadt-autoren.de\/wp-content\/uploads\/2020\/08\/2020-06-04_PK-Art_Wenn-keiner-mehr-zuh\u00f6ren-will.pdf\" target=\"_blank\" rel=\"noopener\">Artikel<\/a><br \/>\n<strong>03.04.2020<\/strong> Schwarzw\u00e4lder Bote &#8222;Die wahre Heimat ist eigentlich die Sprache&#8220; &gt; <a href=\"https:\/\/www.goldstadt-autoren.de\/wp-content\/uploads\/2020\/04\/2020-04-03_SchwaBo-Art_E-Weber_GA-HP.pdf\" target=\"_blank\" rel=\"noopener\">Artikel<\/a><br \/>\n<strong>06.02.2020<\/strong> Schwarzw\u00e4lder Bote &#8222;F\u00fcr Raunen unter Zuh\u00f6rern gesorgt&#8220; &gt; <a href=\"https:\/\/www.goldstadt-autoren.de\/wp-content\/uploads\/2020\/02\/2020-02-06_SchwaBo-Art_Lsg_Dobel_GA-HP.pdf\" target=\"_blank\" rel=\"noopener\">Artikel<\/a><br \/>\n<strong>04.02.2020<\/strong> Pforzheimer Zeitung &#8222;&#8230; Heimat aus verschiedenen Perspektiven&#8220; &gt; <a href=\"https:\/\/www.goldstadt-autoren.de\/wp-content\/uploads\/2020\/02\/2020-02-04_PZ-Art_Lsg_Dobel_GA-HP.pdf\" target=\"_blank\" rel=\"noopener\">Artikel<\/a><br \/>\n<strong>18.01.2020<\/strong> PZ &#8222;Spannung, Intrigen und ein geheimnisvoller Hauptdarsteller&#8220; &gt; <a href=\"https:\/\/www.goldstadt-autoren.de\/wp-content\/uploads\/2020\/01\/2020-01-18_PZ-Art_Spannung-Intrigen-geheimnisvoller-Hauptdarsteller.pdf\" target=\"_blank\" rel=\"noopener\">Artikel<\/a><br \/>\n<strong>13.03.2019<\/strong> PZ M\u00fchlacker &#8222;Ein Wissenschaftler und der Faust-Mythos&#8220; &gt; <a href=\"https:\/\/www.goldstadt-autoren.de\/wp-content\/uploads\/2020\/01\/2019-03-13_PZ-M\u00fchlacker_Wissenschaftler-und-Faust-Mythos.pdf\" target=\"_blank\" rel=\"noopener\">Artikel<\/a><br \/>\n<strong>01.03.2019<\/strong> BNN Pforzheimer Kurier &#8222;Zehn Mal abbiegen ist nicht hilfreich&#8220; &gt; <a href=\"https:\/\/www.goldstadt-autoren.de\/wp-content\/uploads\/2019\/03\/2019-03-01_PK-Art_Jubil\u00e4um-GA.pdf\" target=\"_blank\" rel=\"noopener\">Artikel<\/a><br \/>\n<strong>04.12.2018<\/strong> BNN Pforzheimer Kurier \u201eNeugierig auf mehr\u201c &gt; <a href=\"https:\/\/www.goldstadt-autoren.de\/wp-content\/uploads\/2018\/12\/2018-12-04_PK-Art_WGH-Lsg_Kurzundschmerzhaft.pdf\" target=\"_blank\" rel=\"noopener\">Artikel<\/a><br \/>\n<strong>24.10.2018<\/strong> Pforzheimer Zeitung &#8222;Von Gangstern und Ganoven&#8220; &gt; <a href=\"https:\/\/www.goldstadt-autoren.de\/wp-content\/uploads\/2018\/10\/2018-10-24_PZ_Von-Gangstern-u-Ganoven.pdf\" target=\"_blank\" rel=\"noopener\">Artikel<\/a><br \/>\n<strong>02.07.2018<\/strong> BNN Pforzheimer Kurier &#8222;Blutige Gier und gef\u00e4hrliche Energie &gt; <a href=\"https:\/\/www.goldstadt-autoren.de\/wp-content\/uploads\/2018\/07\/2018-07-02_PK-Art_TC2_HP.pdf\" target=\"_blank\" rel=\"noopener\">Artikel<\/a><br \/>\n<strong>10.03.2018<\/strong> BNN Pforzheimer Kurier &#8222;Wer hat Sissi auf dem Gewissen?&#8220; &gt; <a href=\"https:\/\/www.goldstadt-autoren.de\/wp-content\/uploads\/2018\/03\/2018-03-10_PK-Art_20St\u00fchle.pdf\" target=\"_blank\" rel=\"noopener\">Artikel<\/a><br \/>\n<strong>28.02.2018<\/strong> BNN Pforzheimer Kurier &#8222;Ich habe meine liebe Not mit dem S\u00fc\u00dfsein&#8220; &gt; <a href=\"https:\/\/www.goldstadt-autoren.de\/wp-content\/uploads\/2018\/03\/2018-02-28-PK_DeWinter-Portrait.pdf\" target=\"_blank\" rel=\"noopener\">Artikel<\/a><br \/>\n<strong>19.12.2017<\/strong> PZ Tagebuch der Vereine &#8222;Goldstadt-Autoren mit Lyrischem&#8220; &gt; <a href=\"https:\/\/www.goldstadt-autoren.de\/wp-content\/uploads\/2017\/12\/2017-12-19_PZ-Art_GAmLyrischem.pdf\" target=\"_blank\" rel=\"noopener\">Artikel<\/a><br \/>\n<strong>27.11.2017<\/strong> BNN Pforzheimer Kurier &#8222;Autoren verabschieden das Goldstadtjubil\u00e4um&#8220; &gt; <a href=\"https:\/\/www.goldstadt-autoren.de\/wp-content\/uploads\/2017\/11\/2017-11-27_PK-Art_Goldstadt-GA.pdf\" target=\"_blank\" rel=\"noopener\">Artikel<\/a><br \/>\n<strong>22.05.2017<\/strong> Pforzheimer Zeitung &#8222;Von Mord, Schreibblockaden und dem letzten Mann der Welt&#8220; &gt; <a href=\"https:\/\/www.goldstadt-autoren.de\/wp-content\/uploads\/2017\/05\/2017-05-19-PZ-Art_Buchvorstellung_GA.pdf\" target=\"_blank\" rel=\"noopener\">Artikel<\/a><br \/>\n<strong>16.02.2017<\/strong> BNN Pforzheimer Kurier &#8222;Funkelnde Wortspiele&#8220; &gt; <a href=\"https:\/\/www.goldstadt-autoren.de\/wp-content\/uploads\/2017\/03\/2017-02-16-PK-Art_SR-Gasometer.pdf\" target=\"_blank\" rel=\"noopener\">Artikel<\/a><br \/>\n<strong>16.02.2017<\/strong> Pforzheimer Zeitung &#8222;Goldstadt Schmuckcity&#8220; &gt; <a href=\"https:\/\/www.goldstadt-autoren.de\/wp-content\/uploads\/2017\/03\/2017-02-16-PZ-Art_SR-Gasometer.pdf\" target=\"_blank\" rel=\"noopener\">Artikel<\/a><br \/>\n<strong>16.01.2017<\/strong> BNN Pforzheimer Kurier &#8222;Musikalische Goldgrube&#8220; &gt; <a href=\"https:\/\/www.goldstadt-autoren.de\/wp-content\/uploads\/2017\/01\/2017-01-16-PfKurier_Schmuckrevue.pdf\" target=\"_blank\" rel=\"noopener\">Artikel<\/a><br \/>\n<strong>16.01.2017<\/strong> Pforzheimer Zeitung &#8222;Mordf\u00e4lle, Musik und Edelsteine&#8220; &gt; <a href=\"https:\/\/www.goldstadt-autoren.de\/wp-content\/uploads\/2017\/01\/2017-01-16-PZ_Pr\u00e4sentation-SR-W\u00fcrm.pdf\" target=\"_blank\" rel=\"noopener\">Artikel<\/a><br \/>\n<strong>22.12.2016<\/strong> PZ Tagebuch der Vereine &#8222;Autoren lesen aus ihren B\u00fcchern&#8220; &gt; <a href=\"https:\/\/www.goldstadt-autoren.de\/wp-content\/uploads\/2016\/12\/2016-12-22-PZ-Art_GA_S24.pdf\" target=\"_blank\" rel=\"noopener\">Artikel<\/a><br \/>\n<strong>21.06.2016<\/strong> Pforzheimer Zeitung &#8222;Literatur, Skulpturen und T\u00e4nze&#8220; &gt; <a href=\"https:\/\/www.goldstadt-autoren.de\/wp-content\/uploads\/2016\/06\/2016-06-21-PZ-Art_Kelterevent.pdf\" target=\"_blank\" rel=\"noopener\">Artikel<\/a><br \/>\n<strong>28.04.2016<\/strong> Pforzheimer Zeitung &#8222;Mystisch &#8211; mit viel Spannung&#8220; &gt; <a href=\"https:\/\/www.goldstadt-autoren.de\/wp-content\/uploads\/2016\/05\/2016-04-28-PZ_Lsg-Boehm.pdf\" target=\"_blank\" rel=\"noopener\">Artikel<\/a><br \/>\n<strong>22.03.2016<\/strong> PZ Tagebuch der Vereine &#8222;Goldstadt-Autoren best\u00e4tigen ihre Vereinsspitze&#8220; &gt; <a href=\"https:\/\/www.goldstadt-autoren.de\/wp-content\/uploads\/2016\/03\/2016-03-22-PZ-Art_GAJHVx.pdf\" target=\"_blank\" rel=\"noopener\">Artikel<\/a><br \/>\n<strong>18.02.2016<\/strong> Pforzheimer Kurier &#8222;Collagierte Kerle&#8220; &gt; <a href=\"https:\/\/www.goldstadt-autoren.de\/wp-content\/uploads\/2016\/02\/2016-02-18_PK-Art_Kerle.jpg\" target=\"_blank\" rel=\"noopener\">Artikel<\/a><br \/>\n<strong>12.01.2016<\/strong> Pforzheimer Zeitung &#8222;Drei Fragen&#8220; an Ingrid Ballier\u00a0&gt; <a href=\"https:\/\/www.goldstadt-autoren.de\/wp-content\/uploads\/2016\/01\/2016-01-16_PZ-Art_Bllr.pdf\" target=\"_blank\" rel=\"noopener\">Artikel<\/a><br \/>\n<strong>04.01.2016<\/strong> PZ Tagebuch der Vereine &#8222;Besinnliche Einkehr und muntere Kurzweil&#8220; &gt;<a href=\"https:\/\/www.goldstadt-autoren.de\/wp-content\/uploads\/2016\/01\/2016-01-04_PZ-Artkel_Auszeit.pdf\" target=\"_blank\" rel=\"noopener\"> Artikel<\/a><br \/>\n<strong>12.12.2015<\/strong> Pforzheimer Zeitung\/M\u00fchlacker &#8222;Krimis zwischen Kaffeem\u00fchlen&#8220; &gt; <a href=\"https:\/\/www.goldstadt-autoren.de\/wp-content\/uploads\/2015\/12\/2015-12-12-PZ-M\u00fc-Artikel_Schnee.pdf\" target=\"_blank\" rel=\"noopener\">Artikel<\/a><br \/>\n<strong>17.09.2015<\/strong> Pforzheimer Zeitung &#8222;Geschichte voller L\u00fcgen und Geheimnisse&#8220; &gt; <a href=\"https:\/\/www.goldstadt-autoren.de\/wp-content\/uploads\/2015\/12\/2015-09-17_PZ-Artikel_Gier.pdf\" target=\"_blank\" rel=\"noopener\">Artikel<\/a><br \/>\n<strong>15.06.2015<\/strong> Pforzheimer Zeitung &#8222;Zwischen Mord und Magie &#8230;&#8220; &gt; <a href=\"https:\/\/www.goldstadt-autoren.de\/wp-content\/uploads\/2015\/06\/2015-06-15-PZ-Artikel.pdf\" target=\"_blank\" rel=\"noopener\">Artikel<\/a><br \/>\n<strong>24.03.2015<\/strong> PZ Tagebuch der Vereine &#8222;Goldstadt-Autoren ziehen erste Bilanz&#8220; &gt; <a href=\"https:\/\/www.goldstadt-autoren.de\/wp-content\/uploads\/2016\/02\/2015-03-24-PZ-Art_GA-JHV.pdf\" target=\"_blank\" rel=\"noopener\">Artikel<\/a><br \/>\n<strong>17.01.2015 <\/strong>M\u00fchlacker Tagblatt &#8222;Gemeinsam den eigenen Stil finden&#8220; &gt; <a title=\"Ina\" href=\"https:\/\/www.goldstadt-autoren.de\/wp-content\/uploads\/2015\/02\/2015-01-17-M\u00fcTgbl-Artikel-GA.pdf\" target=\"_blank\" rel=\"noopener\">Artikel<\/a><br \/>\n<strong>05.01.2015<\/strong> PZ Tagebuch der Vereine &#8222;Erste gemeinsame Lesung&#8220; &gt; <a href=\"https:\/\/www.goldstadt-autoren.de\/wp-content\/uploads\/2015\/01\/2015-01-05-PZ-Artikel-GA_QrBt.pdf\" target=\"_blank\" rel=\"noopener\">Artikel<\/a><br \/>\n<strong>06.11.2014 <\/strong>PZ Tagebuch der Vereine &#8222;Fahrt zur Buchmesse Frankfurt&#8220; &gt; <a href=\"https:\/\/www.goldstadt-autoren.de\/wp-content\/uploads\/2015\/01\/2014-11-06-PZ-Artikel-GA_BM-FfM.pdf\" target=\"_blank\" rel=\"noopener\">Artikel<\/a><br \/>\n<strong>28.06.2014<\/strong> Pforzheimer Zeitung \u201eB\u00fccher sind ihre Leidenschaft\u201c &gt;\u00a0\u00a0<a href=\"https:\/\/www.goldstadt-autoren.de\/wp-content\/uploads\/2014\/09\/2014-06-28-PZ-GA.pdf\" target=\"_blank\" rel=\"noopener\">Artikel<\/a><br \/>\n<strong>31.05.2014<\/strong> Pforzheimer Kurier \u201eSchreiben verb\u00fcndet\u201c &gt; <a href=\"https:\/\/www.goldstadt-autoren.de\/wp-content\/uploads\/2014\/09\/2014-05-31-PF-Kurier-GA.pdf\" target=\"_blank\" rel=\"noopener\">Artikel<\/a><br \/>\n<strong>31.05.2014<\/strong> M\u00fchlacker Tagblatt \u201eSchriftsteller organisieren sich in neuem Verein\u201c &gt;\u00a0<a href=\"https:\/\/www.goldstadt-autoren.de\/wp-content\/uploads\/2014\/09\/2014-05-31-M\u00fc-Tagbl-GA.pdf\" target=\"_blank\" rel=\"noopener\">Artikel<\/a><\/p>\n<p style=\"text-align: left;\">Die Ver\u00f6ffentlichung der Artikel erfolgt mit freundlicher Genehmigung der jeweiligen Journalisten und Verfasser sowie der BADISCHEN NEUESTEN NACHRICHTEN (PFORZHEIMER KURIER), der PFORZHEIMER ZEITUNG, des M\u00dcHLACKER TAGBLATTS, des SCHWARZW\u00c4LDER BOTEN und des Verlags NUSSBAUM MEDIEN, wof\u00fcr wir uns herzlich bedanken.<\/p>\n","protected":false},"excerpt":{"rendered":"<p>Presseartikel \u00fcber unseren Verein bzw. unsere Autorinnen und Autoren bis 05\/2024 k\u00f6nnen Sie auf dieser Seite nachlesen. Presseartikel ab 2024 werden aus Gr\u00fcnden fehlender Verlagsgenehmigungen wegen ge\u00e4nderter Richtlinien nicht mehr eingestellt, d\u00fcrfen aber zur privaten Nutzung \u00fcber unsere Kontakt-Adresse angefordert werden. Ausnahmen sind durch speziell gegebene Genehmigungen m\u00f6glich. 15.07.2025 Pforzheimer Zeitung \u201eGeheimnisse im Kloster\u201c, Norbert &hellip; <a href=\"https:\/\/www.goldstadt-autoren.de\/?page_id=367\" class=\"more-link\"><span class=\"screen-reader-text\">Presse<\/span> weiterlesen <span class=\"meta-nav\">&rarr;<\/span><\/a><\/p>\n","protected":false},"author":2,"featured_media":0,"parent":0,"menu_order":50,"comment_status":"closed","ping_status":"closed","template":"","meta":{"footnotes":""},"class_list":["post-367","page","type-page","status-publish","hentry"],"_links":{"self":[{"href":"https:\/\/www.goldstadt-autoren.de\/index.php?rest_route=\/wp\/v2\/pages\/367"}],"collection":[{"href":"https:\/\/www.goldstadt-autoren.de\/index.php?rest_route=\/wp\/v2\/pages"}],"about":[{"href":"https:\/\/www.goldstadt-autoren.de\/index.php?rest_route=\/wp\/v2\/types\/page"}],"author":[{"embeddable":true,"href":"https:\/\/www.goldstadt-autoren.de\/index.php?rest_route=\/wp\/v2\/users\/2"}],"replies":[{"embeddable":true,"href":"https:\/\/www.goldstadt-autoren.de\/index.php?rest_route=%2Fwp%2Fv2%2Fcomments&post=367"}],"version-history":[{"count":123,"href":"https:\/\/www.goldstadt-autoren.de\/index.php?rest_route=\/wp\/v2\/pages\/367\/revisions"}],"predecessor-version":[{"id":4319,"href":"https:\/\/www.goldstadt-autoren.de\/index.php?rest_route=\/wp\/v2\/pages\/367\/revisions\/4319"}],"wp:attachment":[{"href":"https:\/\/www.goldstadt-autoren.de\/index.php?rest_route=%2Fwp%2Fv2%2Fmedia&parent=367"}],"curies":[{"name":"wp","href":"https:\/\/api.w.org\/{rel}","templated":true}]}}