{"id":60,"date":"2014-05-11T15:03:42","date_gmt":"2014-05-11T13:03:42","guid":{"rendered":"http:\/\/www.goldstadt-autoren.de\/?page_id=60"},"modified":"2024-09-08T16:44:26","modified_gmt":"2024-09-08T14:44:26","slug":"coaching","status":"publish","type":"page","link":"https:\/\/www.goldstadt-autoren.de\/?page_id=60","title":{"rendered":"Coaching"},"content":{"rendered":"<p>Der Verein bietet Autorencoachings bei den Literaturtreffs an. Hierf\u00fcr mitzubringen sind anregende Spontanit\u00e4t und literarische Kreativit\u00e4t sowie die Bereitschaft, eigene Texte zur Besprechung vorzutragen, wohlwollende Kritik \u00fcber sich ergehen zu lassen und auf Lehr- und \u00dcbungseinheiten einzugehen.<\/p>\n<p>Die jeweiligen Themen werden in der Regel vom Autorencoach ausgew\u00e4hlt und vorbereitet. Mitunter geschieht dies in Kooperation mit einem anderen Vereinsmitglied, das dann ggf. auch doziert.<br \/>\nW\u00fcnsche, Anregungen und Lehrreiches von Mitgliedern flechten wir gerne ins Coaching-Programm ein, sofern es sich mit unseren Themen vereinbaren l\u00e4sst.<\/p>\n<p>Der Autorencoach nimmt dar\u00fcber hinaus die Lesew\u00fcnsche der anwesenden Autorinnen und Autoren entgegen, teilt den Ablauf ein und beansprucht das Recht, Ablehnungen auszusprechen, z. B. aus zeitlichen oder inhaltlichen Gr\u00fcnden. Falls zeitliche Gr\u00fcnde gegen eine Lesung sprechen, wird diese beim folgenden Literaturtreff eingeplant.<\/p>\n<p>W\u00e4hrend eines Literaturtreffs besteht die M\u00f6glichkeit zu gegenseitigen Textkorrekturen und Inhaltsbesprechungen, was jedes Mitglied ausgiebig in Anspruch nehmen kann.<br \/>\nZeitintensive Arbeiten au\u00dferhalb des Literaturtreffs, wie z. B. das Korrektorat und Lektorat von Manuskripten und sonstigen Texten, sollten jedoch nicht als eine selbstverst\u00e4ndliche Freiwilligenarbeit angesehen werden.<\/p>\n<p>Fragen oder Anregungen k\u00f6nnen an unseren Autorencoach Uschi Gassler oder an ein anderes Vorstandsmitglied gerichtet werden.<\/p>\n","protected":false},"excerpt":{"rendered":"<p>Der Verein bietet Autorencoachings bei den Literaturtreffs an. Hierf\u00fcr mitzubringen sind anregende Spontanit\u00e4t und literarische Kreativit\u00e4t sowie die Bereitschaft, eigene Texte zur Besprechung vorzutragen, wohlwollende Kritik \u00fcber sich ergehen zu lassen und auf Lehr- und \u00dcbungseinheiten einzugehen. Die jeweiligen Themen werden in der Regel vom Autorencoach ausgew\u00e4hlt und vorbereitet. Mitunter geschieht dies in Kooperation mit &hellip; <a href=\"https:\/\/www.goldstadt-autoren.de\/?page_id=60\" class=\"more-link\"><span class=\"screen-reader-text\">Coaching<\/span> weiterlesen <span class=\"meta-nav\">&rarr;<\/span><\/a><\/p>\n","protected":false},"author":2,"featured_media":0,"parent":16,"menu_order":80,"comment_status":"closed","ping_status":"closed","template":"","meta":{"footnotes":""},"class_list":["post-60","page","type-page","status-publish","hentry"],"_links":{"self":[{"href":"https:\/\/www.goldstadt-autoren.de\/index.php?rest_route=\/wp\/v2\/pages\/60"}],"collection":[{"href":"https:\/\/www.goldstadt-autoren.de\/index.php?rest_route=\/wp\/v2\/pages"}],"about":[{"href":"https:\/\/www.goldstadt-autoren.de\/index.php?rest_route=\/wp\/v2\/types\/page"}],"author":[{"embeddable":true,"href":"https:\/\/www.goldstadt-autoren.de\/index.php?rest_route=\/wp\/v2\/users\/2"}],"replies":[{"embeddable":true,"href":"https:\/\/www.goldstadt-autoren.de\/index.php?rest_route=%2Fwp%2Fv2%2Fcomments&post=60"}],"version-history":[{"count":5,"href":"https:\/\/www.goldstadt-autoren.de\/index.php?rest_route=\/wp\/v2\/pages\/60\/revisions"}],"predecessor-version":[{"id":4102,"href":"https:\/\/www.goldstadt-autoren.de\/index.php?rest_route=\/wp\/v2\/pages\/60\/revisions\/4102"}],"up":[{"embeddable":true,"href":"https:\/\/www.goldstadt-autoren.de\/index.php?rest_route=\/wp\/v2\/pages\/16"}],"wp:attachment":[{"href":"https:\/\/www.goldstadt-autoren.de\/index.php?rest_route=%2Fwp%2Fv2%2Fmedia&parent=60"}],"curies":[{"name":"wp","href":"https:\/\/api.w.org\/{rel}","templated":true}]}}