{"id":66,"date":"2014-05-29T11:49:15","date_gmt":"2014-05-29T09:49:15","guid":{"rendered":"http:\/\/www.goldstadt-autoren.de\/?page_id=66"},"modified":"2026-03-25T16:40:28","modified_gmt":"2026-03-25T14:40:28","slug":"veranstaltungen","status":"publish","type":"page","link":"https:\/\/www.goldstadt-autoren.de\/?page_id=66","title":{"rendered":"Veranstaltungen"},"content":{"rendered":"<p style=\"text-align: left;\"><strong>Freuen Sie sich mit uns auf die folgenden Veranstaltungen:<\/strong><\/p>\n<h3>Freitag, 17.04.2026<\/h3>\n<p><strong>LITERATURMEN\u00dc \u00bbBrandneu\u00ab<br \/>\n<\/strong>Die angedachte IMPRESSA 5 kann aufgrund mangelnder Organisationsbeteiligung nicht in der urspr\u00fcnglichen Form stattfinden. Deshalb veranstaltet die Sektion Literatur des Kulturrates Pforzheim e. V. ein halbt\u00e4giges Lesungsevent. Mit dabei sind unsere drei Autoren: <strong>Norbert Weimper, Inge Sonns<\/strong> und <strong>Claudia Speer.<\/strong> Die Moderation \u00fcbernimmt Silke Karl. Und nat\u00fcrlich werden wir als institutionelles Kulturratsmitglied auch mit einem Vereinsb\u00fccherstand pr\u00e4sent sein.<br \/>\nORT: Stadtbibliothek Pforzheim, Deimlingstra\u00dfe 12, 75175 Pforzheim<br \/>\nZEIT: 16:30 \u2013 19:30 Uhr | es lesen insgesamt 8 Autoren<br \/>\nAb 20:00 Uhr liest die Gastautorin Eva Christina Zeller aus ihrem Buch \u201eMuttersuchen\u201c.<br \/>\nEINTRITT: frei<br \/>\nDas Programm im PDF-Format kann \u00fcber unsere Kontaktadresse angefordert werden.<\/p>\n<h6 style=\"text-align: left;\"><em><strong>Schauen Sie immer wieder einmal auf diese Seite.<br \/>\nUnser Veranstaltungskalender wird regelm\u00e4\u00dfig aktualisiert.<\/strong><\/em><\/h6>\n","protected":false},"excerpt":{"rendered":"<p>Freuen Sie sich mit uns auf die folgenden Veranstaltungen: Freitag, 17.04.2026 LITERATURMEN\u00dc \u00bbBrandneu\u00ab Die angedachte IMPRESSA 5 kann aufgrund mangelnder Organisationsbeteiligung nicht in der urspr\u00fcnglichen Form stattfinden. Deshalb veranstaltet die Sektion Literatur des Kulturrates Pforzheim e. V. ein halbt\u00e4giges Lesungsevent. Mit dabei sind unsere drei Autoren: Norbert Weimper, Inge Sonns und Claudia Speer. Die Moderation &hellip; <a href=\"https:\/\/www.goldstadt-autoren.de\/?page_id=66\" class=\"more-link\"><span class=\"screen-reader-text\">Veranstaltungen<\/span> weiterlesen <span class=\"meta-nav\">&rarr;<\/span><\/a><\/p>\n","protected":false},"author":2,"featured_media":0,"parent":0,"menu_order":25,"comment_status":"closed","ping_status":"closed","template":"","meta":{"footnotes":""},"class_list":["post-66","page","type-page","status-publish","hentry"],"_links":{"self":[{"href":"https:\/\/www.goldstadt-autoren.de\/index.php?rest_route=\/wp\/v2\/pages\/66"}],"collection":[{"href":"https:\/\/www.goldstadt-autoren.de\/index.php?rest_route=\/wp\/v2\/pages"}],"about":[{"href":"https:\/\/www.goldstadt-autoren.de\/index.php?rest_route=\/wp\/v2\/types\/page"}],"author":[{"embeddable":true,"href":"https:\/\/www.goldstadt-autoren.de\/index.php?rest_route=\/wp\/v2\/users\/2"}],"replies":[{"embeddable":true,"href":"https:\/\/www.goldstadt-autoren.de\/index.php?rest_route=%2Fwp%2Fv2%2Fcomments&post=66"}],"version-history":[{"count":536,"href":"https:\/\/www.goldstadt-autoren.de\/index.php?rest_route=\/wp\/v2\/pages\/66\/revisions"}],"predecessor-version":[{"id":4548,"href":"https:\/\/www.goldstadt-autoren.de\/index.php?rest_route=\/wp\/v2\/pages\/66\/revisions\/4548"}],"wp:attachment":[{"href":"https:\/\/www.goldstadt-autoren.de\/index.php?rest_route=%2Fwp%2Fv2%2Fmedia&parent=66"}],"curies":[{"name":"wp","href":"https:\/\/api.w.org\/{rel}","templated":true}]}}