{"id":888,"date":"2016-02-28T13:18:49","date_gmt":"2016-02-28T11:18:49","guid":{"rendered":"http:\/\/www.goldstadt-autoren.de\/?page_id=888"},"modified":"2026-04-18T17:15:36","modified_gmt":"2026-04-18T15:15:36","slug":"goldstadt-autoren-e-v","status":"publish","type":"page","link":"https:\/\/www.goldstadt-autoren.de\/","title":{"rendered":"Home"},"content":{"rendered":"<h2 style=\"text-align: center;\"><span style=\"color: #ffcc00;\"><strong>Willkomm<\/strong><strong>en beim Goldstadt-Autoren <\/strong><strong>e. V.<\/strong><\/span><\/h2>\n<h4 style=\"text-align: center;\"><span style=\"color: #333333;\">\u00a0<\/span><span style=\"color: #333333;\"><em><strong>Der unkonventionelle Verein f\u00fcr schreibende Erz\u00e4hler, <\/strong><\/em><\/span> <span style=\"color: #333333;\"> <em> <strong>Dichter und Denker aus Pforzheim und Umgebung.<\/strong><\/em><\/span><\/h4>\n<h5 style=\"text-align: center;\"><span style=\"color: #b00000;\"><strong><span style=\"color: #000000;\">Der n<\/span><span style=\"color: #800000;\"><span style=\"color: #000000;\">\u00e4chste LITERATURTREFF findet statt am<\/span><\/span><br \/><\/strong><\/span><strong><span style=\"color: #000000;\"><span style=\"color: #800000;\"><span style=\"color: #000000;\">Freitag, 8. Mai 2026, ab 18:00 Uhr<\/span><br \/><span style=\"color: #000000;\">im Kulturhaus Osterfeld, Raum 408,<br \/><\/span><span style=\"color: #000000;\">Osterfeldstr. 12, 75172 Pforzheim.<\/span><\/span><\/span><\/strong><\/h5>\n<h5 style=\"text-align: center;\"><span style=\"color: #000000;\"><strong>Weitere Informationen finden Sie unter<\/strong><strong><a style=\"color: #000000;\" href=\"https:\/\/www.goldstadt-autoren.de\/?page_id=20\" target=\"_blank\" rel=\"noopener\"> Verein\/Literaturtreffs.<\/a><\/strong><\/span><\/h5>\n<h5 style=\"text-align: center;\">\u00a0&gt;&gt; <span style=\"color: #000000;\">Mehr \u00fcber uns und unsere Aktivit\u00e4ten erfahren Sie<\/span><br \/><span style=\"color: #000000;\">in unseren <a style=\"color: #000000;\" href=\"https:\/\/www.goldstadt-autoren.de\/?page_id=440\" target=\"_blank\" rel=\"noopener\">CHRONIK-ARTIKELN<\/a>.<\/span><\/h5>\n<p style=\"text-align: center;\">&#8212;&#8212;&#8212;&#8212;&#8212;&#8212;&#8212;&#8212;&#8212;&#8212;&#8212;&#8212;&#8212;&#8212;&#8212;&#8212;&#8212;&#8212;&#8212;&#8212;&#8212;&#8212;&#8212;&#8212;&#8212;&#8212;&#8212;&#8212;&#8212;-<\/p>\n<p style=\"text-align: left;\"><strong><a href=\"https:\/\/www.goldstadt-autoren.de\/wp-content\/uploads\/2024\/01\/Anthologie_Cover_VBZB_GA.jpg\"><img loading=\"lazy\" decoding=\"async\" class=\"alignleft  wp-image-3774\" src=\"https:\/\/www.goldstadt-autoren.de\/wp-content\/uploads\/2024\/01\/Anthologie_Cover_VBZB_GA.jpg\" alt=\"\" width=\"88\" height=\"139\" \/><\/a>Unsere 2. Vereinsanthologie: <\/strong><span style=\"color: #ffcc00;\"><strong><a href=\"https:\/\/buchshop.bod.de\/von-bruecke-zu-bruecke-claudia-speer-9783757886714\" target=\"_blank\" rel=\"noopener\">VON BR\u00dcCKE ZU BR\u00dcCKE<\/a><br \/><\/strong><\/span><strong>Auf, unter und neben den Br\u00fccken Pforzheims. Br\u00fccken verbinden Menschen, sind Orte von Erinnerungen, dienen als Verstecke oder werden zu Tatorten.<br \/><\/strong><strong>&gt; Weitere Infos unter der Rubrik <a href=\"https:\/\/www.goldstadt-autoren.de\/?page_id=2208\">Vereinsanthologien.<\/a><\/strong><\/p>\n<p>&nbsp;<\/p>\n<h5 style=\"text-align: center;\">NEUERSCHEINUNGEN 2026:<\/h5>\n<p style=\"text-align: left;\">\u00a0 \u00a0 \u00a0 \u00a0 \u00a0 Uschi Gassler (Neuausgabe)\u00a0 \u00a0 \u00a0 \u00a0 C. Speer\/Mila Lang\u00a0 \u00a0 \u00a0 \u00a0 \u00a0 Gerd Kaucher<br \/>\u00a0 \u00a0 \u00a0 \u00a0 \u00a0 \u00a0 \u00a0 \u00a0 <a href=\"https:\/\/www.goldstadt-autoren.de\/wp-content\/uploads\/2026\/03\/Cover_UG_Ausmanoevriert_GA.jpg\"><img loading=\"lazy\" decoding=\"async\" class=\"alignnone size-full wp-image-4539\" src=\"https:\/\/www.goldstadt-autoren.de\/wp-content\/uploads\/2026\/03\/Cover_UG_Ausmanoevriert_GA.jpg\" alt=\"\" width=\"140\" height=\"200\" \/><\/a>\u00a0 \u00a0 \u00a0 \u00a0 \u00a0 \u00a0 \u00a0 \u00a0<a href=\"https:\/\/www.goldstadt-autoren.de\/wp-content\/uploads\/2026\/03\/Cover_CS_ML_Elysium_GA.jpg\"><img loading=\"lazy\" decoding=\"async\" class=\"alignnone size-full wp-image-4517\" src=\"https:\/\/www.goldstadt-autoren.de\/wp-content\/uploads\/2026\/03\/Cover_CS_ML_Elysium_GA.jpg\" alt=\"\" width=\"125\" height=\"200\" \/><\/a>\u00a0<a href=\"https:\/\/www.goldstadt-autoren.de\/wp-content\/uploads\/2026\/03\/Cover_GK_Salzweck6_GA.jpg\">\u00a0 \u00a0 \u00a0 \u00a0 <img loading=\"lazy\" decoding=\"async\" class=\"alignnone size-full wp-image-4518\" src=\"https:\/\/www.goldstadt-autoren.de\/wp-content\/uploads\/2026\/03\/Cover_GK_Salzweck6_GA.jpg\" alt=\"\" width=\"125\" height=\"200\" \/><\/a><\/p>\n<p style=\"text-align: center;\">\u00a0 \u00a0 \u00a0 \u00a0 \u00a0\u00a0Weitere Neuerscheinungen sind zu erwarten!<\/p>\n<h4 style=\"text-align: center;\">&#8212;&#8212;&#8212;&#8212;&#8212;&#8212;&#8212;&#8212;&#8212;&#8212;&#8212;&#8212;&#8212;&#8212;&#8212;&#8212;&#8212;&#8212;&#8212;&#8212;&#8212;&#8212;&#8212;&#8212;&#8212;&#8212;&#8212;&#8212;&#8211;<\/h4>\n<h4 style=\"text-align: center;\">St\u00f6bern Sie auf unseren <a href=\"https:\/\/www.goldstadt-autoren.de\/?page_id=26\" target=\"_blank\" rel=\"noopener\">Autorenseiten<\/a>!<\/h4>\n<h5 style=\"text-align: center;\">Dort gibt es eine gro\u00dfe Auswahl an B\u00fcchern, ideal auch als Geschenke.<\/h5>\n<h5 style=\"text-align: center;\">Sie m\u00f6chten unsere Autorinnen und Autoren live erleben?<br \/>Besuchen Sie ihre Lesungen.<em><br \/><\/em><\/h5>\n<h5 style=\"text-align: center;\">Sie m\u00f6chten selbst eine Lesung organisieren? Auch das ist m\u00f6glich.<br \/>Kontaktieren Sie uns bitte!<em><br \/><\/em><\/h5>\n<h4><span style=\"color: #800000;\">DIE N\u00c4CHSTEN EVENTS:<\/span><\/h4>\n<p>Momentan sind wir beim Planen neuer Events.<\/p>\n<p><span style=\"color: #000000;\"><strong>Ausf\u00fchrliche Informationen unter der Rubrik <a style=\"color: #000000;\" href=\"https:\/\/www.goldstadt-autoren.de\/?page_id=66\" target=\"_blank\" rel=\"noopener\">Veranstaltungen.<\/a><\/strong><\/span><\/p>\n<p>&nbsp;<\/p>\n<p style=\"text-align: center;\">Besuchen Sie uns auf Facebook.<\/p>\n<p style=\"text-align: center;\"><a href=\"https:\/\/www.facebook.com\/Goldstadt-Autoren-eV-1400020603617767\/?ref=ts&amp;fref=ts\" target=\"_blank\" rel=\"noopener\"><img loading=\"lazy\" decoding=\"async\" class=\"alignnone wp-image-591 \" src=\"https:\/\/www.goldstadt-autoren.de\/wp-content\/uploads\/2015\/05\/facebook-300x152.jpg\" alt=\"\" width=\"86\" height=\"44\" \/><\/a><\/p>\n\n\n<p><\/p>\n\n\n\n<p><\/p>\n","protected":false},"excerpt":{"rendered":"<p>Willkommen beim Goldstadt-Autoren e. V. \u00a0Der unkonventionelle Verein f\u00fcr schreibende Erz\u00e4hler, Dichter und Denker aus Pforzheim und Umgebung. Der n\u00e4chste LITERATURTREFF findet statt amFreitag, 8. Mai 2026, ab 18:00 Uhrim Kulturhaus Osterfeld, Raum 408,Osterfeldstr. 12, 75172 Pforzheim. Weitere Informationen finden Sie unter Verein\/Literaturtreffs. \u00a0&gt;&gt; Mehr \u00fcber uns und unsere Aktivit\u00e4ten erfahren Siein unseren CHRONIK-ARTIKELN. &#8212;&#8212;&#8212;&#8212;&#8212;&#8212;&#8212;&#8212;&#8212;&#8212;&#8212;&#8212;&#8212;&#8212;&#8212;&#8212;&#8212;&#8212;&#8212;&#8212;&#8212;&#8212;&#8212;&#8212;&#8212;&#8212;&#8212;&#8212;&#8212;- &hellip; <a href=\"https:\/\/www.goldstadt-autoren.de\/\" class=\"more-link\"><span class=\"screen-reader-text\">Home<\/span> weiterlesen <span class=\"meta-nav\">&rarr;<\/span><\/a><\/p>\n","protected":false},"author":2,"featured_media":0,"parent":16,"menu_order":1,"comment_status":"closed","ping_status":"closed","template":"","meta":{"footnotes":""},"class_list":["post-888","page","type-page","status-publish","hentry"],"_links":{"self":[{"href":"https:\/\/www.goldstadt-autoren.de\/index.php?rest_route=\/wp\/v2\/pages\/888"}],"collection":[{"href":"https:\/\/www.goldstadt-autoren.de\/index.php?rest_route=\/wp\/v2\/pages"}],"about":[{"href":"https:\/\/www.goldstadt-autoren.de\/index.php?rest_route=\/wp\/v2\/types\/page"}],"author":[{"embeddable":true,"href":"https:\/\/www.goldstadt-autoren.de\/index.php?rest_route=\/wp\/v2\/users\/2"}],"replies":[{"embeddable":true,"href":"https:\/\/www.goldstadt-autoren.de\/index.php?rest_route=%2Fwp%2Fv2%2Fcomments&post=888"}],"version-history":[{"count":672,"href":"https:\/\/www.goldstadt-autoren.de\/index.php?rest_route=\/wp\/v2\/pages\/888\/revisions"}],"predecessor-version":[{"id":4564,"href":"https:\/\/www.goldstadt-autoren.de\/index.php?rest_route=\/wp\/v2\/pages\/888\/revisions\/4564"}],"up":[{"embeddable":true,"href":"https:\/\/www.goldstadt-autoren.de\/index.php?rest_route=\/wp\/v2\/pages\/16"}],"wp:attachment":[{"href":"https:\/\/www.goldstadt-autoren.de\/index.php?rest_route=%2Fwp%2Fv2%2Fmedia&parent=888"}],"curies":[{"name":"wp","href":"https:\/\/api.w.org\/{rel}","templated":true}]}}