{"id":99,"date":"2014-05-29T20:30:31","date_gmt":"2014-05-29T18:30:31","guid":{"rendered":"http:\/\/www.goldstadt-autoren.de\/?page_id=99"},"modified":"2026-03-25T16:39:53","modified_gmt":"2026-03-25T14:39:53","slug":"uschi-gassler-4","status":"publish","type":"page","link":"https:\/\/www.goldstadt-autoren.de\/?page_id=99","title":{"rendered":"Uschi Gassler"},"content":{"rendered":"\n<div class=\"wp-block-group\"><div class=\"wp-block-group__inner-container is-layout-flow wp-block-group-is-layout-flow\">\n<p><a href=\"https:\/\/www.goldstadt-autoren.de\/wp-content\/uploads\/2015\/01\/Gassler-U_HP-GA.jpg\"><img loading=\"lazy\" decoding=\"async\" class=\"alignleft wp-image-458 size-full\" src=\"https:\/\/www.goldstadt-autoren.de\/wp-content\/uploads\/2015\/01\/Gassler-U_HP-GA.jpg\" alt=\"Gassler-U_HP-GA\" width=\"100\" height=\"150\" \/><\/a>1957 in Kronach\/Oberfranken geboren, lebt sie heute mit ihrer Familie im badischen K\u00f6nigsbach.<br \/>Seit fr\u00fchester Jugend dem Geschichtenerfinden verfallen, schreibt sie Romane und Kurzgeschichten vorwiegend im kriminellen Genre.<br \/>Sie initiierte die Gr\u00fcndung des Goldstadt-Autoren e. V. und ist in der Vorstandschaft aktiv. Als Mitglied wirkt sie auch\u00a0 in der Sektion Literatur des Pforzheimer Kulturrats e. V. mit.<br \/>Die Thriller-Reihe &#8222;DeLorca&#8220; wurde 2025 wegen Verlagsschlie\u00dfung neu aufgelegt. Das gleiche Schicksal ereilte auch ihre Psychothriller &#8222;Gier ist dicker als Blut&#8220; und &#8222;Ausman\u00f6vriert&#8220;. Mittlerweile sind auch zwei neue Romane nahezu fertiggestellt, einer ist ein Genrehybrid, der andere ein Episoden-Thriller, und freuen sich darauf, 2026 ver\u00f6ffentlicht werden zu k\u00f6nnen.<\/p>\n<h3>Ver\u00f6ffentlichungen:<\/h3>\n<p><strong>DIE DELORCA-THRILLER:<\/strong><\/p>\n<p><em><strong><a href=\"https:\/\/www.goldstadt-autoren.de\/wp-content\/uploads\/2025\/11\/Cover_UG_JD1_BDT_GA.png\"><img loading=\"lazy\" decoding=\"async\" class=\"alignleft size-full wp-image-4434\" src=\"https:\/\/www.goldstadt-autoren.de\/wp-content\/uploads\/2025\/11\/Cover_UG_JD1_BDT_GA.png\" alt=\"\" width=\"140\" height=\"200\" \/><\/a>BIOGRAFIE DES T\u00d6TENS<\/strong><\/em><br \/>DeLorca-Thriller 1 | Roman<\/p>\n<p>Neuausgabe: BoD \u2013 Books on Demand, Hamburg 2025<br \/>Erstausgabe: J. S. Klotz Verlagshaus, Neulingen 2019<br \/>ISBN 978-3-6951-9025-6<br \/>Paperback, 400 Seiten, 17,00 EUR<br \/>E-Book\/ePub: ISBN 978-3-6957-5430-4 | 9,45 EUR<\/p>\n<p><em>\u00bbUm einen Menschen zu verstehen, musst du sein Leben begreifen.\u00ab<\/em><br \/><em>Jeromey DeLorca. Spezialermittler. Halb-Oglala-Lakota. Fotografisches Ged\u00e4chtnis.<\/em><br \/><em>Hochintelligent, eiskalt, todkrank. Er beauftragt seinen Stiefbruder, den Anwalt Frank Reichardt, seine Biografie zu verfassen. Diese soll seinem Sohn als Rechtfertigung dienen und ist gespickt mit brisantem Material. Denn unter anderem haben leitende Beamte des Bundeskriminalamts mit zu verantworten, dass Jeromey zum skrupellosen Killer wurde. Doch seine Skrupellosigkeit ist n\u00f6tig, als eine Mafia-Witwe mit ihrem M\u00f6rdertrupp bei ihm auftaucht.<\/em><\/p>\n<p><em><strong><a href=\"https:\/\/www.goldstadt-autoren.de\/wp-content\/uploads\/2025\/12\/Cover_UG_JD2_DTV_GA.jpg\"><img loading=\"lazy\" decoding=\"async\" class=\"alignleft size-full wp-image-4452\" src=\"https:\/\/www.goldstadt-autoren.de\/wp-content\/uploads\/2025\/12\/Cover_UG_JD2_DTV_GA.jpg\" alt=\"\" width=\"140\" height=\"200\" \/><\/a>DEN TOD VERFEHLT<\/strong><\/em><br \/>DeLorca-Thriller 2 | Roman<\/p>\n<p>Neuausgabe: BoD \u2013 Books on Demand, Hamburg 2025<br \/>Erstausgabe: J. S. Klotz Verlagshaus, Neulingen 2021<br \/>ISBN 978-3-6951-9028-7<br \/>Paperback, 488 Seiten, 18,00 EUR<br \/>E-Book\/ePub: ISBN 978-3-6957-3963-9 | 9,99 EUR<\/p>\n<p><em>\u00bbJeder ist der Sch\u00f6pfer seines Handelns. Deine Tat ist dein Werk und nur du allein tr\u00e4gst die Verantwortung.\u00ab<\/em><br \/><em>Jeromey DeLorca. Spezialermittler mit fotografischem Ged\u00e4chtnis. Ein Undercover-Agent, der alle Gef\u00fchle unterdr\u00fcckt. Doch dadurch ist er f\u00fcr ein Privatleben untauglich. Die Erstellung seiner Biografie er\u00f6ffnet seinem Bruder erschreckende Details \u00fcber die Ausbildung. Wie viel davon hat Jeromey verdr\u00e4ngt? Zudem rief einer seiner ersten Eins\u00e4tze einen Auftragsm\u00f6rder auf den Plan. <\/em><em>Obwohl todkrank, besucht Jeromey mit Sohn und Bruder seine Verwandten in der Pine Ridge Reservation in South Dakota, denn v\u00e4terlicherseits ist er ein Oglala-Lakota. Abgelenkt durch die Ann\u00e4herung an seine indianische Herkunft bemerkt er zu sp\u00e4t, dass ihm der Killer gefolgt ist.<\/em><\/p>\n<p><em><strong><a href=\"https:\/\/www.goldstadt-autoren.de\/wp-content\/uploads\/2025\/12\/Cover_UG_JD3_ILM_GA.jpg\"><img loading=\"lazy\" decoding=\"async\" class=\"alignleft size-full wp-image-4453\" src=\"https:\/\/www.goldstadt-autoren.de\/wp-content\/uploads\/2025\/12\/Cover_UG_JD3_ILM_GA.jpg\" alt=\"\" width=\"140\" height=\"200\" \/><\/a>IN LETZTER MISSION<\/strong><\/em><br \/>DeLorca-Thriller 3 | Roman<\/p>\n<p>Neuausgabe: BoD \u2013 Books on Demand, Hamburg 2025<br \/>Erstausgabe: J. S. Klotz Verlagshaus, Neulingen 2022<br \/>ISBN 978-3-6951-9037-9<br \/>Paperback, 496 Seiten, 18,50 EUR<br \/>E-Book\/ePub: ISBN 978-3-6957-5702-2 | 9,99 EUR<\/p>\n<p><em>\u00bbBlickst du zu lange in den Abgrund, wird er dich in die Tiefe rei\u00dfen.\u00ab<\/em><br \/><em>Jeromey DeLorca k\u00fcndigt nach der \u00fcberstandenen Lebertransplantation seinen Job als Spezialermittler. Um inneren Frieden zu finden, sucht er nach Antworten bei den Menschen, die seine blutige Karriere zu verantworten haben. Derart abgelenkt, wird seine Familie zur Zielscheibe einer hinterh\u00e4ltigen Bedrohung, und Jeromey muss sich einer weiteren Auseinandersetzung auf Leben und Tod stellen. <\/em><em>Sein Stiefbruder Frank Reichardt f\u00fchrt derweil Jeromeys Biografie weiter und ficht einen Kampf gegen sein Gewissen aus. Denn bei immer erbarmungsloseren Eins\u00e4tzen \u00fcberschreitet Jeromey jegliche moralische Grenze.<\/em><\/p>\n<p>&nbsp;<\/p>\n<p><strong>DIE KARLSRUHER PSYCHOTHRILLER:<\/strong><\/p>\n<p><strong><em><a href=\"https:\/\/www.goldstadt-autoren.de\/wp-content\/uploads\/2025\/06\/Cover_UG_Gier_NEU_GA.jpg\"><img loading=\"lazy\" decoding=\"async\" class=\"alignleft size-full wp-image-4292\" src=\"https:\/\/www.goldstadt-autoren.de\/wp-content\/uploads\/2025\/06\/Cover_UG_Gier_NEU_GA.jpg\" alt=\"\" width=\"140\" height=\"200\" \/><\/a>GIER IST DICKER ALS BLUT<br \/><\/em><\/strong>Psychothriller aus Karlsruhe | Roman<\/p>\n<p>Neuausgabe: BoD \u2013 Books on Demand, Hamburg 2025<br \/>Erstausgabe: Lauinger Verlag, Karlsruhe 2015<br \/>ISBN 978-3-7693-5857-5<br \/>Paperback, 396 Seiten, 15,50 EUR<br \/>E-Book\/ePUB:\u00a0ISBN 978-3-8192-2261-0 | 9,99 EUR<br \/><em><br \/>Ein junger Million\u00e4r, ein flei\u00dfiger G\u00e4rtner und ein verscharrtes Leichentrio im Park. &#8211; Jonathan Falkner, einst unter dubiosen Umst\u00e4nden adoptiert, entpuppt sich als mathematisches Genie und gewinnt mit 18 Jahren den Lottojackpot. Nun lebt er zur\u00fcckgezogen in seiner Durlacher Hightech-Kubusvilla, bis Neid und Gier, die Frage nach der Herkunft und der Glaube daran, dass einem von Blutswegen etwas zusteht, ihm zum Verh\u00e4ngnis werden. Die Geschehnisse auf seinem Anwesen spitzen sich zu und werden ihm zur t\u00f6dlichen Bedrohung.<\/em><\/p>\n<p><strong><em><a href=\"https:\/\/www.goldstadt-autoren.de\/wp-content\/uploads\/2026\/03\/Cover_UG_Ausmanoevriert_GA.jpg\"><img loading=\"lazy\" decoding=\"async\" class=\"alignleft size-full wp-image-4539\" src=\"https:\/\/www.goldstadt-autoren.de\/wp-content\/uploads\/2026\/03\/Cover_UG_Ausmanoevriert_GA.jpg\" alt=\"\" width=\"140\" height=\"200\" \/><\/a>AUSMAN\u00d6VRIERT<br \/><\/em><\/strong>Psychothriller aus Karlsruhe | Roman<\/p>\n<p>Neuausgabe: BoD &#8211; Books on Demand, Hamburg, 2026<br \/>Erstausgabe: Ruhrkrimi-Verlag Uwe Wittenfeld, M\u00fclheim\/Ruhr 2022<br \/>ISBN 978-3-6957-3075-9 <br \/>Paperback, 296 Seiten, 15,00 EUR<br \/>in K\u00fcrze auch als E-Book | 8,99 EUR<\/p>\n<p><em>Ein Experiment, das anders als geplant verl\u00e4uft. Zwei Menschen, die in eine fatale Abh\u00e4ngigkeit geraten. Der Karlsruher Motorboothafen, der zum Tatort wird.<br \/><\/em><em>Auf einer Luxusyacht wird eine ermordete Studentin entdeckt. Der Tatverd\u00e4chtige ist rasch ermittelt: Benedict von Barneck, reich, attraktiv, umschw\u00e4rmt und Sportstudent. Er wird verhaftet und verurteilt. Ein weiterer Mord beg\u00fcnstigt ein Wiederaufnahmeverfahren, und er erh\u00e4lt seine Freiheit zur\u00fcck. Doch diese w\u00e4hrt nur kurz.<\/em><\/p>\n<p>&nbsp;<\/p>\n<p><strong>DIE GOLDSTADT-AUTOREN-ANTHOLOGIEN:<\/strong><em><br \/><span style=\"color: #ffffff;\">.<\/span><span style=\"color: #999999;\"><br \/><\/span><\/em><span style=\"color: #000000;\"><a href=\"https:\/\/www.goldstadt-autoren.de\/wp-content\/uploads\/2024\/01\/Anthologie_Cover_VBZB_GA.jpg\"><img loading=\"lazy\" decoding=\"async\" class=\"alignleft size-full wp-image-3774\" src=\"https:\/\/www.goldstadt-autoren.de\/wp-content\/uploads\/2024\/01\/Anthologie_Cover_VBZB_GA.jpg\" alt=\"\" width=\"127\" height=\"200\" \/><\/a><\/span><strong><em>Morgenstund\u2019 hat Mord im Schlund<\/em><\/strong><br \/>Kurzkrimi mit Handlungsort Altst\u00e4dter Br\u00fccke<br \/>in: VON BR\u00dcCKE ZU BR\u00dcCKE (Anthologie)<\/p>\n<p>Hrsg. Goldstadt-Autoren e. V.<br \/>BoD \u2013 Books on Demand, Norderstedt 2024<br \/>ISBN 978-3-7578-8671-4<br \/>Taschenbuch, 272 Seiten, 13,50 EUR; 8,99 EUR als E-Book<\/p>\n<p><strong><em>Auf, unter und neben den Br\u00fccken Pforzheims<br \/><\/em><\/strong><em>Br\u00fccken verbinden Menschen, sind Orte von Erinnerungen, dienen als Verstecke oder werden zu Tatorten. Die Goldstadt Pforzheim nennt mehr als f\u00fcnfzig Fluss-, Stra\u00dfen- und Bahngleis\u00fcberquerungen ihr Eigen.<br \/>Zweiundzwanzig dieser Br\u00fccken und Stege dienen als Inspiration f\u00fcr humorige bis nachdenkliche, fantastische bis lebensnahe Geschichten und Gedichte. Mit ihnen feiern die Mitglieder des Goldstadt-Autoren e.\u00a0V. das <strong>10-j\u00e4hrige Vereinsbestehen <\/strong>und ihre Verbundenheit mit der Stadt, die auch als \u201ePforte zum Schwarzwald\u201c bezeichnet wird<br \/><\/em><\/p>\n<p><strong><em><a href=\"https:\/\/www.goldstadt-autoren.de\/wp-content\/uploads\/2019\/01\/Cover_INDS_kl.jpg\"><img loading=\"lazy\" decoding=\"async\" class=\"alignleft size-full wp-image-2099\" src=\"https:\/\/www.goldstadt-autoren.de\/wp-content\/uploads\/2019\/01\/Cover_INDS_kl.jpg\" alt=\"\" width=\"127\" height=\"200\" \/><\/a>Juwelenblut<br \/><\/em><\/strong>Kurzkrimi in: IM NORDEN DES S\u00dcDENS (Anthologie)<\/p>\n<p>Hrsg. Goldstadt-Autoren e. V.<br \/>BoD \u2013 Books on Demand, Norderstedt 2019<br \/>ISBN 978-3-7481-4134-1<br \/>Taschenbuch, 192 Seiten, 8,00 EUR | auch als E-Book<\/p>\n<p><strong><em>M\u00e4rchen, Mord und mehr aus Pforzheim und Umgebung<\/em><\/strong><br \/><em>Zum f\u00fcnfj\u00e4hrigen Vereinsjubil\u00e4um setzen sich 17 Autorinnen und Autoren mit der Region auseinander, in der sie leben. In spannenden, bissigen, tiefgr\u00fcndigen oder humorvollen Geschichten und Gedichten gibt es f\u00fcr Alteingesessene und Reingeschmeckte gleicherma\u00dfen viel zu entdecken.<\/em><\/p>\n<p>&nbsp;<\/p>\n<h3>Weitere Ver\u00f6ffentlichungen:<\/h3>\n<p><strong>Eigene Sammelb\u00e4nde:<\/strong><br \/><strong><em>M\u00d6RDERISCHE MACHENSCHAFTEN,<\/em><\/strong> Kurzkrimis, Books on Demand (BoD), Norderstedt 2017, ISBN 978-3-7448-9315-2.<br \/><strong><em>ABSTRUSE AUGENBLICKE,<\/em><\/strong> Phantastische Geschichten, grotesk, kurios, surreal; Engelsdorfer Verlag, Leipzig 2017, ISBN 978-3-96008-740-3.<br \/><strong><em>ENTFESSELTE EMOTIONEN,<\/em><\/strong> Kurzgeschichten, authentisch und lebensnah; Engelsdorfer Verlag, Leipzig 2016, ISBN 978-3-96008-476-1.<\/p>\n<p><strong>Anthologiebeitr\u00e4ge:<\/strong><br \/>Kurzkrimi <strong><em>Friss. Hilf. Stirb!<\/em><\/strong> in: \u201eMordsm\u00e4rchen \u2013 Bitterb\u00f6se Krimis aus dem M\u00e4rchenland\u201c (Anthologie), Hrsg. Andreas M. Sturm, Ruhrkrimi-Verlag, M\u00fclheim\/Ruhr 2021, ISBN 978-3-947848-22-5.<br \/>Kurzkrimi <em><strong>Advent, Advent, die Gier entbrennt<\/strong><\/em> in: &#8222;Weihnachtsmorde 2&#8220; (Anthologie), Hrsg. Andreas Sturm, Verlag edition krimi, Bedey Media GmbH, Hamburg 2018, ISBN 978-3-946734-13-0.<br \/>Kurzkrimi <em><strong>Des Markgrafen Herzkapsel<\/strong><\/em> in: &#8222;MordsKarlsruhe &#8211; von Tulpenm\u00e4dchen, Richtern und anderen&#8220; (Anthologie), Hrsg. Greta Wallenhorst, Der Kleine Buch Verlag (jetzt: Lauinger Verlag), Karlsruhe 2015, ISBN 978-3-942637-53-4.<br \/>Kurzkrimi\u00a0<em><strong>Oberfrankentango<\/strong><\/em> in: &#8222;Mordsurlaub &#8211; m\u00f6rderische See(n) und eiskalte Berge&#8220; (Anthologie), Hrsg. Greta Wallenhorst, Der Kleine Buch Verlag (jetzt: Lauinger Verlag), Karlsruhe 2013, ISBN 978-3-942637-20-6.\u00a0(M\u00e4rz 2014 zu einem der drei\u00a0Erstplatzierten des Buchs gek\u00fcrt.)<br \/>Kurzkrimi <em><strong>Die Weinprobe<\/strong><\/em> in: \u201eMordsk\u00fcche \u2013 Eiskalt um die Ecke serviert\u201c (Anthologie), Hrsg. Greta Wallenhorst, Der Kleine Buch Verlag (jetzt: Lauinger Verlag), Karlsruhe 2012, ISBN 978-3-942637-15-2.<br \/>Tierhumoreske <em><strong>Mizzi schl\u00e4ft<\/strong><\/em> in: \u201eBunte Lesestunde f\u00fcr Senioren\u201c (Anthologie), Wendepunkt Verlag, Hrsg. Regina Frischholz, Weiden 2013, ISBN 978-3-942688-53-6.<br \/>Kurzkrimi <em><strong>Tod im Gew\u00e4chshaus<\/strong><\/em> auf: Verlagshomepage \u201ePforzheimer Zeitung\u201c, Pforzheim 2009.<\/p>\n<h3 style=\"text-align: left;\">Mehr Informationen:<\/h3>\n<p>E-Mail: u.gassler@textrein.de<br \/><a href=\"https:\/\/uschi-gassler.de\" target=\"_blank\" rel=\"noopener\">Internet: www.uschi-gassler.de<\/a><\/p>\n<\/div><\/div>\n","protected":false},"excerpt":{"rendered":"<p>1957 in Kronach\/Oberfranken geboren, lebt sie heute mit ihrer Familie im badischen K\u00f6nigsbach.Seit fr\u00fchester Jugend dem Geschichtenerfinden verfallen, schreibt sie Romane und Kurzgeschichten vorwiegend im kriminellen Genre.Sie initiierte die Gr\u00fcndung des Goldstadt-Autoren e. V. und ist in der Vorstandschaft aktiv. Als Mitglied wirkt sie auch\u00a0 in der Sektion Literatur des Pforzheimer Kulturrats e. V. mit.Die &hellip; <a href=\"https:\/\/www.goldstadt-autoren.de\/?page_id=99\" class=\"more-link\"><span class=\"screen-reader-text\">Uschi Gassler<\/span> weiterlesen <span class=\"meta-nav\">&rarr;<\/span><\/a><\/p>\n","protected":false},"author":2,"featured_media":0,"parent":26,"menu_order":20,"comment_status":"closed","ping_status":"closed","template":"","meta":{"footnotes":""},"class_list":["post-99","page","type-page","status-publish","hentry"],"_links":{"self":[{"href":"https:\/\/www.goldstadt-autoren.de\/index.php?rest_route=\/wp\/v2\/pages\/99"}],"collection":[{"href":"https:\/\/www.goldstadt-autoren.de\/index.php?rest_route=\/wp\/v2\/pages"}],"about":[{"href":"https:\/\/www.goldstadt-autoren.de\/index.php?rest_route=\/wp\/v2\/types\/page"}],"author":[{"embeddable":true,"href":"https:\/\/www.goldstadt-autoren.de\/index.php?rest_route=\/wp\/v2\/users\/2"}],"replies":[{"embeddable":true,"href":"https:\/\/www.goldstadt-autoren.de\/index.php?rest_route=%2Fwp%2Fv2%2Fcomments&post=99"}],"version-history":[{"count":129,"href":"https:\/\/www.goldstadt-autoren.de\/index.php?rest_route=\/wp\/v2\/pages\/99\/revisions"}],"predecessor-version":[{"id":4546,"href":"https:\/\/www.goldstadt-autoren.de\/index.php?rest_route=\/wp\/v2\/pages\/99\/revisions\/4546"}],"up":[{"embeddable":true,"href":"https:\/\/www.goldstadt-autoren.de\/index.php?rest_route=\/wp\/v2\/pages\/26"}],"wp:attachment":[{"href":"https:\/\/www.goldstadt-autoren.de\/index.php?rest_route=%2Fwp%2Fv2%2Fmedia&parent=99"}],"curies":[{"name":"wp","href":"https:\/\/api.w.org\/{rel}","templated":true}]}}